{"id":2540,"date":"2024-12-20T13:57:00","date_gmt":"2024-12-20T11:57:00","guid":{"rendered":"https:\/\/cosmoflag.com\/?post_type=product&#038;p=2540"},"modified":"2025-08-12T21:18:43","modified_gmt":"2025-08-12T19:18:43","slug":"lila-flagga","status":"publish","type":"product","link":"https:\/\/cosmoflag.com\/sv\/product\/lila-flagga\/","title":{"rendered":"Lila flagga"},"content":{"rendered":"<h3><strong>Purple Flag Funktioner<\/strong><\/h3>\n<p>V\u00e5r lila flagga \u00e4r tillverkad av premiumpolyester, vilket garanterar utm\u00e4rkt h\u00e5llbarhet f\u00f6r l\u00e5ngvarig anv\u00e4ndning inomhus och utomhus. Den har metallgenomf\u00f6ringar f\u00f6r enkel installation och s\u00e4kert grepp, \u00e4ven under utmanande v\u00e4derf\u00f6rh\u00e5llanden. Med m\u00e5tten 90 x 150 cm\/35 x 59 tum s\u00e4kerst\u00e4ller denna flagga utm\u00e4rkt synlighet f\u00f6r stolpar, v\u00e4ggar eller under evenemang och firande.<\/p>\n<h3><strong>En symbol f\u00f6r kunglighet och individualitet<\/strong><\/h3>\n<p>Den lila flaggan f\u00f6rknippas ofta med kunglighet, lyx och ambition p\u00e5 grund av dess historiska betydelse som en f\u00e4rg reserverad f\u00f6r adeln. Det kan ocks\u00e5 symbolisera kreativitet, individualitet och andlighet. Oavsett om den anv\u00e4nds i personliga evenemang, konstn\u00e4rliga utst\u00e4llningar eller dekorativa inst\u00e4llningar, l\u00e4gger den lila flaggan till en touch av unikhet och elegans.<\/p>\n<h3><strong>M\u00e5ngsidiga anv\u00e4ndningsm\u00f6jligheter<\/strong><\/h3>\n<p>Den lila flaggan \u00e4r perfekt f\u00f6r konstn\u00e4rliga evenemang, kulturella firanden, utbildningsutst\u00e4llningar eller personliga samlingar och \u00e4r en meningsfull representation av kreativitet och arv. Dess blekningsbest\u00e4ndiga f\u00e4rg och robusta design s\u00e4kerst\u00e4ller att den f\u00f6rblir livlig och effektfull \u00f6ver tid.<\/p>","protected":false},"excerpt":{"rendered":"<p>150 x 90 cm flagga med 2 kraftiga metall\u00f6glor f\u00f6r s\u00e4ker upph\u00e4ngning.<\/p>","protected":false},"featured_media":1631,"comment_status":"open","ping_status":"closed","template":"","meta":{"_gspb_post_css":"","iawp_total_views":38},"product_brand":[],"product_cat":[59],"product_tag":[],"class_list":{"0":"post-2540","1":"product","2":"type-product","3":"status-publish","4":"has-post-thumbnail","6":"product_cat-color-flags","8":"first","9":"instock","10":"sale","11":"shipping-taxable","12":"purchasable","13":"product-type-simple"},"_links":{"self":[{"href":"https:\/\/cosmoflag.com\/sv\/wp-json\/wp\/v2\/product\/2540","targetHints":{"allow":["GET"]}}],"collection":[{"href":"https:\/\/cosmoflag.com\/sv\/wp-json\/wp\/v2\/product"}],"about":[{"href":"https:\/\/cosmoflag.com\/sv\/wp-json\/wp\/v2\/types\/product"}],"replies":[{"embeddable":true,"href":"https:\/\/cosmoflag.com\/sv\/wp-json\/wp\/v2\/comments?post=2540"}],"wp:featuredmedia":[{"embeddable":true,"href":"https:\/\/cosmoflag.com\/sv\/wp-json\/wp\/v2\/media\/1631"}],"wp:attachment":[{"href":"https:\/\/cosmoflag.com\/sv\/wp-json\/wp\/v2\/media?parent=2540"}],"wp:term":[{"taxonomy":"product_brand","embeddable":true,"href":"https:\/\/cosmoflag.com\/sv\/wp-json\/wp\/v2\/product_brand?post=2540"},{"taxonomy":"product_cat","embeddable":true,"href":"https:\/\/cosmoflag.com\/sv\/wp-json\/wp\/v2\/product_cat?post=2540"},{"taxonomy":"product_tag","embeddable":true,"href":"https:\/\/cosmoflag.com\/sv\/wp-json\/wp\/v2\/product_tag?post=2540"}],"curies":[{"name":"wp","href":"https:\/\/api.w.org\/{rel}","templated":true}]}}