{"id":2538,"date":"2024-12-20T13:54:00","date_gmt":"2024-12-20T11:54:00","guid":{"rendered":"https:\/\/cosmoflag.com\/?post_type=product&#038;p=2538"},"modified":"2025-08-12T21:18:43","modified_gmt":"2025-08-12T19:18:43","slug":"rod-flagga","status":"publish","type":"product","link":"https:\/\/cosmoflag.com\/sv\/product\/rod-flagga\/","title":{"rendered":"R\u00f6d flagga"},"content":{"rendered":"<h3><strong>Funktioner med r\u00f6d flagga<\/strong><\/h3>\n<p>V\u00e5r r\u00f6da flagga \u00e4r tillverkad av premium polyester, vilket garanterar utm\u00e4rkt h\u00e5llbarhet f\u00f6r l\u00e5ngvarig anv\u00e4ndning inomhus och utomhus. Den har metallgenomf\u00f6ringar f\u00f6r enkel installation och s\u00e4kert grepp, \u00e4ven under utmanande v\u00e4derf\u00f6rh\u00e5llanden. Med m\u00e5tten 90 x 150 cm\/35 x 59 tum ger denna flagga utm\u00e4rkt synlighet f\u00f6r stolpar, v\u00e4ggar eller under evenemang och demonstrationer.<\/p>\n<h3><strong>En symbol f\u00f6r mod och varning<\/strong><\/h3>\n<p>Den r\u00f6da flaggan har en m\u00e4ngd olika historiska och moderna betydelser. Traditionellt anv\u00e4nds den som en symbol f\u00f6r revolution, trots eller protest, men den fungerar ocks\u00e5 som en signal f\u00f6r fara, varning eller f\u00f6rbud i maritima och andra milj\u00f6er. Oavsett om den representerar ett dj\u00e4rvt uttalande eller fungerar som en funktionell mark\u00f6r, har den r\u00f6da flaggan en stark visuell p\u00e5verkan och betydelse.<\/p>\n<h3><strong>M\u00e5ngsidiga anv\u00e4ndningsm\u00f6jligheter<\/strong><\/h3>\n<p>Den r\u00f6da flaggan \u00e4r perfekt f\u00f6r protester, revolution\u00e4ra h\u00e4ndelser, sportsignaler eller som en del av en samling och \u00e4r en sl\u00e5ende representation av mod, vakenhet eller en uppmaning till handling. Dess blekningsbest\u00e4ndiga f\u00e4rg och robusta design s\u00e4kerst\u00e4ller att den f\u00f6rblir livlig och effektfull \u00f6ver tid.<\/p>","protected":false},"excerpt":{"rendered":"<p>150 x 90 cm flagga med 2 kraftiga metall\u00f6glor f\u00f6r s\u00e4ker upph\u00e4ngning.<\/p>","protected":false},"featured_media":1645,"comment_status":"open","ping_status":"closed","template":"","meta":{"_gspb_post_css":"","iawp_total_views":53},"product_brand":[],"product_cat":[59],"product_tag":[],"class_list":{"0":"post-2538","1":"product","2":"type-product","3":"status-publish","4":"has-post-thumbnail","6":"product_cat-color-flags","8":"first","9":"instock","10":"sale","11":"shipping-taxable","12":"purchasable","13":"product-type-simple"},"_links":{"self":[{"href":"https:\/\/cosmoflag.com\/sv\/wp-json\/wp\/v2\/product\/2538","targetHints":{"allow":["GET"]}}],"collection":[{"href":"https:\/\/cosmoflag.com\/sv\/wp-json\/wp\/v2\/product"}],"about":[{"href":"https:\/\/cosmoflag.com\/sv\/wp-json\/wp\/v2\/types\/product"}],"replies":[{"embeddable":true,"href":"https:\/\/cosmoflag.com\/sv\/wp-json\/wp\/v2\/comments?post=2538"}],"wp:featuredmedia":[{"embeddable":true,"href":"https:\/\/cosmoflag.com\/sv\/wp-json\/wp\/v2\/media\/1645"}],"wp:attachment":[{"href":"https:\/\/cosmoflag.com\/sv\/wp-json\/wp\/v2\/media?parent=2538"}],"wp:term":[{"taxonomy":"product_brand","embeddable":true,"href":"https:\/\/cosmoflag.com\/sv\/wp-json\/wp\/v2\/product_brand?post=2538"},{"taxonomy":"product_cat","embeddable":true,"href":"https:\/\/cosmoflag.com\/sv\/wp-json\/wp\/v2\/product_cat?post=2538"},{"taxonomy":"product_tag","embeddable":true,"href":"https:\/\/cosmoflag.com\/sv\/wp-json\/wp\/v2\/product_tag?post=2538"}],"curies":[{"name":"wp","href":"https:\/\/api.w.org\/{rel}","templated":true}]}}