{"id":2537,"date":"2024-12-20T13:52:00","date_gmt":"2024-12-20T11:52:00","guid":{"rendered":"https:\/\/cosmoflag.com\/?post_type=product&#038;p=2537"},"modified":"2026-05-03T15:37:13","modified_gmt":"2026-05-03T13:37:13","slug":"vit-flagga","status":"publish","type":"product","link":"https:\/\/cosmoflag.com\/sv\/product\/vit-flagga\/","title":{"rendered":"Vit Flagga"},"content":{"rendered":"<h3><strong>Vit Flagg Funktioner<\/strong><\/h3>\n<p>V\u00e5r vita flagga \u00e4r tillverkad av premiumpolyester, vilket garanterar utm\u00e4rkt h\u00e5llbarhet f\u00f6r l\u00e5ngvarig anv\u00e4ndning inomhus och utomhus. Den har metallgenomf\u00f6ringar f\u00f6r enkel installation och s\u00e4kert grepp, \u00e4ven under utmanande v\u00e4derf\u00f6rh\u00e5llanden. Med m\u00e5tten 90 x 150 cm\/35 x 59 tum ger denna flagga utm\u00e4rkt synlighet f\u00f6r stolpar, v\u00e4ggar eller under evenemang och demonstrationer.<\/p>\n<h3><strong>En universell symbol f\u00f6r fred och \u00f6verl\u00e5telse<\/strong><\/h3>\n<p>Den vita flaggan \u00e4r erk\u00e4nd \u00f6ver hela v\u00e4rlden som en symbol f\u00f6r fred, vapenvila eller kapitulation. Historiskt sett anv\u00e4ndes den i strid f\u00f6r att signalera slutet p\u00e5 en konflikt eller en beg\u00e4ran om f\u00f6rhandlingar, och den \u00e4r en kraftfull symbol f\u00f6r icke-v\u00e5ld och \u00f6msesidig f\u00f6rst\u00e5else. Idag \u00e4r den ocks\u00e5 en representation av neutralitet eller en \u00f6nskan om harmoni i en m\u00e4ngd olika milj\u00f6er.<\/p>\n<h3><strong>M\u00e5ngsidiga anv\u00e4ndningsm\u00f6jligheter<\/strong><\/h3>\n<p>Den vita flaggan \u00e4r perfekt f\u00f6r historiska rekonstruktioner, fredsdemonstrationer, utbildningsutst\u00e4llningar eller personliga samlingar och \u00e4r en meningsfull representation av enighet och f\u00f6rst\u00e5else. Dess blekningsbest\u00e4ndiga f\u00e4rg och robusta design s\u00e4kerst\u00e4ller att den f\u00f6rblir ren och effektfull \u00f6ver tiden.<\/p>","protected":false},"excerpt":{"rendered":"<p>150 x 90 cm flagga med 2 kraftiga metall\u00f6glor f\u00f6r s\u00e4ker upph\u00e4ngning.<\/p>","protected":false},"featured_media":1768,"comment_status":"open","ping_status":"closed","template":"","meta":{"_gspb_post_css":"","iawp_total_views":106},"product_brand":[],"product_cat":[59],"product_tag":[],"class_list":{"0":"post-2537","1":"product","2":"type-product","3":"status-publish","4":"has-post-thumbnail","6":"product_cat-color-flags","8":"first","9":"instock","10":"sale","11":"shipping-taxable","12":"purchasable","13":"product-type-simple"},"_links":{"self":[{"href":"https:\/\/cosmoflag.com\/sv\/wp-json\/wp\/v2\/product\/2537","targetHints":{"allow":["GET"]}}],"collection":[{"href":"https:\/\/cosmoflag.com\/sv\/wp-json\/wp\/v2\/product"}],"about":[{"href":"https:\/\/cosmoflag.com\/sv\/wp-json\/wp\/v2\/types\/product"}],"replies":[{"embeddable":true,"href":"https:\/\/cosmoflag.com\/sv\/wp-json\/wp\/v2\/comments?post=2537"}],"wp:featuredmedia":[{"embeddable":true,"href":"https:\/\/cosmoflag.com\/sv\/wp-json\/wp\/v2\/media\/1768"}],"wp:attachment":[{"href":"https:\/\/cosmoflag.com\/sv\/wp-json\/wp\/v2\/media?parent=2537"}],"wp:term":[{"taxonomy":"product_brand","embeddable":true,"href":"https:\/\/cosmoflag.com\/sv\/wp-json\/wp\/v2\/product_brand?post=2537"},{"taxonomy":"product_cat","embeddable":true,"href":"https:\/\/cosmoflag.com\/sv\/wp-json\/wp\/v2\/product_cat?post=2537"},{"taxonomy":"product_tag","embeddable":true,"href":"https:\/\/cosmoflag.com\/sv\/wp-json\/wp\/v2\/product_tag?post=2537"}],"curies":[{"name":"wp","href":"https:\/\/api.w.org\/{rel}","templated":true}]}}