{"id":2536,"date":"2024-12-20T13:47:00","date_gmt":"2024-12-20T11:47:00","guid":{"rendered":"https:\/\/cosmoflag.com\/?post_type=product&#038;p=2536"},"modified":"2025-08-12T21:18:44","modified_gmt":"2025-08-12T19:18:44","slug":"gul-flagga","status":"publish","type":"product","link":"https:\/\/cosmoflag.com\/sv\/product\/gul-flagga\/","title":{"rendered":"Gul Flagga"},"content":{"rendered":"<h3><strong>Gul Flagg Funktioner<\/strong><\/h3>\n<p>V\u00e5r gula flagga \u00e4r tillverkad av premium polyester, vilket garanterar utm\u00e4rkt h\u00e5llbarhet f\u00f6r l\u00e5ngvarig anv\u00e4ndning b\u00e5de inomhus och utomhus. Den har metallgenomf\u00f6ringar f\u00f6r enkel installation och ett s\u00e4kert grepp, \u00e4ven under utmanande v\u00e4derf\u00f6rh\u00e5llanden. Med m\u00e5tten 90 x 150 cm\/35 x 59 tum ger denna flagga utm\u00e4rkt synlighet f\u00f6r en m\u00e4ngd olika anv\u00e4ndningsomr\u00e5den.<\/p>\n<h3><strong>En symbol f\u00f6r positivitet och kommunikation<\/strong><\/h3>\n<p>Den gula flaggan har flera betydelser beroende p\u00e5 sammanhanget. Den anv\u00e4nds ofta i sj\u00f6fartskommunikation som en signal f\u00f6r \"karant\u00e4n\" eller f\u00f6r att beteckna bokstaven \"Q\" i den internationella signalkoden. P\u00e5 land kan den symbolisera f\u00f6rsiktighet, varning eller till och med positivitet och optimism vid firande. Denna m\u00e5ngsidiga flagga \u00e4r idealisk f\u00f6r en rad olika anv\u00e4ndningsomr\u00e5den.<\/p>\n<h3><strong>M\u00e5ngsidiga anv\u00e4ndningsm\u00f6jligheter<\/strong><\/h3>\n<p>Den gula flaggan \u00e4r perfekt f\u00f6r maritim signalering, sportevenemang, firanden eller som en del av en samling och \u00e4r ett praktiskt och meningsfullt verktyg f\u00f6r kommunikation eller dekoration. Dess blekningsbest\u00e4ndiga f\u00e4rg och robusta design s\u00e4kerst\u00e4ller att den f\u00f6rblir livlig och effektfull \u00f6ver tid.<\/p>","protected":false},"excerpt":{"rendered":"<p>150 x 90 cm flagga med 2 kraftiga metall\u00f6glor f\u00f6r s\u00e4ker upph\u00e4ngning.<\/p>","protected":false},"featured_media":1775,"comment_status":"open","ping_status":"closed","template":"","meta":{"_gspb_post_css":"","iawp_total_views":8},"product_brand":[],"product_cat":[59],"product_tag":[],"class_list":{"0":"post-2536","1":"product","2":"type-product","3":"status-publish","4":"has-post-thumbnail","6":"product_cat-color-flags","8":"first","9":"instock","10":"sale","11":"shipping-taxable","12":"purchasable","13":"product-type-simple"},"_links":{"self":[{"href":"https:\/\/cosmoflag.com\/sv\/wp-json\/wp\/v2\/product\/2536","targetHints":{"allow":["GET"]}}],"collection":[{"href":"https:\/\/cosmoflag.com\/sv\/wp-json\/wp\/v2\/product"}],"about":[{"href":"https:\/\/cosmoflag.com\/sv\/wp-json\/wp\/v2\/types\/product"}],"replies":[{"embeddable":true,"href":"https:\/\/cosmoflag.com\/sv\/wp-json\/wp\/v2\/comments?post=2536"}],"wp:featuredmedia":[{"embeddable":true,"href":"https:\/\/cosmoflag.com\/sv\/wp-json\/wp\/v2\/media\/1775"}],"wp:attachment":[{"href":"https:\/\/cosmoflag.com\/sv\/wp-json\/wp\/v2\/media?parent=2536"}],"wp:term":[{"taxonomy":"product_brand","embeddable":true,"href":"https:\/\/cosmoflag.com\/sv\/wp-json\/wp\/v2\/product_brand?post=2536"},{"taxonomy":"product_cat","embeddable":true,"href":"https:\/\/cosmoflag.com\/sv\/wp-json\/wp\/v2\/product_cat?post=2536"},{"taxonomy":"product_tag","embeddable":true,"href":"https:\/\/cosmoflag.com\/sv\/wp-json\/wp\/v2\/product_tag?post=2536"}],"curies":[{"name":"wp","href":"https:\/\/api.w.org\/{rel}","templated":true}]}}