{"id":2533,"date":"2024-12-20T12:42:00","date_gmt":"2024-12-20T10:42:00","guid":{"rendered":"https:\/\/cosmoflag.com\/?post_type=product&#038;p=2533"},"modified":"2025-08-12T21:18:45","modified_gmt":"2025-08-12T19:18:45","slug":"tjeckiska-republikens-flagga","status":"publish","type":"product","link":"https:\/\/cosmoflag.com\/sv\/product\/tjeckiska-republikens-flagga\/","title":{"rendered":"Tjeckiens flagga"},"content":{"rendered":"<h3><strong>Tjeckien Flagga Funktioner<\/strong><\/h3>\n<p>V\u00e5r tjeckiska flagga \u00e4r tillverkad av premium polyester, vilket garanterar utm\u00e4rkt h\u00e5llbarhet f\u00f6r l\u00e5ngvarig anv\u00e4ndning inomhus och utomhus. Den har metall\u00f6glor f\u00f6r enkel installation och s\u00e4kert grepp, \u00e4ven under utmanande v\u00e4derf\u00f6rh\u00e5llanden. Med m\u00e5tten 90 x 150 cm\/35 x 59 tum s\u00e4kerst\u00e4ller denna flagga utm\u00e4rkt synlighet f\u00f6r stolpar, v\u00e4ggar eller under nationella firanden och evenemang.<\/p>\n<h3><strong>En symbol f\u00f6r sj\u00e4lvst\u00e4ndighet och stolthet<\/strong><\/h3>\n<p>Den tjeckiska flaggan, som officiellt antogs 1920, har tv\u00e5 horisontella r\u00e4nder av vitt och r\u00f6tt, som representerar de historiska regionerna B\u00f6hmen och M\u00e4hren, medan den bl\u00e5 triangeln p\u00e5 hissidan representerar Slovakien och enheten i det tidigare Tjeckoslovakien. Denna minimalistiska men \u00e4nd\u00e5 meningsfulla design \u00e5terspeglar Tjeckiens historia och dess motst\u00e5ndskraft som en sj\u00e4lvst\u00e4ndig nation.<\/p>\n<h3><strong>M\u00e5ngsidiga anv\u00e4ndningsm\u00f6jligheter<\/strong><\/h3>\n<p>Den tjeckiska flaggan \u00e4r perfekt f\u00f6r nationella firanden, kulturella evenemang, utbildningsutst\u00e4llningar eller personliga samlingar och \u00e4r en meningsfull representation av landets identitet och historia. Dess blekningsbest\u00e4ndiga f\u00e4rger och robusta design s\u00e4kerst\u00e4ller att den f\u00f6rblir livlig och effektfull \u00f6ver tiden.<\/p>","protected":false},"excerpt":{"rendered":"<p>150 x 90 cm flagga med 2 kraftiga metall\u00f6glor f\u00f6r s\u00e4ker upph\u00e4ngning.<\/p>","protected":false},"featured_media":1076,"comment_status":"open","ping_status":"closed","template":"","meta":{"_gspb_post_css":"","iawp_total_views":18},"product_brand":[],"product_cat":[65,58],"product_tag":[],"class_list":{"0":"post-2533","1":"product","2":"type-product","3":"status-publish","4":"has-post-thumbnail","6":"product_cat-europe-flags","7":"product_cat-country-flags","9":"first","10":"instock","11":"sale","12":"shipping-taxable","13":"purchasable","14":"product-type-simple"},"_links":{"self":[{"href":"https:\/\/cosmoflag.com\/sv\/wp-json\/wp\/v2\/product\/2533","targetHints":{"allow":["GET"]}}],"collection":[{"href":"https:\/\/cosmoflag.com\/sv\/wp-json\/wp\/v2\/product"}],"about":[{"href":"https:\/\/cosmoflag.com\/sv\/wp-json\/wp\/v2\/types\/product"}],"replies":[{"embeddable":true,"href":"https:\/\/cosmoflag.com\/sv\/wp-json\/wp\/v2\/comments?post=2533"}],"wp:featuredmedia":[{"embeddable":true,"href":"https:\/\/cosmoflag.com\/sv\/wp-json\/wp\/v2\/media\/1076"}],"wp:attachment":[{"href":"https:\/\/cosmoflag.com\/sv\/wp-json\/wp\/v2\/media?parent=2533"}],"wp:term":[{"taxonomy":"product_brand","embeddable":true,"href":"https:\/\/cosmoflag.com\/sv\/wp-json\/wp\/v2\/product_brand?post=2533"},{"taxonomy":"product_cat","embeddable":true,"href":"https:\/\/cosmoflag.com\/sv\/wp-json\/wp\/v2\/product_cat?post=2533"},{"taxonomy":"product_tag","embeddable":true,"href":"https:\/\/cosmoflag.com\/sv\/wp-json\/wp\/v2\/product_tag?post=2533"}],"curies":[{"name":"wp","href":"https:\/\/api.w.org\/{rel}","templated":true}]}}