{"id":2532,"date":"2024-12-20T12:40:00","date_gmt":"2024-12-20T10:40:00","guid":{"rendered":"https:\/\/cosmoflag.com\/?post_type=product&#038;p=2532"},"modified":"2025-08-12T21:18:45","modified_gmt":"2025-08-12T19:18:45","slug":"dominikanska-republikens-flagga","status":"publish","type":"product","link":"https:\/\/cosmoflag.com\/sv\/product\/dominikanska-republikens-flagga\/","title":{"rendered":"Dominikanska republikens flagga"},"content":{"rendered":"<h3><strong>Dominikanska republiken Flagga Funktioner<\/strong><\/h3>\n<p>V\u00e5r Dominikanska republikens flagga \u00e4r tillverkad av premium polyester, vilket garanterar utm\u00e4rkt h\u00e5llbarhet f\u00f6r l\u00e5ngvarig anv\u00e4ndning inomhus och utomhus. Den har metallgenomf\u00f6ringar f\u00f6r enkel installation och s\u00e4kert grepp, \u00e4ven under utmanande v\u00e4derf\u00f6rh\u00e5llanden. Med m\u00e5tten 90 x 150 cm\/35 x 59 tum ger denna flagga utm\u00e4rkt synlighet f\u00f6r stolpar, v\u00e4ggar eller under nationella firanden.<\/p>\n<h3><strong>En symbol f\u00f6r tro och frihet<\/strong><\/h3>\n<p>Dominikanska republikens flagga, som officiellt antogs 1844, har ett dj\u00e4rvt kors som delar flaggan i fyra rektanglar: tv\u00e5 bl\u00e5 f\u00f6r frihet, tv\u00e5 r\u00f6da f\u00f6r folkets uppoffringar och ett vitt kors som symboliserar fr\u00e4lsning. I mitten ligger det nationella vapensk\u00f6lden, som inneh\u00e5ller Bibeln och en banner som l\u00e4ser \u201cDios, Patria, Libertad\u201d (Gud, hemland, frihet), som inkapslar k\u00e4rnv\u00e4rdena f\u00f6r det dominikanska folket.<\/p>\n<h3><strong>M\u00e5ngsidiga anv\u00e4ndningsm\u00f6jligheter<\/strong><\/h3>\n<p>Dominikanska republikens flagga \u00e4r perfekt f\u00f6r nationella firanden, kulturella evenemang, utbildnings\u00e4ndam\u00e5l eller personliga samlingar och \u00e4r en meningsfull representation av nationens historia och identitet. Dess blekningsbest\u00e4ndiga f\u00e4rger och robusta design s\u00e4kerst\u00e4ller att den f\u00f6rblir livlig och effektfull \u00f6ver tiden.<\/p>","protected":false},"excerpt":{"rendered":"<p>150 x 90 cm flagga med 2 kraftiga metall\u00f6glor f\u00f6r s\u00e4ker upph\u00e4ngning.<\/p>","protected":false},"featured_media":1096,"comment_status":"open","ping_status":"closed","template":"","meta":{"_gspb_post_css":"","iawp_total_views":19},"product_brand":[],"product_cat":[62,58],"product_tag":[],"class_list":{"0":"post-2532","1":"product","2":"type-product","3":"status-publish","4":"has-post-thumbnail","6":"product_cat-north-america-flags","7":"product_cat-country-flags","9":"first","10":"instock","11":"sale","12":"shipping-taxable","13":"purchasable","14":"product-type-simple"},"_links":{"self":[{"href":"https:\/\/cosmoflag.com\/sv\/wp-json\/wp\/v2\/product\/2532","targetHints":{"allow":["GET"]}}],"collection":[{"href":"https:\/\/cosmoflag.com\/sv\/wp-json\/wp\/v2\/product"}],"about":[{"href":"https:\/\/cosmoflag.com\/sv\/wp-json\/wp\/v2\/types\/product"}],"replies":[{"embeddable":true,"href":"https:\/\/cosmoflag.com\/sv\/wp-json\/wp\/v2\/comments?post=2532"}],"wp:featuredmedia":[{"embeddable":true,"href":"https:\/\/cosmoflag.com\/sv\/wp-json\/wp\/v2\/media\/1096"}],"wp:attachment":[{"href":"https:\/\/cosmoflag.com\/sv\/wp-json\/wp\/v2\/media?parent=2532"}],"wp:term":[{"taxonomy":"product_brand","embeddable":true,"href":"https:\/\/cosmoflag.com\/sv\/wp-json\/wp\/v2\/product_brand?post=2532"},{"taxonomy":"product_cat","embeddable":true,"href":"https:\/\/cosmoflag.com\/sv\/wp-json\/wp\/v2\/product_cat?post=2532"},{"taxonomy":"product_tag","embeddable":true,"href":"https:\/\/cosmoflag.com\/sv\/wp-json\/wp\/v2\/product_tag?post=2532"}],"curies":[{"name":"wp","href":"https:\/\/api.w.org\/{rel}","templated":true}]}}