{"id":2530,"date":"2024-12-20T11:36:00","date_gmt":"2024-12-20T09:36:00","guid":{"rendered":"https:\/\/cosmoflag.com\/?post_type=product&#038;p=2530"},"modified":"2025-08-12T21:18:46","modified_gmt":"2025-08-12T19:18:46","slug":"namibias-flagga","status":"publish","type":"product","link":"https:\/\/cosmoflag.com\/sv\/product\/namibias-flagga\/","title":{"rendered":"Namibias flagga"},"content":{"rendered":"<h3><strong>Namibia Flagga Funktioner<\/strong><\/h3>\n<p>V\u00e5r Namibia-flagga \u00e4r tillverkad av premium polyester, vilket garanterar utm\u00e4rkt h\u00e5llbarhet f\u00f6r l\u00e5ngvarig anv\u00e4ndning inomhus och utomhus. Den har metallgenomf\u00f6ringar f\u00f6r enkel installation och s\u00e4kert grepp, \u00e4ven under utmanande v\u00e4derf\u00f6rh\u00e5llanden. Med m\u00e5tten 90 x 150 cm\/35 x 59 tum s\u00e4kerst\u00e4ller denna flagga utm\u00e4rkt synlighet f\u00f6r stolpar, v\u00e4ggar eller under nationella firanden.<\/p>\n<h3><strong>En symbol f\u00f6r enighet och framsteg<\/strong><\/h3>\n<p>Namibias flagga, som officiellt antogs 1990, har en diagonal r\u00f6d rand som symboliserar landets folk och deras beslutsamhet att uppn\u00e5 j\u00e4mlikhet. Den bl\u00e5 triangeln representerar himlen och Atlanten, medan den gr\u00f6na symboliserar jordbruk och naturresurser. Den gyllene solen med 12 str\u00e5lar i det \u00f6vre v\u00e4nstra h\u00f6rnet symboliserar liv och energi. Tillsammans \u00e5terspeglar dessa element Namibias str\u00e4van efter enighet, v\u00e4lst\u00e5nd och en ljus framtid.<\/p>\n<h3><strong>M\u00e5ngsidiga anv\u00e4ndningsm\u00f6jligheter<\/strong><\/h3>\n<p>Namibias flagga \u00e4r perfekt f\u00f6r nationella firanden, kulturella evenemang, utbildningsutst\u00e4llningar eller personliga samlingar och \u00e4r en meningsfull representation av landets identitet och v\u00e4rderingar. Dess blekningsbest\u00e4ndiga f\u00e4rger och robusta design s\u00e4kerst\u00e4ller att den f\u00f6rblir livlig och effektfull \u00f6ver tiden.<\/p>","protected":false},"excerpt":{"rendered":"<p>150 x 90 cm flagga med 2 kraftiga metall\u00f6glor f\u00f6r s\u00e4ker upph\u00e4ngning.<\/p>","protected":false},"featured_media":1261,"comment_status":"open","ping_status":"closed","template":"","meta":{"_gspb_post_css":"","iawp_total_views":3},"product_brand":[],"product_cat":[60,58],"product_tag":[],"class_list":{"0":"post-2530","1":"product","2":"type-product","3":"status-publish","4":"has-post-thumbnail","6":"product_cat-africa-flags","7":"product_cat-country-flags","9":"first","10":"instock","11":"sale","12":"shipping-taxable","13":"purchasable","14":"product-type-simple"},"_links":{"self":[{"href":"https:\/\/cosmoflag.com\/sv\/wp-json\/wp\/v2\/product\/2530","targetHints":{"allow":["GET"]}}],"collection":[{"href":"https:\/\/cosmoflag.com\/sv\/wp-json\/wp\/v2\/product"}],"about":[{"href":"https:\/\/cosmoflag.com\/sv\/wp-json\/wp\/v2\/types\/product"}],"replies":[{"embeddable":true,"href":"https:\/\/cosmoflag.com\/sv\/wp-json\/wp\/v2\/comments?post=2530"}],"wp:featuredmedia":[{"embeddable":true,"href":"https:\/\/cosmoflag.com\/sv\/wp-json\/wp\/v2\/media\/1261"}],"wp:attachment":[{"href":"https:\/\/cosmoflag.com\/sv\/wp-json\/wp\/v2\/media?parent=2530"}],"wp:term":[{"taxonomy":"product_brand","embeddable":true,"href":"https:\/\/cosmoflag.com\/sv\/wp-json\/wp\/v2\/product_brand?post=2530"},{"taxonomy":"product_cat","embeddable":true,"href":"https:\/\/cosmoflag.com\/sv\/wp-json\/wp\/v2\/product_cat?post=2530"},{"taxonomy":"product_tag","embeddable":true,"href":"https:\/\/cosmoflag.com\/sv\/wp-json\/wp\/v2\/product_tag?post=2530"}],"curies":[{"name":"wp","href":"https:\/\/api.w.org\/{rel}","templated":true}]}}