{"id":2529,"date":"2024-12-20T11:32:00","date_gmt":"2024-12-20T09:32:00","guid":{"rendered":"https:\/\/cosmoflag.com\/?post_type=product&#038;p=2529"},"modified":"2025-11-27T20:53:32","modified_gmt":"2025-11-27T18:53:32","slug":"skotska-kungabannern-flagga","status":"publish","type":"product","link":"https:\/\/cosmoflag.com\/sv\/product\/skotska-kungabannern-flagga\/","title":{"rendered":"Royal Banner of Scotland Flagga"},"content":{"rendered":"<h3><strong>Royal Banner of Scotland Flagga Funktioner<\/strong><\/h3>\n<p>V\u00e5r Royal Banner of Scotland-flagga \u00e4r tillverkad av premiumpolyester, vilket garanterar utm\u00e4rkt h\u00e5llbarhet f\u00f6r l\u00e5ngvarig anv\u00e4ndning inomhus och utomhus. Den har metallgenomf\u00f6ringar f\u00f6r enkel installation och s\u00e4kert grepp, \u00e4ven under utmanande v\u00e4derf\u00f6rh\u00e5llanden. Med m\u00e5tten 90 x 150 cm\/35 x 59 tum s\u00e4kerst\u00e4ller denna flagga utm\u00e4rkt synlighet f\u00f6r stolpar, v\u00e4ggar eller under historiska evenemang och reenactments.<\/p>\n<h3><strong>En symbol f\u00f6r det kungliga arvet<\/strong><\/h3>\n<p>Royal Banner of Scotland, \u00e4ven k\u00e4nd som \u201cLion Rampant\u201d, \u00e4r ett emblem f\u00f6r den skotska monarkin. Flaggan har ett dj\u00e4rvt r\u00f6tt lejon som st\u00e5r p\u00e5 sina bakben, omgiven av en dubbel r\u00f6d kant med fleurs-de-lis, allt mot en gyllene bakgrund. Flaggan var ursprungligen reserverad f\u00f6r den skotske kungen och \u00e4r nu en uppskattad symbol f\u00f6r Skottlands kungliga arv och kulturella stolthet.<\/p>\n<h3><strong>M\u00e5ngsidiga anv\u00e4ndningsm\u00f6jligheter<\/strong><\/h3>\n<p>Royal Banner of Scotland \u00e4r perfekt f\u00f6r historiska rekonstruktioner, kulturella firanden, utbildnings\u00e4ndam\u00e5l eller personliga samlingar och \u00e4r en meningsfull representation av Skottlands kungliga f\u00f6rflutna och nationella stolthet. Dess blekningsbest\u00e4ndiga f\u00e4rger och robusta design s\u00e4kerst\u00e4ller att den f\u00f6rblir livlig och effektfull \u00f6ver tid.<\/p>","protected":false},"excerpt":{"rendered":"<p>150 x 90 cm flagga med 2 kraftiga metall\u00f6glor f\u00f6r s\u00e4ker upph\u00e4ngning.<\/p>","protected":false},"featured_media":1356,"comment_status":"open","ping_status":"closed","template":"","meta":{"_gspb_post_css":"","iawp_total_views":19},"product_brand":[],"product_cat":[71,70],"product_tag":[],"class_list":{"0":"post-2529","1":"product","2":"type-product","3":"status-publish","4":"has-post-thumbnail","6":"product_cat-united-kingdom-regions-flags","7":"product_cat-regional-flags","9":"first","10":"instock","11":"sale","12":"shipping-taxable","13":"purchasable","14":"product-type-simple"},"_links":{"self":[{"href":"https:\/\/cosmoflag.com\/sv\/wp-json\/wp\/v2\/product\/2529","targetHints":{"allow":["GET"]}}],"collection":[{"href":"https:\/\/cosmoflag.com\/sv\/wp-json\/wp\/v2\/product"}],"about":[{"href":"https:\/\/cosmoflag.com\/sv\/wp-json\/wp\/v2\/types\/product"}],"replies":[{"embeddable":true,"href":"https:\/\/cosmoflag.com\/sv\/wp-json\/wp\/v2\/comments?post=2529"}],"wp:featuredmedia":[{"embeddable":true,"href":"https:\/\/cosmoflag.com\/sv\/wp-json\/wp\/v2\/media\/1356"}],"wp:attachment":[{"href":"https:\/\/cosmoflag.com\/sv\/wp-json\/wp\/v2\/media?parent=2529"}],"wp:term":[{"taxonomy":"product_brand","embeddable":true,"href":"https:\/\/cosmoflag.com\/sv\/wp-json\/wp\/v2\/product_brand?post=2529"},{"taxonomy":"product_cat","embeddable":true,"href":"https:\/\/cosmoflag.com\/sv\/wp-json\/wp\/v2\/product_cat?post=2529"},{"taxonomy":"product_tag","embeddable":true,"href":"https:\/\/cosmoflag.com\/sv\/wp-json\/wp\/v2\/product_tag?post=2529"}],"curies":[{"name":"wp","href":"https:\/\/api.w.org\/{rel}","templated":true}]}}