{"id":2527,"date":"2024-12-20T10:45:00","date_gmt":"2024-12-20T08:45:00","guid":{"rendered":"https:\/\/cosmoflag.com\/?post_type=product&#038;p=2527"},"modified":"2025-08-12T21:18:47","modified_gmt":"2025-08-12T19:18:47","slug":"siciliens-flagga","status":"publish","type":"product","link":"https:\/\/cosmoflag.com\/sv\/product\/siciliens-flagga\/","title":{"rendered":"Siciliens flagga"},"content":{"rendered":"<h3><strong>Sicilien Flagga Funktioner<\/strong><\/h3>\n<p>V\u00e5r Sicilien-flagga \u00e4r tillverkad av premium polyester, vilket garanterar utm\u00e4rkt h\u00e5llbarhet f\u00f6r l\u00e5ngvarig anv\u00e4ndning inomhus och utomhus. Den har metallgenomf\u00f6ringar f\u00f6r enkel installation och s\u00e4kert grepp, \u00e4ven under utmanande v\u00e4derf\u00f6rh\u00e5llanden. Med m\u00e5tten 90 x 150 cm\/35 x 59 tum ger denna flagga utm\u00e4rkt synlighet f\u00f6r stolpar, v\u00e4ggar eller under kulturevenemang och festivaler.<\/p>\n<h3><strong>En symbol f\u00f6r arv och identitet<\/strong><\/h3>\n<p>Siciliens flagga, som officiellt antogs \u00e5r 1282 och \u00e5terinf\u00f6rdes \u00e5r 2000, har en sl\u00e5ende design med tv\u00e5 diagonala halvor av r\u00f6tt och gult, som representerar Palermo och Corleone. I mitten finns Trinacria, en trebent figur med ett Medusahuvud omgivet av veteax, som symboliserar Siciliens triangul\u00e4ra form, jordbrukets fertilitet och forntida r\u00f6tter. Denna unika flagga \u00e4r en kraftfull representation av \u00f6ns rika kulturhistoria och identitet.<\/p>\n<h3><strong>M\u00e5ngsidiga anv\u00e4ndningsm\u00f6jligheter<\/strong><\/h3>\n<p>Siciliens flagga \u00e4r perfekt f\u00f6r kulturella fester, historiska \u00e5terskapanden, utbildningsutst\u00e4llningar eller personliga samlingar och \u00e4r en meningsfull representation av regionens arv. Dess blekningsbest\u00e4ndiga f\u00e4rger och robusta design s\u00e4kerst\u00e4ller att den f\u00f6rblir livlig och effektfull \u00f6ver tiden.<\/p>","protected":false},"excerpt":{"rendered":"<p>150 x 90 cm flagga med 2 kraftiga metall\u00f6glor f\u00f6r s\u00e4ker upph\u00e4ngning.<\/p>","protected":false},"featured_media":1388,"comment_status":"open","ping_status":"closed","template":"","meta":{"_gspb_post_css":"","iawp_total_views":12},"product_brand":[],"product_cat":[70],"product_tag":[],"class_list":{"0":"post-2527","1":"product","2":"type-product","3":"status-publish","4":"has-post-thumbnail","6":"product_cat-regional-flags","8":"first","9":"instock","10":"sale","11":"shipping-taxable","12":"purchasable","13":"product-type-simple"},"_links":{"self":[{"href":"https:\/\/cosmoflag.com\/sv\/wp-json\/wp\/v2\/product\/2527","targetHints":{"allow":["GET"]}}],"collection":[{"href":"https:\/\/cosmoflag.com\/sv\/wp-json\/wp\/v2\/product"}],"about":[{"href":"https:\/\/cosmoflag.com\/sv\/wp-json\/wp\/v2\/types\/product"}],"replies":[{"embeddable":true,"href":"https:\/\/cosmoflag.com\/sv\/wp-json\/wp\/v2\/comments?post=2527"}],"wp:featuredmedia":[{"embeddable":true,"href":"https:\/\/cosmoflag.com\/sv\/wp-json\/wp\/v2\/media\/1388"}],"wp:attachment":[{"href":"https:\/\/cosmoflag.com\/sv\/wp-json\/wp\/v2\/media?parent=2527"}],"wp:term":[{"taxonomy":"product_brand","embeddable":true,"href":"https:\/\/cosmoflag.com\/sv\/wp-json\/wp\/v2\/product_brand?post=2527"},{"taxonomy":"product_cat","embeddable":true,"href":"https:\/\/cosmoflag.com\/sv\/wp-json\/wp\/v2\/product_cat?post=2527"},{"taxonomy":"product_tag","embeddable":true,"href":"https:\/\/cosmoflag.com\/sv\/wp-json\/wp\/v2\/product_tag?post=2527"}],"curies":[{"name":"wp","href":"https:\/\/api.w.org\/{rel}","templated":true}]}}