{"id":2523,"date":"2024-12-19T23:01:00","date_gmt":"2024-12-19T21:01:00","guid":{"rendered":"https:\/\/cosmoflag.com\/?post_type=product&#038;p=2523"},"modified":"2025-08-12T21:18:48","modified_gmt":"2025-08-12T19:18:48","slug":"berberflagga","status":"publish","type":"product","link":"https:\/\/cosmoflag.com\/sv\/product\/berberflagga\/","title":{"rendered":"Berbernas flagga"},"content":{"rendered":"<h3><strong>Berber Flagga Funktioner<\/strong><\/h3>\n<p>V\u00e5r Berber (Amazigh) flagga \u00e4r tillverkad av premium polyester, vilket garanterar h\u00e5llbarhet f\u00f6r l\u00e5ngvarig anv\u00e4ndning inomhus och utomhus. Den har metallgenomf\u00f6ringar f\u00f6r enkel installation och s\u00e4kert grepp, \u00e4ven under utmanande v\u00e4derf\u00f6rh\u00e5llanden. Med m\u00e5tten 90 x 150 cm\/35 x 59 tum s\u00e4kerst\u00e4ller denna flagga utm\u00e4rkt synlighet f\u00f6r stolpar, v\u00e4ggar eller under kulturella evenemang och sammankomster.<\/p>\n<h3><strong>En symbol f\u00f6r identitet och frihet<\/strong><\/h3>\n<p>Berberflaggan, \u00e4ven k\u00e4nd som Amazigh-flaggan, representerar enheten och den kulturella stoltheten hos berberfolket i hela Nordafrika. Dess tre horisontella r\u00e4nder i bl\u00e5tt, gr\u00f6nt och gult symboliserar Medelhavet, Amazigh-landet respektive Sahara\u00f6knen. Den dj\u00e4rva r\u00f6da \u201cYaz\u201d -symbolen i mitten, skriven i Tifinagh-skriptet, st\u00e5r f\u00f6r frihet och den best\u00e5ende andan hos Amazigh-folket.<\/p>\n<h3><strong>M\u00e5ngsidiga anv\u00e4ndningsm\u00f6jligheter<\/strong><\/h3>\n<p>Berberflaggan \u00e4r perfekt f\u00f6r kulturella evenemang, utbildningsutst\u00e4llningar, samh\u00e4llssamlingar eller personliga samlingar och \u00e4r en meningsfull representation av Amazigh-arvet och identiteten. Dess blekningsbest\u00e4ndiga f\u00e4rger och robusta design s\u00e4kerst\u00e4ller att den f\u00f6rblir livlig och effektfull \u00f6ver tiden.<\/p>","protected":false},"excerpt":{"rendered":"<p>150 x 90 cm flagga med 2 kraftiga metall\u00f6glor f\u00f6r s\u00e4ker upph\u00e4ngning.<\/p>","protected":false},"featured_media":1491,"comment_status":"open","ping_status":"closed","template":"","meta":{"_gspb_post_css":"","iawp_total_views":47},"product_brand":[],"product_cat":[69],"product_tag":[],"class_list":{"0":"post-2523","1":"product","2":"type-product","3":"status-publish","4":"has-post-thumbnail","6":"product_cat-historical-flags","8":"first","9":"instock","10":"sale","11":"shipping-taxable","12":"purchasable","13":"product-type-simple"},"_links":{"self":[{"href":"https:\/\/cosmoflag.com\/sv\/wp-json\/wp\/v2\/product\/2523","targetHints":{"allow":["GET"]}}],"collection":[{"href":"https:\/\/cosmoflag.com\/sv\/wp-json\/wp\/v2\/product"}],"about":[{"href":"https:\/\/cosmoflag.com\/sv\/wp-json\/wp\/v2\/types\/product"}],"replies":[{"embeddable":true,"href":"https:\/\/cosmoflag.com\/sv\/wp-json\/wp\/v2\/comments?post=2523"}],"wp:featuredmedia":[{"embeddable":true,"href":"https:\/\/cosmoflag.com\/sv\/wp-json\/wp\/v2\/media\/1491"}],"wp:attachment":[{"href":"https:\/\/cosmoflag.com\/sv\/wp-json\/wp\/v2\/media?parent=2523"}],"wp:term":[{"taxonomy":"product_brand","embeddable":true,"href":"https:\/\/cosmoflag.com\/sv\/wp-json\/wp\/v2\/product_brand?post=2523"},{"taxonomy":"product_cat","embeddable":true,"href":"https:\/\/cosmoflag.com\/sv\/wp-json\/wp\/v2\/product_cat?post=2523"},{"taxonomy":"product_tag","embeddable":true,"href":"https:\/\/cosmoflag.com\/sv\/wp-json\/wp\/v2\/product_tag?post=2523"}],"curies":[{"name":"wp","href":"https:\/\/api.w.org\/{rel}","templated":true}]}}