{"id":2522,"date":"2024-12-19T22:31:00","date_gmt":"2024-12-19T20:31:00","guid":{"rendered":"https:\/\/cosmoflag.com\/?post_type=product&#038;p=2522"},"modified":"2025-08-12T21:18:49","modified_gmt":"2025-08-12T19:18:49","slug":"chicagos-stadsflagga","status":"publish","type":"product","link":"https:\/\/cosmoflag.com\/sv\/product\/chicagos-stadsflagga\/","title":{"rendered":"Chicago stadsflagga"},"content":{"rendered":"<h3><strong>Chicago City Flagga Funktioner<\/strong><\/h3>\n<p>V\u00e5r Chicago City-flagga \u00e4r tillverkad av premiumpolyester, vilket garanterar utm\u00e4rkt h\u00e5llbarhet f\u00f6r l\u00e5ngvarig anv\u00e4ndning inomhus och utomhus. Den har metallgenomf\u00f6ringar f\u00f6r enkel installation och s\u00e4kert grepp, \u00e4ven under utmanande v\u00e4derf\u00f6rh\u00e5llanden. Med m\u00e5tten 90 x 150 cm\/35 x 59 tum s\u00e4kerst\u00e4ller denna flagga utm\u00e4rkt synlighet f\u00f6r stolpar, v\u00e4ggar eller under stadsevenemang och firande.<\/p>\n<h3><strong>En symbol f\u00f6r Chicagos arv<\/strong><\/h3>\n<p>Chicagos flagga, som antogs 1917, har tv\u00e5 horisontella bl\u00e5 r\u00e4nder p\u00e5 ett vitt f\u00e4lt, som representerar Lake Michigan och Chicago River. Mellan r\u00e4nderna ligger fyra r\u00f6da stj\u00e4rnor, som symboliserar viktiga h\u00e4ndelser i stadens historia: Fort Dearborn, den stora Chicagobranden, World's Columbian Exposition och Century of Progress Exposition. Denna tidl\u00f6sa design \u00e5terspeglar Chicagos motst\u00e5ndskraft, framsteg och kulturella stolthet.<\/p>\n<h3><strong>M\u00e5ngsidiga anv\u00e4ndningsm\u00f6jligheter<\/strong><\/h3>\n<p>Chicago-flaggan \u00e4r perfekt f\u00f6r stadsfester, kulturevenemang, utbildnings\u00e4ndam\u00e5l eller som en del av en personlig samling och \u00e4r en meningsfull representation av stadens arv och identitet. Dess blekningsbest\u00e4ndiga f\u00e4rger och robusta design s\u00e4kerst\u00e4ller att den f\u00f6rblir livlig och effektfull \u00f6ver tiden.<\/p>","protected":false},"excerpt":{"rendered":"<p>150 x 90 cm flagga med 2 kraftiga metall\u00f6glor f\u00f6r s\u00e4ker upph\u00e4ngning.<\/p>","protected":false},"featured_media":1530,"comment_status":"open","ping_status":"closed","template":"","meta":{"_gspb_post_css":"","iawp_total_views":0},"product_brand":[],"product_cat":[72,70],"product_tag":[],"class_list":{"0":"post-2522","1":"product","2":"type-product","3":"status-publish","4":"has-post-thumbnail","6":"product_cat-american-state-flags","7":"product_cat-regional-flags","9":"first","10":"instock","11":"sale","12":"shipping-taxable","13":"purchasable","14":"product-type-simple"},"_links":{"self":[{"href":"https:\/\/cosmoflag.com\/sv\/wp-json\/wp\/v2\/product\/2522","targetHints":{"allow":["GET"]}}],"collection":[{"href":"https:\/\/cosmoflag.com\/sv\/wp-json\/wp\/v2\/product"}],"about":[{"href":"https:\/\/cosmoflag.com\/sv\/wp-json\/wp\/v2\/types\/product"}],"replies":[{"embeddable":true,"href":"https:\/\/cosmoflag.com\/sv\/wp-json\/wp\/v2\/comments?post=2522"}],"wp:featuredmedia":[{"embeddable":true,"href":"https:\/\/cosmoflag.com\/sv\/wp-json\/wp\/v2\/media\/1530"}],"wp:attachment":[{"href":"https:\/\/cosmoflag.com\/sv\/wp-json\/wp\/v2\/media?parent=2522"}],"wp:term":[{"taxonomy":"product_brand","embeddable":true,"href":"https:\/\/cosmoflag.com\/sv\/wp-json\/wp\/v2\/product_brand?post=2522"},{"taxonomy":"product_cat","embeddable":true,"href":"https:\/\/cosmoflag.com\/sv\/wp-json\/wp\/v2\/product_cat?post=2522"},{"taxonomy":"product_tag","embeddable":true,"href":"https:\/\/cosmoflag.com\/sv\/wp-json\/wp\/v2\/product_tag?post=2522"}],"curies":[{"name":"wp","href":"https:\/\/api.w.org\/{rel}","templated":true}]}}