{"id":2521,"date":"2024-12-19T22:25:00","date_gmt":"2024-12-19T20:25:00","guid":{"rendered":"https:\/\/cosmoflag.com\/?post_type=product&#038;p=2521"},"modified":"2025-08-12T21:20:25","modified_gmt":"2025-08-12T19:20:25","slug":"komorernas-flagga","status":"publish","type":"product","link":"https:\/\/cosmoflag.com\/sv\/product\/komorernas-flagga\/","title":{"rendered":"Komorernas flagga"},"content":{"rendered":"<h3><strong>Komorernas Flagga Funktioner<\/strong><\/h3>\n<p>V\u00e5r Comoros-flagga \u00e4r tillverkad av premium polyester, vilket garanterar utm\u00e4rkt h\u00e5llbarhet f\u00f6r l\u00e5ngvarig anv\u00e4ndning inomhus och utomhus. Den har metall\u00f6glor f\u00f6r enkel installation och s\u00e4kert grepp, \u00e4ven under utmanande v\u00e4derf\u00f6rh\u00e5llanden. Med m\u00e5tten 90 x 150 cm\/35 x 59 tum s\u00e4kerst\u00e4ller denna flagga utm\u00e4rkt synlighet f\u00f6r stolpar, v\u00e4ggar eller under kulturella evenemang och firande.<\/p>\n<h3><strong>En symbol f\u00f6r enighet och kulturell m\u00e5ngfald<\/strong><\/h3>\n<p>Komorernas flagga, som officiellt antogs 2002, har fyra horisontella r\u00e4nder i gult, vitt, r\u00f6tt och bl\u00e5tt, som representerar de fyra huvud\u00f6arna i Comoros sk\u00e4rg\u00e5rd: Moh\u00e9li, Mayotte, Anjouan och Grande Comore. En gr\u00f6n triangel p\u00e5 hissidan inneh\u00e5ller en vit halvm\u00e5ne och fyra stj\u00e4rnor, som symboliserar islam och enighet mellan \u00f6arna. Denna livfulla design \u00e5terspeglar Komorernas rika historia och kulturella m\u00e5ngfald.<\/p>\n<h3><strong>M\u00e5ngsidiga anv\u00e4ndningsm\u00f6jligheter<\/strong><\/h3>\n<p>Komorernas flagga \u00e4r perfekt f\u00f6r nationella firanden, kulturella evenemang, utbildningsutst\u00e4llningar eller personliga samlingar och \u00e4r en meningsfull representation av landets identitet och v\u00e4rderingar. Dess blekningsbest\u00e4ndiga f\u00e4rger och robusta design s\u00e4kerst\u00e4ller att den f\u00f6rblir livlig och effektfull \u00f6ver tiden.<\/p>","protected":false},"excerpt":{"rendered":"<p>150 x 90 cm flagga med 2 kraftiga metall\u00f6glor f\u00f6r s\u00e4ker upph\u00e4ngning.<\/p>","protected":false},"featured_media":1532,"comment_status":"open","ping_status":"closed","template":"","meta":{"_gspb_post_css":"","iawp_total_views":17},"product_brand":[],"product_cat":[60,58],"product_tag":[],"class_list":{"0":"post-2521","1":"product","2":"type-product","3":"status-publish","4":"has-post-thumbnail","6":"product_cat-africa-flags","7":"product_cat-country-flags","9":"first","10":"instock","11":"sale","12":"shipping-taxable","13":"purchasable","14":"product-type-simple"},"_links":{"self":[{"href":"https:\/\/cosmoflag.com\/sv\/wp-json\/wp\/v2\/product\/2521","targetHints":{"allow":["GET"]}}],"collection":[{"href":"https:\/\/cosmoflag.com\/sv\/wp-json\/wp\/v2\/product"}],"about":[{"href":"https:\/\/cosmoflag.com\/sv\/wp-json\/wp\/v2\/types\/product"}],"replies":[{"embeddable":true,"href":"https:\/\/cosmoflag.com\/sv\/wp-json\/wp\/v2\/comments?post=2521"}],"wp:featuredmedia":[{"embeddable":true,"href":"https:\/\/cosmoflag.com\/sv\/wp-json\/wp\/v2\/media\/1532"}],"wp:attachment":[{"href":"https:\/\/cosmoflag.com\/sv\/wp-json\/wp\/v2\/media?parent=2521"}],"wp:term":[{"taxonomy":"product_brand","embeddable":true,"href":"https:\/\/cosmoflag.com\/sv\/wp-json\/wp\/v2\/product_brand?post=2521"},{"taxonomy":"product_cat","embeddable":true,"href":"https:\/\/cosmoflag.com\/sv\/wp-json\/wp\/v2\/product_cat?post=2521"},{"taxonomy":"product_tag","embeddable":true,"href":"https:\/\/cosmoflag.com\/sv\/wp-json\/wp\/v2\/product_tag?post=2521"}],"curies":[{"name":"wp","href":"https:\/\/api.w.org\/{rel}","templated":true}]}}