{"id":2520,"date":"2024-12-19T22:21:00","date_gmt":"2024-12-19T20:21:00","guid":{"rendered":"https:\/\/cosmoflag.com\/?post_type=product&#038;p=2520"},"modified":"2025-08-12T21:20:26","modified_gmt":"2025-08-12T19:20:26","slug":"costa-rica-flagga","status":"publish","type":"product","link":"https:\/\/cosmoflag.com\/sv\/product\/costa-rica-flagga\/","title":{"rendered":"Costa Rica Flagga"},"content":{"rendered":"<h3><strong>Costa Rica Flagga Funktioner<\/strong><\/h3>\n<p>V\u00e5r Costa Rica-flagga \u00e4r tillverkad av premium polyester, vilket garanterar utm\u00e4rkt h\u00e5llbarhet f\u00f6r l\u00e5ngvarig anv\u00e4ndning inomhus och utomhus. Den har metallgenomf\u00f6ringar f\u00f6r enkel installation och s\u00e4kert grepp, \u00e4ven under utmanande v\u00e4derf\u00f6rh\u00e5llanden. Med m\u00e5tten 90 x 150 cm\/35 x 59 tum s\u00e4kerst\u00e4ller denna flagga utm\u00e4rkt synlighet f\u00f6r stolpar, v\u00e4ggar eller under nationella evenemang och firande.<\/p>\n<h3><strong>En symbol f\u00f6r fred och demokrati<\/strong><\/h3>\n<p>Costa Ricas flagga, som officiellt antogs 1848, best\u00e5r av fem horisontella r\u00e4nder: bl\u00e5, vit och r\u00f6d. De bl\u00e5 r\u00e4nderna representerar himlen, m\u00f6jligheterna och uth\u00e5lligheten, medan de vita r\u00e4nderna symboliserar fred, visdom och lycka. Den dj\u00e4rva r\u00f6da randen i mitten \u00e5terspeglar blodsutgjutelsen f\u00f6r frihet och landets v\u00e4rme och generositet. Varianten med riksvapnet visar landets geografiska och kulturella s\u00e4rdrag, inklusive vulkaner, hav och den stigande solen.<\/p>\n<h3><strong>M\u00e5ngsidiga anv\u00e4ndningsm\u00f6jligheter<\/strong><\/h3>\n<p>Costa Rica-flaggan \u00e4r perfekt f\u00f6r nationella firanden, kulturella evenemang, utbildningsutst\u00e4llningar eller personliga samlingar och \u00e4r en meningsfull representation av nationens v\u00e4rderingar och identitet. Dess blekningsbest\u00e4ndiga f\u00e4rger och robusta design s\u00e4kerst\u00e4ller att den f\u00f6rblir livlig och effektfull \u00f6ver tiden.<\/p>","protected":false},"excerpt":{"rendered":"<p>150 x 90 cm flagga med 2 kraftiga metall\u00f6glor f\u00f6r s\u00e4ker upph\u00e4ngning.<\/p>","protected":false},"featured_media":1536,"comment_status":"open","ping_status":"closed","template":"","meta":{"_gspb_post_css":"","iawp_total_views":7},"product_brand":[],"product_cat":[61,58],"product_tag":[],"class_list":{"0":"post-2520","1":"product","2":"type-product","3":"status-publish","4":"has-post-thumbnail","6":"product_cat-central-america-flags","7":"product_cat-country-flags","9":"first","10":"instock","11":"sale","12":"shipping-taxable","13":"purchasable","14":"product-type-simple"},"_links":{"self":[{"href":"https:\/\/cosmoflag.com\/sv\/wp-json\/wp\/v2\/product\/2520","targetHints":{"allow":["GET"]}}],"collection":[{"href":"https:\/\/cosmoflag.com\/sv\/wp-json\/wp\/v2\/product"}],"about":[{"href":"https:\/\/cosmoflag.com\/sv\/wp-json\/wp\/v2\/types\/product"}],"replies":[{"embeddable":true,"href":"https:\/\/cosmoflag.com\/sv\/wp-json\/wp\/v2\/comments?post=2520"}],"wp:featuredmedia":[{"embeddable":true,"href":"https:\/\/cosmoflag.com\/sv\/wp-json\/wp\/v2\/media\/1536"}],"wp:attachment":[{"href":"https:\/\/cosmoflag.com\/sv\/wp-json\/wp\/v2\/media?parent=2520"}],"wp:term":[{"taxonomy":"product_brand","embeddable":true,"href":"https:\/\/cosmoflag.com\/sv\/wp-json\/wp\/v2\/product_brand?post=2520"},{"taxonomy":"product_cat","embeddable":true,"href":"https:\/\/cosmoflag.com\/sv\/wp-json\/wp\/v2\/product_cat?post=2520"},{"taxonomy":"product_tag","embeddable":true,"href":"https:\/\/cosmoflag.com\/sv\/wp-json\/wp\/v2\/product_tag?post=2520"}],"curies":[{"name":"wp","href":"https:\/\/api.w.org\/{rel}","templated":true}]}}