{"id":2519,"date":"2024-12-19T22:03:00","date_gmt":"2024-12-19T20:03:00","guid":{"rendered":"https:\/\/cosmoflag.com\/?post_type=product&#038;p=2519"},"modified":"2025-08-12T21:20:26","modified_gmt":"2025-08-12T19:20:26","slug":"kroatiens-flagga","status":"publish","type":"product","link":"https:\/\/cosmoflag.com\/sv\/product\/kroatiens-flagga\/","title":{"rendered":"Kroatiens flagga"},"content":{"rendered":"<p><strong>Kroatien Flagga Funktioner<\/strong><\/p>\n<p>V\u00e5r Kroatien-flagga \u00e4r tillverkad av premium polyester, vilket garanterar utm\u00e4rkt h\u00e5llbarhet f\u00f6r l\u00e5ngvarig anv\u00e4ndning inomhus och utomhus. Den har metall\u00f6glor f\u00f6r enkel installation och s\u00e4kert grepp, \u00e4ven under utmanande v\u00e4derf\u00f6rh\u00e5llanden. Med m\u00e5tten 90 x 150 cm\/35 x 59 tum s\u00e4kerst\u00e4ller denna flagga utm\u00e4rkt synlighet f\u00f6r stolpar, v\u00e4ggar eller under nationella evenemang och firande.<\/p>\n<p><strong>En symbol f\u00f6r enighet och arv<\/strong><\/p>\n<p>Kroatiens flagga, som officiellt antogs 1990, best\u00e5r av tre horisontella r\u00e4nder i r\u00f6tt, vitt och bl\u00e5tt, som representerar Kroatiens historia och folkets enighet. I mitten ligger vapensk\u00f6lden, med ett rutm\u00f6nster (r\u00f6tt och vitt) som symboliserar nationens arv. Ovanf\u00f6r sk\u00f6lden finns fem mindre kronor som representerar Kroatiens historiska regioner: Zagreb, Dubrovnik, Dalmatien, Istrien och Slavonien. Denna flagga \u00e5terspeglar landets rika kulturhistoria och nationella stolthet.<\/p>\n<p><strong>M\u00e5ngsidiga anv\u00e4ndningsm\u00f6jligheter<\/strong><\/p>\n<p>Kroatiens flagga \u00e4r perfekt f\u00f6r nationella firanden, kulturevenemang, utbildningsutst\u00e4llningar eller personliga samlingar och \u00e4r en meningsfull representation av nationens historia och identitet. Dess blekningsbest\u00e4ndiga f\u00e4rger och robusta design s\u00e4kerst\u00e4ller att den f\u00f6rblir livlig och effektfull \u00f6ver tiden.<\/p>","protected":false},"excerpt":{"rendered":"<p>150 x 90 cm flagga med 2 kraftiga metall\u00f6glor f\u00f6r s\u00e4ker upph\u00e4ngning.<\/p>","protected":false},"featured_media":1543,"comment_status":"open","ping_status":"closed","template":"","meta":{"_gspb_post_css":"","iawp_total_views":7},"product_brand":[],"product_cat":[65,58],"product_tag":[],"class_list":{"0":"post-2519","1":"product","2":"type-product","3":"status-publish","4":"has-post-thumbnail","6":"product_cat-europe-flags","7":"product_cat-country-flags","9":"first","10":"instock","11":"sale","12":"shipping-taxable","13":"purchasable","14":"product-type-simple"},"_links":{"self":[{"href":"https:\/\/cosmoflag.com\/sv\/wp-json\/wp\/v2\/product\/2519","targetHints":{"allow":["GET"]}}],"collection":[{"href":"https:\/\/cosmoflag.com\/sv\/wp-json\/wp\/v2\/product"}],"about":[{"href":"https:\/\/cosmoflag.com\/sv\/wp-json\/wp\/v2\/types\/product"}],"replies":[{"embeddable":true,"href":"https:\/\/cosmoflag.com\/sv\/wp-json\/wp\/v2\/comments?post=2519"}],"wp:featuredmedia":[{"embeddable":true,"href":"https:\/\/cosmoflag.com\/sv\/wp-json\/wp\/v2\/media\/1543"}],"wp:attachment":[{"href":"https:\/\/cosmoflag.com\/sv\/wp-json\/wp\/v2\/media?parent=2519"}],"wp:term":[{"taxonomy":"product_brand","embeddable":true,"href":"https:\/\/cosmoflag.com\/sv\/wp-json\/wp\/v2\/product_brand?post=2519"},{"taxonomy":"product_cat","embeddable":true,"href":"https:\/\/cosmoflag.com\/sv\/wp-json\/wp\/v2\/product_cat?post=2519"},{"taxonomy":"product_tag","embeddable":true,"href":"https:\/\/cosmoflag.com\/sv\/wp-json\/wp\/v2\/product_tag?post=2519"}],"curies":[{"name":"wp","href":"https:\/\/api.w.org\/{rel}","templated":true}]}}