{"id":2517,"date":"2024-12-19T21:54:00","date_gmt":"2024-12-19T19:54:00","guid":{"rendered":"https:\/\/cosmoflag.com\/?post_type=product&#038;p=2517"},"modified":"2026-02-17T15:27:05","modified_gmt":"2026-02-17T13:27:05","slug":"europeiska-unionens-flagga","status":"publish","type":"product","link":"https:\/\/cosmoflag.com\/sv\/product\/europeiska-unionens-flagga\/","title":{"rendered":"Europeiska unionens flagga"},"content":{"rendered":"<h3><strong>Europeiska unionens flagga Funktioner<\/strong><\/h3>\n<p>V\u00e5r flagga f\u00f6r Europeiska unionen \u00e4r tillverkad av premiumpolyester, vilket ger utm\u00e4rkt h\u00e5llbarhet f\u00f6r l\u00e5ngvarig anv\u00e4ndning b\u00e5de inomhus och utomhus. Den har metallgenomf\u00f6ringar f\u00f6r enkel installation och s\u00e4kert grepp, \u00e4ven under utmanande v\u00e4derf\u00f6rh\u00e5llanden. Med m\u00e5tten 90 x 150 cm\/35 x 59 tum s\u00e4kerst\u00e4ller denna flagga utm\u00e4rkt synlighet f\u00f6r stolpar, v\u00e4ggar eller under officiella och kulturella evenemang.<\/p>\n<h3><strong>En symbol f\u00f6r enighet och samarbete<\/strong><\/h3>\n<p>Europeiska unionens flagga, som antogs 1986, har ett djupbl\u00e5tt f\u00e4lt som symboliserar de europeiska folkens enhet och harmoni. I mitten av f\u00e4ltet finns tolv gyllene stj\u00e4rnor i en cirkel som representerar solidaritet, perfektion och fullst\u00e4ndighet, vilket \u00e5terspeglar EU:s grundprinciper. Flaggan \u00e4r en best\u00e5ende symbol f\u00f6r samarbete, demokrati och gemensamma v\u00e4rderingar i alla medlemsl\u00e4nder.<\/p>\n<h3><strong>M\u00e5ngsidiga anv\u00e4ndningsm\u00f6jligheter<\/strong><\/h3>\n<p>EU-flaggan \u00e4r perfekt f\u00f6r officiella evenemang, utbildnings\u00e4ndam\u00e5l, kulturella utst\u00e4llningar eller personliga samlingar och \u00e4r en meningsfull representation av europeisk enhet och delad identitet. Dess blekningsbest\u00e4ndiga f\u00e4rger och robusta design s\u00e4kerst\u00e4ller att den f\u00f6rblir levande och effektfull \u00f6ver tid.<\/p>","protected":false},"excerpt":{"rendered":"<p>150 x 90 cm flagga med 2 kraftiga metall\u00f6glor f\u00f6r s\u00e4ker upph\u00e4ngning.<\/p>","protected":false},"featured_media":1560,"comment_status":"open","ping_status":"closed","template":"","meta":{"_gspb_post_css":"","iawp_total_views":72},"product_brand":[],"product_cat":[68],"product_tag":[],"class_list":{"0":"post-2517","1":"product","2":"type-product","3":"status-publish","4":"has-post-thumbnail","6":"product_cat-official-flags","8":"first","9":"instock","10":"sale","11":"shipping-taxable","12":"purchasable","13":"product-type-simple"},"_links":{"self":[{"href":"https:\/\/cosmoflag.com\/sv\/wp-json\/wp\/v2\/product\/2517","targetHints":{"allow":["GET"]}}],"collection":[{"href":"https:\/\/cosmoflag.com\/sv\/wp-json\/wp\/v2\/product"}],"about":[{"href":"https:\/\/cosmoflag.com\/sv\/wp-json\/wp\/v2\/types\/product"}],"replies":[{"embeddable":true,"href":"https:\/\/cosmoflag.com\/sv\/wp-json\/wp\/v2\/comments?post=2517"}],"wp:featuredmedia":[{"embeddable":true,"href":"https:\/\/cosmoflag.com\/sv\/wp-json\/wp\/v2\/media\/1560"}],"wp:attachment":[{"href":"https:\/\/cosmoflag.com\/sv\/wp-json\/wp\/v2\/media?parent=2517"}],"wp:term":[{"taxonomy":"product_brand","embeddable":true,"href":"https:\/\/cosmoflag.com\/sv\/wp-json\/wp\/v2\/product_brand?post=2517"},{"taxonomy":"product_cat","embeddable":true,"href":"https:\/\/cosmoflag.com\/sv\/wp-json\/wp\/v2\/product_cat?post=2517"},{"taxonomy":"product_tag","embeddable":true,"href":"https:\/\/cosmoflag.com\/sv\/wp-json\/wp\/v2\/product_tag?post=2517"}],"curies":[{"name":"wp","href":"https:\/\/api.w.org\/{rel}","templated":true}]}}