{"id":2515,"date":"2024-12-19T21:38:00","date_gmt":"2024-12-19T19:38:00","guid":{"rendered":"https:\/\/cosmoflag.com\/?post_type=product&#038;p=2515"},"modified":"2025-08-12T21:20:28","modified_gmt":"2025-08-12T19:20:28","slug":"osttysklands-flagga-gdr","status":"publish","type":"product","link":"https:\/\/cosmoflag.com\/sv\/product\/osttysklands-flagga-gdr\/","title":{"rendered":"\u00d6sttysklands flagga DDR"},"content":{"rendered":"<p><strong>\u00d6sttyskland Flagga Funktioner<\/strong><\/p>\n<p>V\u00e5r flagga fr\u00e5n \u00d6sttyskland DDR \u00e4r tillverkad av premium polyester, vilket garanterar utm\u00e4rkt h\u00e5llbarhet f\u00f6r b\u00e5de inomhus- och utomhusbruk. Den inneh\u00e5ller metallgenomf\u00f6ringar f\u00f6r enkel installation och s\u00e4kert grepp, \u00e4ven i utmanande v\u00e4derf\u00f6rh\u00e5llanden. Med m\u00e5tten 90 x 150 cm\/35 x 59 tum ger denna flagga utm\u00e4rkt synlighet f\u00f6r stolpar, v\u00e4ggar eller under historiska h\u00e4ndelser.<\/p>\n<p><strong>En symbol f\u00f6r socialism och historia<\/strong><\/p>\n<p>\u00d6sttysklands (Tyska Demokratiska Republiken) flagga antogs officiellt 1959. Den har den svarta, r\u00f6da och gyllene tricoloren av traditionella tyska flaggor, \u00f6verlagrad med DDR: s emblem. Emblemet inneh\u00e5ller en hammare och en kompass, omgiven av en ring av r\u00e5g, som symboliserar arbetarnas, ingenj\u00f6rernas och b\u00f6ndernas enhet under socialismen. Denna flagga \u00e4r en kraftfull representation av \u00d6sttysklands politiska historia och identitet under det kalla kriget.<\/p>\n<p><strong>M\u00e5ngsidiga anv\u00e4ndningsm\u00f6jligheter<\/strong><\/p>\n<p>DDR-flaggan \u00e4r perfekt f\u00f6r historiska rekonstruktioner, utbildningsutst\u00e4llningar, kulturevenemang eller som en del av en personlig samling och \u00e4r en meningsfull representation av en unik period i tysk och global historia. Dess blekningsbest\u00e4ndiga f\u00e4rger och robusta design s\u00e4kerst\u00e4ller att den f\u00f6rblir livlig och effektfull \u00f6ver tiden.<\/p>","protected":false},"excerpt":{"rendered":"<p>150 x 90 cm flagga med 2 kraftiga metall\u00f6glor f\u00f6r s\u00e4ker upph\u00e4ngning.<\/p>","protected":false},"featured_media":1574,"comment_status":"open","ping_status":"closed","template":"","meta":{"_gspb_post_css":"","iawp_total_views":42},"product_brand":[],"product_cat":[69],"product_tag":[],"class_list":{"0":"post-2515","1":"product","2":"type-product","3":"status-publish","4":"has-post-thumbnail","6":"product_cat-historical-flags","8":"first","9":"instock","10":"sale","11":"shipping-taxable","12":"purchasable","13":"product-type-simple"},"_links":{"self":[{"href":"https:\/\/cosmoflag.com\/sv\/wp-json\/wp\/v2\/product\/2515","targetHints":{"allow":["GET"]}}],"collection":[{"href":"https:\/\/cosmoflag.com\/sv\/wp-json\/wp\/v2\/product"}],"about":[{"href":"https:\/\/cosmoflag.com\/sv\/wp-json\/wp\/v2\/types\/product"}],"replies":[{"embeddable":true,"href":"https:\/\/cosmoflag.com\/sv\/wp-json\/wp\/v2\/comments?post=2515"}],"wp:featuredmedia":[{"embeddable":true,"href":"https:\/\/cosmoflag.com\/sv\/wp-json\/wp\/v2\/media\/1574"}],"wp:attachment":[{"href":"https:\/\/cosmoflag.com\/sv\/wp-json\/wp\/v2\/media?parent=2515"}],"wp:term":[{"taxonomy":"product_brand","embeddable":true,"href":"https:\/\/cosmoflag.com\/sv\/wp-json\/wp\/v2\/product_brand?post=2515"},{"taxonomy":"product_cat","embeddable":true,"href":"https:\/\/cosmoflag.com\/sv\/wp-json\/wp\/v2\/product_cat?post=2515"},{"taxonomy":"product_tag","embeddable":true,"href":"https:\/\/cosmoflag.com\/sv\/wp-json\/wp\/v2\/product_tag?post=2515"}],"curies":[{"name":"wp","href":"https:\/\/api.w.org\/{rel}","templated":true}]}}