{"id":2513,"date":"2024-12-19T21:01:00","date_gmt":"2024-12-19T19:01:00","guid":{"rendered":"https:\/\/cosmoflag.com\/?post_type=product&#038;p=2513"},"modified":"2026-01-19T19:08:33","modified_gmt":"2026-01-19T17:08:33","slug":"kejserliga-tyska-krigsflaggan-reichskriegsflagge","status":"publish","type":"product","link":"https:\/\/cosmoflag.com\/sv\/product\/kejserliga-tyska-krigsflaggan-reichskriegsflagge\/","title":{"rendered":"Kejserliga Tysklands krigsflagga Reichskriegsflagge"},"content":{"rendered":"<h3><strong>Kejserliga tyska krigsflaggan Funktioner<\/strong><\/h3>\n<p>V\u00e5r kejserliga tyska krigsflagga Reichskriegsflagge \u00e4r tillverkad av premium polyester, vilket garanterar exceptionell h\u00e5llbarhet f\u00f6r l\u00e5ngvarig anv\u00e4ndning inomhus och utomhus. Den har metallgenomf\u00f6ringar f\u00f6r enkel installation och ett s\u00e4kert grepp, \u00e4ven under utmanande v\u00e4derf\u00f6rh\u00e5llanden. Med m\u00e5tten 90 x 150 cm\/35 x 59 tum garanterar denna flagga enast\u00e5ende synlighet f\u00f6r visning p\u00e5 stolpar, v\u00e4ggar eller under historiska reenactments.<\/p>\n<h3><strong>En symbol f\u00f6r det milit\u00e4ra arvet<\/strong><\/h3>\n<p>Den kejserliga tyska krigsflaggan, \u00e4ven k\u00e4nd som Reichskriegsflagge, var ett viktigt emblem f\u00f6r det tyska kejsard\u00f6met under slutet av 1800-talet och b\u00f6rjan av 1900-talet. Med ett vitt f\u00e4lt med ett svart kors och den ikoniska \u00f6rnen i mitten \u00e5terspeglar designen milit\u00e4r tradition och nationell stolthet. De r\u00f6da accenterna symboliserar mod och de tyska staternas enhet. Denna flagga \u00e4r en p\u00e5minnelse om en viktig period i Europas historia.<\/p>\n<h3><strong>M\u00e5ngsidiga anv\u00e4ndningsm\u00f6jligheter<\/strong><\/h3>\n<p>Perfekt f\u00f6r historiska rekonstruktioner, utbildningsutst\u00e4llningar, kulturevenemang eller som en del av en personlig samling, \u00e4r den kejserliga tyska krigsflaggan Reichskriegsflagge en meningsfull representation av Tysklands milit\u00e4ra och kulturella arv. Dess blekningsbest\u00e4ndiga f\u00e4rger och robusta design s\u00e4kerst\u00e4ller att den f\u00f6rblir livlig och effektfull \u00f6ver tiden.<\/p>","protected":false},"excerpt":{"rendered":"<p>150 x 90 cm flagga med 2 kraftiga metall\u00f6glor f\u00f6r s\u00e4ker upph\u00e4ngning.<\/p>","protected":false},"featured_media":1593,"comment_status":"open","ping_status":"closed","template":"","meta":{"_gspb_post_css":"","iawp_total_views":113},"product_brand":[],"product_cat":[69],"product_tag":[],"class_list":{"0":"post-2513","1":"product","2":"type-product","3":"status-publish","4":"has-post-thumbnail","6":"product_cat-historical-flags","8":"first","9":"instock","10":"sale","11":"shipping-taxable","12":"purchasable","13":"product-type-simple"},"_links":{"self":[{"href":"https:\/\/cosmoflag.com\/sv\/wp-json\/wp\/v2\/product\/2513","targetHints":{"allow":["GET"]}}],"collection":[{"href":"https:\/\/cosmoflag.com\/sv\/wp-json\/wp\/v2\/product"}],"about":[{"href":"https:\/\/cosmoflag.com\/sv\/wp-json\/wp\/v2\/types\/product"}],"replies":[{"embeddable":true,"href":"https:\/\/cosmoflag.com\/sv\/wp-json\/wp\/v2\/comments?post=2513"}],"wp:featuredmedia":[{"embeddable":true,"href":"https:\/\/cosmoflag.com\/sv\/wp-json\/wp\/v2\/media\/1593"}],"wp:attachment":[{"href":"https:\/\/cosmoflag.com\/sv\/wp-json\/wp\/v2\/media?parent=2513"}],"wp:term":[{"taxonomy":"product_brand","embeddable":true,"href":"https:\/\/cosmoflag.com\/sv\/wp-json\/wp\/v2\/product_brand?post=2513"},{"taxonomy":"product_cat","embeddable":true,"href":"https:\/\/cosmoflag.com\/sv\/wp-json\/wp\/v2\/product_cat?post=2513"},{"taxonomy":"product_tag","embeddable":true,"href":"https:\/\/cosmoflag.com\/sv\/wp-json\/wp\/v2\/product_tag?post=2513"}],"curies":[{"name":"wp","href":"https:\/\/api.w.org\/{rel}","templated":true}]}}