{"id":2512,"date":"2024-12-19T20:54:00","date_gmt":"2024-12-19T18:54:00","guid":{"rendered":"https:\/\/cosmoflag.com\/?post_type=product&#038;p=2512"},"modified":"2025-11-27T20:53:32","modified_gmt":"2025-11-27T18:53:32","slug":"kejserliga-tysklands-krigsflagga-med-rod-bakgrund","status":"publish","type":"product","link":"https:\/\/cosmoflag.com\/sv\/product\/kejserliga-tysklands-krigsflagga-med-rod-bakgrund\/","title":{"rendered":"Kejserliga Tysklands krigsflagga med r\u00f6d bakgrund"},"content":{"rendered":"<h3><strong>Kejserliga tyska krigsflaggan Funktioner<\/strong><\/h3>\n<p>V\u00e5r kejserliga tyska krigsflagga \u00e4r tillverkad av premium polyester, vilket garanterar h\u00e5llbarhet f\u00f6r l\u00e5ngvarig anv\u00e4ndning inomhus och utomhus. Den har metallgenomf\u00f6ringar f\u00f6r enkel installation och s\u00e4kert grepp, \u00e4ven under utmanande v\u00e4derf\u00f6rh\u00e5llanden. Med m\u00e5tten 90 x 150 cm\/35 x 59 tum ger denna flagga utm\u00e4rkt synlighet, oavsett om den visas p\u00e5 stolpar, v\u00e4ggar eller under historiska reenactments.<\/p>\n<h3><strong>En symbol f\u00f6r det milit\u00e4ra arvet<\/strong><\/h3>\n<p>Den kejserliga tyska krigsflaggan, som har en r\u00f6d bakgrund med ett svart kors och den ikoniska \u00f6rnen i mitten, var en framtr\u00e4dande symbol f\u00f6r det tyska kejsard\u00f6mets milit\u00e4ra makt under slutet av 1800-talet och b\u00f6rjan av 1900-talet. Det svarta korset \u00e5terspeglar traditionella tyska milit\u00e4ra insignier, medan \u00f6rnen symboliserar styrka och suver\u00e4nitet. Denna flagga \u00e4r en historisk p\u00e5minnelse om en betydande era i europeisk historia.<\/p>\n<h3><strong>M\u00e5ngsidiga anv\u00e4ndningsm\u00f6jligheter<\/strong><\/h3>\n<p>Imperial German War Flag \u00e4r perfekt f\u00f6r historiska rekonstruktioner, utbildningsutst\u00e4llningar, kulturevenemang eller som en del av en personlig samling och fungerar som en meningsfull representation av tysk milit\u00e4rhistoria. Dess blekningsbest\u00e4ndiga f\u00e4rger och robusta design s\u00e4kerst\u00e4ller att den f\u00f6rblir livlig och effektfull \u00f6ver tiden.<\/p>","protected":false},"excerpt":{"rendered":"<p>150 x 90 cm flagga med 2 kraftiga metall\u00f6glor f\u00f6r s\u00e4ker upph\u00e4ngning.<\/p>","protected":false},"featured_media":1600,"comment_status":"open","ping_status":"closed","template":"","meta":{"_gspb_post_css":"","iawp_total_views":142},"product_brand":[],"product_cat":[69],"product_tag":[],"class_list":{"0":"post-2512","1":"product","2":"type-product","3":"status-publish","4":"has-post-thumbnail","6":"product_cat-historical-flags","8":"first","9":"instock","10":"sale","11":"shipping-taxable","12":"purchasable","13":"product-type-simple"},"_links":{"self":[{"href":"https:\/\/cosmoflag.com\/sv\/wp-json\/wp\/v2\/product\/2512","targetHints":{"allow":["GET"]}}],"collection":[{"href":"https:\/\/cosmoflag.com\/sv\/wp-json\/wp\/v2\/product"}],"about":[{"href":"https:\/\/cosmoflag.com\/sv\/wp-json\/wp\/v2\/types\/product"}],"replies":[{"embeddable":true,"href":"https:\/\/cosmoflag.com\/sv\/wp-json\/wp\/v2\/comments?post=2512"}],"wp:featuredmedia":[{"embeddable":true,"href":"https:\/\/cosmoflag.com\/sv\/wp-json\/wp\/v2\/media\/1600"}],"wp:attachment":[{"href":"https:\/\/cosmoflag.com\/sv\/wp-json\/wp\/v2\/media?parent=2512"}],"wp:term":[{"taxonomy":"product_brand","embeddable":true,"href":"https:\/\/cosmoflag.com\/sv\/wp-json\/wp\/v2\/product_brand?post=2512"},{"taxonomy":"product_cat","embeddable":true,"href":"https:\/\/cosmoflag.com\/sv\/wp-json\/wp\/v2\/product_cat?post=2512"},{"taxonomy":"product_tag","embeddable":true,"href":"https:\/\/cosmoflag.com\/sv\/wp-json\/wp\/v2\/product_tag?post=2512"}],"curies":[{"name":"wp","href":"https:\/\/api.w.org\/{rel}","templated":true}]}}