{"id":2508,"date":"2024-12-19T17:22:00","date_gmt":"2024-12-19T15:22:00","guid":{"rendered":"https:\/\/cosmoflag.com\/?post_type=product&#038;p=2508"},"modified":"2025-08-12T21:20:29","modified_gmt":"2025-08-12T19:20:29","slug":"saudiarabiens-flagga","status":"publish","type":"product","link":"https:\/\/cosmoflag.com\/sv\/product\/saudiarabiens-flagga\/","title":{"rendered":"Saudiarabiens flagga"},"content":{"rendered":"<h3><strong>Saudiarabiens flagga Funktioner<\/strong><\/h3>\n<p>V\u00e5r Saudiarabien-flagga \u00e4r tillverkad av premium polyester, vilket garanterar h\u00e5llbarhet f\u00f6r b\u00e5de inomhus- och utomhusbruk. Den har metallgenomf\u00f6ringar f\u00f6r enkel installation och s\u00e4kert grepp, \u00e4ven under utmanande v\u00e4derf\u00f6rh\u00e5llanden. Med m\u00e5tten 90 x 150 cm\/35 x 59 tum s\u00e4kerst\u00e4ller denna flagga utm\u00e4rkt synlighet f\u00f6r stolpar, v\u00e4ggar eller under kulturevenemang.<\/p>\n<h3><strong>En symbol f\u00f6r tro och identitet<\/strong><\/h3>\n<p>Saudiarabiens flagga, som officiellt antogs 1973, har ett gr\u00f6nt f\u00e4lt som symboliserar islam, med den islamiska trosf\u00f6rklaringen (Shahada) inskriven i vit arabisk skrift. Under det ligger ett vitt sv\u00e4rd, som symboliserar r\u00e4ttvisa och nationens styrka. Tillsammans \u00e5terspeglar dessa element Saudiarabiens djupa religi\u00f6sa arv och dess engagemang f\u00f6r enighet och r\u00e4ttvisa enligt islamiska principer.<\/p>\n<h3><strong>M\u00e5ngsidiga anv\u00e4ndningsm\u00f6jligheter<\/strong><\/h3>\n<p>Saudiarabiens flagga \u00e4r perfekt f\u00f6r nationella firanden, religi\u00f6sa evenemang, utbildnings\u00e4ndam\u00e5l eller som en del av en personlig samling och \u00e4r en meningsfull representation av landets identitet och v\u00e4rderingar. Dess blekningsbest\u00e4ndiga f\u00e4rger och robusta design s\u00e4kerst\u00e4ller att den f\u00f6rblir livlig och effektfull \u00f6ver tiden.<\/p>","protected":false},"excerpt":{"rendered":"<p>150 x 90 cm flagga med 2 kraftiga metall\u00f6glor f\u00f6r s\u00e4ker upph\u00e4ngning.<\/p>","protected":false},"featured_media":1652,"comment_status":"open","ping_status":"closed","template":"","meta":{"_gspb_post_css":"","iawp_total_views":6},"product_brand":[],"product_cat":[66,58],"product_tag":[],"class_list":{"0":"post-2508","1":"product","2":"type-product","3":"status-publish","4":"has-post-thumbnail","6":"product_cat-middle-east-flags","7":"product_cat-country-flags","9":"first","10":"instock","11":"sale","12":"shipping-taxable","13":"purchasable","14":"product-type-simple"},"_links":{"self":[{"href":"https:\/\/cosmoflag.com\/sv\/wp-json\/wp\/v2\/product\/2508","targetHints":{"allow":["GET"]}}],"collection":[{"href":"https:\/\/cosmoflag.com\/sv\/wp-json\/wp\/v2\/product"}],"about":[{"href":"https:\/\/cosmoflag.com\/sv\/wp-json\/wp\/v2\/types\/product"}],"replies":[{"embeddable":true,"href":"https:\/\/cosmoflag.com\/sv\/wp-json\/wp\/v2\/comments?post=2508"}],"wp:featuredmedia":[{"embeddable":true,"href":"https:\/\/cosmoflag.com\/sv\/wp-json\/wp\/v2\/media\/1652"}],"wp:attachment":[{"href":"https:\/\/cosmoflag.com\/sv\/wp-json\/wp\/v2\/media?parent=2508"}],"wp:term":[{"taxonomy":"product_brand","embeddable":true,"href":"https:\/\/cosmoflag.com\/sv\/wp-json\/wp\/v2\/product_brand?post=2508"},{"taxonomy":"product_cat","embeddable":true,"href":"https:\/\/cosmoflag.com\/sv\/wp-json\/wp\/v2\/product_cat?post=2508"},{"taxonomy":"product_tag","embeddable":true,"href":"https:\/\/cosmoflag.com\/sv\/wp-json\/wp\/v2\/product_tag?post=2508"}],"curies":[{"name":"wp","href":"https:\/\/api.w.org\/{rel}","templated":true}]}}