{"id":2505,"date":"2024-12-19T16:07:00","date_gmt":"2024-12-19T14:07:00","guid":{"rendered":"https:\/\/cosmoflag.com\/?post_type=product&#038;p=2505"},"modified":"2025-08-12T21:20:31","modified_gmt":"2025-08-12T19:20:31","slug":"syriens-sjalvstandighetsflagga","status":"publish","type":"product","link":"https:\/\/cosmoflag.com\/sv\/product\/syriens-sjalvstandighetsflagga\/","title":{"rendered":"Syriens sj\u00e4lvst\u00e4ndighetsflagga"},"content":{"rendered":"<h3><strong>Syriens sj\u00e4lvst\u00e4ndighetsflagga Funktioner<\/strong><\/h3>\n<p>V\u00e5r Syrian Independence Flag \u00e4r tillverkad av premium polyester, vilket garanterar h\u00e5llbarhet f\u00f6r l\u00e5ngvarig anv\u00e4ndning b\u00e5de inomhus och utomhus. Den har metallgenomf\u00f6ringar f\u00f6r enkel installation och ett s\u00e4kert grepp, \u00e4ven i ogynnsamma v\u00e4derf\u00f6rh\u00e5llanden. Med m\u00e5tten 90 x 150 cm\/35 x 59 tum s\u00e4kerst\u00e4ller denna flagga utm\u00e4rkt synlighet, oavsett om den visas p\u00e5 stolpar, v\u00e4ggar eller under offentliga sammankomster.<\/p>\n<h3><strong>En symbol f\u00f6r frihet och motst\u00e5nd<\/strong><\/h3>\n<p>Den syriska sj\u00e4lvst\u00e4ndighetsflaggan, \u00e4ven k\u00e4nd som \u201cFree Syrian Flag\u201d, har tre horisontella r\u00e4nder i gr\u00f6nt, vitt och svart med tre r\u00f6da stj\u00e4rnor i mitten. Denna flagga anv\u00e4ndes ursprungligen under Syriens sj\u00e4lvst\u00e4ndighet 1932 och har blivit en symbol f\u00f6r den syriska oppositionen och kampen f\u00f6r frihet. Den gr\u00f6na randen representerar landet, den vita symboliserar fred och den svarta \u00e5terspeglar tidigare strider, medan de r\u00f6da stj\u00e4rnorna symboliserar uppoffring och hopp om ett fritt Syrien.<\/p>\n<h3><strong>M\u00e5ngsidiga anv\u00e4ndningsm\u00f6jligheter<\/strong><\/h3>\n<p>Den syriska sj\u00e4lvst\u00e4ndighetsflaggan \u00e4r perfekt f\u00f6r demonstrationer, kulturevenemang, utbildningsutst\u00e4llningar eller personliga samlingar och \u00e4r en meningsfull representation av den p\u00e5g\u00e5ende kampen f\u00f6r frihet och enhet. Dess blekningsbest\u00e4ndiga f\u00e4rger och robusta design s\u00e4kerst\u00e4ller att den f\u00f6rblir livlig och effektfull \u00f6ver tiden.<\/p>","protected":false},"excerpt":{"rendered":"<p>150 x 90 cm flagga med 2 kraftiga metall\u00f6glor f\u00f6r s\u00e4ker upph\u00e4ngning.<\/p>","protected":false},"featured_media":1696,"comment_status":"open","ping_status":"closed","template":"","meta":{"_gspb_post_css":"","iawp_total_views":7},"product_brand":[],"product_cat":[60,58],"product_tag":[],"class_list":{"0":"post-2505","1":"product","2":"type-product","3":"status-publish","4":"has-post-thumbnail","6":"product_cat-africa-flags","7":"product_cat-country-flags","9":"first","10":"instock","11":"sale","12":"shipping-taxable","13":"purchasable","14":"product-type-simple"},"_links":{"self":[{"href":"https:\/\/cosmoflag.com\/sv\/wp-json\/wp\/v2\/product\/2505","targetHints":{"allow":["GET"]}}],"collection":[{"href":"https:\/\/cosmoflag.com\/sv\/wp-json\/wp\/v2\/product"}],"about":[{"href":"https:\/\/cosmoflag.com\/sv\/wp-json\/wp\/v2\/types\/product"}],"replies":[{"embeddable":true,"href":"https:\/\/cosmoflag.com\/sv\/wp-json\/wp\/v2\/comments?post=2505"}],"wp:featuredmedia":[{"embeddable":true,"href":"https:\/\/cosmoflag.com\/sv\/wp-json\/wp\/v2\/media\/1696"}],"wp:attachment":[{"href":"https:\/\/cosmoflag.com\/sv\/wp-json\/wp\/v2\/media?parent=2505"}],"wp:term":[{"taxonomy":"product_brand","embeddable":true,"href":"https:\/\/cosmoflag.com\/sv\/wp-json\/wp\/v2\/product_brand?post=2505"},{"taxonomy":"product_cat","embeddable":true,"href":"https:\/\/cosmoflag.com\/sv\/wp-json\/wp\/v2\/product_cat?post=2505"},{"taxonomy":"product_tag","embeddable":true,"href":"https:\/\/cosmoflag.com\/sv\/wp-json\/wp\/v2\/product_tag?post=2505"}],"curies":[{"name":"wp","href":"https:\/\/api.w.org\/{rel}","templated":true}]}}