{"id":2501,"date":"2024-12-19T15:30:00","date_gmt":"2024-12-19T13:30:00","guid":{"rendered":"https:\/\/cosmoflag.com\/?post_type=product&#038;p=2501"},"modified":"2025-08-12T21:20:32","modified_gmt":"2025-08-12T19:20:32","slug":"thailands-flagga","status":"publish","type":"product","link":"https:\/\/cosmoflag.com\/sv\/product\/thailands-flagga\/","title":{"rendered":"Thailands flagga"},"content":{"rendered":"<h3><strong>Thailand Flagga Funktioner<\/strong><\/h3>\n<p>V\u00e5r Thailand-flagga \u00e4r tillverkad av premium polyester, vilket garanterar h\u00e5llbarhet f\u00f6r b\u00e5de inomhus- och utomhusbruk. Den har metall\u00f6glor f\u00f6r enkel installation och s\u00e4kert grepp, \u00e4ven under ogynnsamma v\u00e4derf\u00f6rh\u00e5llanden. Med m\u00e5tten 90 x 150 cm\/35 x 59 tum ger denna flagga utm\u00e4rkt synlighet f\u00f6r visning p\u00e5 stolpar, v\u00e4ggar eller under nationella firanden.<\/p>\n<h3><strong>En symbol f\u00f6r stolthet och enighet<\/strong><\/h3>\n<p>Thailands flagga, \u00e4ven k\u00e4nd som \u201cTricolor Flag\u201d eller \u201cThong Trairong\u201d, antogs officiellt 1917. Den har fem horisontella r\u00e4nder: r\u00f6d f\u00f6r nationen, vit f\u00f6r religion och bl\u00e5 f\u00f6r monarkin. Den bl\u00e5 mittremsan \u00e4r st\u00f6rre \u00e4n de \u00f6vriga och symboliserar det thail\u00e4ndska folkets enighet under sin \u00e4lskade kung. Tillsammans representerar f\u00e4rgerna landets grundpelare - nation, religion och monarki.<\/p>\n<h3><strong>M\u00e5ngsidiga anv\u00e4ndningsm\u00f6jligheter<\/strong><\/h3>\n<p>Thailands flagga \u00e4r perfekt f\u00f6r nationella firanden, kulturella evenemang, utbildnings\u00e4ndam\u00e5l eller personliga samlingar och \u00e4r en meningsfull representation av landets identitet och v\u00e4rderingar. Dess blekningsbest\u00e4ndiga f\u00e4rger och robusta design s\u00e4kerst\u00e4ller att den f\u00f6rblir livlig och effektfull \u00f6ver tiden.<\/p>\n<p>&nbsp;<\/p>","protected":false},"excerpt":{"rendered":"<p>150 x 90 cm flagga med 2 kraftiga metall\u00f6glor f\u00f6r s\u00e4ker upph\u00e4ngning.<\/p>","protected":false},"featured_media":1720,"comment_status":"open","ping_status":"closed","template":"","meta":{"_gspb_post_css":"","iawp_total_views":8},"product_brand":[],"product_cat":[64,58],"product_tag":[],"class_list":{"0":"post-2501","1":"product","2":"type-product","3":"status-publish","4":"has-post-thumbnail","6":"product_cat-asia-flags","7":"product_cat-country-flags","9":"first","10":"instock","11":"sale","12":"shipping-taxable","13":"purchasable","14":"product-type-simple"},"_links":{"self":[{"href":"https:\/\/cosmoflag.com\/sv\/wp-json\/wp\/v2\/product\/2501","targetHints":{"allow":["GET"]}}],"collection":[{"href":"https:\/\/cosmoflag.com\/sv\/wp-json\/wp\/v2\/product"}],"about":[{"href":"https:\/\/cosmoflag.com\/sv\/wp-json\/wp\/v2\/types\/product"}],"replies":[{"embeddable":true,"href":"https:\/\/cosmoflag.com\/sv\/wp-json\/wp\/v2\/comments?post=2501"}],"wp:featuredmedia":[{"embeddable":true,"href":"https:\/\/cosmoflag.com\/sv\/wp-json\/wp\/v2\/media\/1720"}],"wp:attachment":[{"href":"https:\/\/cosmoflag.com\/sv\/wp-json\/wp\/v2\/media?parent=2501"}],"wp:term":[{"taxonomy":"product_brand","embeddable":true,"href":"https:\/\/cosmoflag.com\/sv\/wp-json\/wp\/v2\/product_brand?post=2501"},{"taxonomy":"product_cat","embeddable":true,"href":"https:\/\/cosmoflag.com\/sv\/wp-json\/wp\/v2\/product_cat?post=2501"},{"taxonomy":"product_tag","embeddable":true,"href":"https:\/\/cosmoflag.com\/sv\/wp-json\/wp\/v2\/product_tag?post=2501"}],"curies":[{"name":"wp","href":"https:\/\/api.w.org\/{rel}","templated":true}]}}