{"id":2497,"date":"2024-12-19T14:41:00","date_gmt":"2024-12-19T12:41:00","guid":{"rendered":"https:\/\/cosmoflag.com\/?post_type=product&#038;p=2497"},"modified":"2025-08-12T21:20:36","modified_gmt":"2025-08-12T19:20:36","slug":"yemens-flagga","status":"publish","type":"product","link":"https:\/\/cosmoflag.com\/sv\/product\/yemens-flagga\/","title":{"rendered":"Jemens flagga"},"content":{"rendered":"<h3><strong>Jemen Flagga Funktioner<\/strong><\/h3>\n<p>V\u00e5r Yemen-flagga \u00e4r tillverkad av h\u00f6gkvalitativ polyester, vilket garanterar h\u00e5llbarhet f\u00f6r l\u00e5ngvarig anv\u00e4ndning inomhus och utomhus. Den har metall\u00f6glor f\u00f6r enkel installation och s\u00e4kert grepp, \u00e4ven under ogynnsamma v\u00e4derf\u00f6rh\u00e5llanden. Med m\u00e5tten 90 x 150 cm\/35 x 59 tum s\u00e4kerst\u00e4ller denna flagga utm\u00e4rkt synlighet oavsett om den visas p\u00e5 stolpar, v\u00e4ggar eller under nationella evenemang.<\/p>\n<h3><strong>En symbol f\u00f6r enighet och sj\u00e4lvst\u00e4ndighet<\/strong><\/h3>\n<p>Jemens flagga, som officiellt antogs 1990 efter att Nord- och Sydjemen enats, har tre horisontella r\u00e4nder i r\u00f6tt, vitt och svart. R\u00f6tt symboliserar blodet fr\u00e5n dem som offrade f\u00f6r sj\u00e4lvst\u00e4ndighet, vitt representerar hopp och en ljus framtid, medan svart betyder landets historiska kamp. Denna enkla men \u00e4nd\u00e5 meningsfulla design f\u00f6rkroppsligar Jemens stolthet och str\u00e4van.<\/p>\n<h3><strong>M\u00e5ngsidiga anv\u00e4ndningsm\u00f6jligheter<\/strong><\/h3>\n<p>Jemens flagga \u00e4r perfekt f\u00f6r nationella firanden, kulturella evenemang, utbildnings\u00e4ndam\u00e5l eller som en del av en personlig samling och \u00e4r en meningsfull representation av landets identitet och arv. Dess robusta design och blekningsbest\u00e4ndiga f\u00e4rger s\u00e4kerst\u00e4ller att den beh\u00e5ller sin livskraft och betydelse \u00f6ver tiden.<\/p>","protected":false},"excerpt":{"rendered":"<p>150 x 90 cm flagga med 2 kraftiga metall\u00f6glor f\u00f6r s\u00e4ker upph\u00e4ngning.<\/p>","protected":false},"featured_media":1782,"comment_status":"open","ping_status":"closed","template":"","meta":{"_gspb_post_css":"","iawp_total_views":0},"product_brand":[],"product_cat":[66,58],"product_tag":[],"class_list":{"0":"post-2497","1":"product","2":"type-product","3":"status-publish","4":"has-post-thumbnail","6":"product_cat-middle-east-flags","7":"product_cat-country-flags","9":"first","10":"instock","11":"sale","12":"shipping-taxable","13":"purchasable","14":"product-type-simple"},"_links":{"self":[{"href":"https:\/\/cosmoflag.com\/sv\/wp-json\/wp\/v2\/product\/2497","targetHints":{"allow":["GET"]}}],"collection":[{"href":"https:\/\/cosmoflag.com\/sv\/wp-json\/wp\/v2\/product"}],"about":[{"href":"https:\/\/cosmoflag.com\/sv\/wp-json\/wp\/v2\/types\/product"}],"replies":[{"embeddable":true,"href":"https:\/\/cosmoflag.com\/sv\/wp-json\/wp\/v2\/comments?post=2497"}],"wp:featuredmedia":[{"embeddable":true,"href":"https:\/\/cosmoflag.com\/sv\/wp-json\/wp\/v2\/media\/1782"}],"wp:attachment":[{"href":"https:\/\/cosmoflag.com\/sv\/wp-json\/wp\/v2\/media?parent=2497"}],"wp:term":[{"taxonomy":"product_brand","embeddable":true,"href":"https:\/\/cosmoflag.com\/sv\/wp-json\/wp\/v2\/product_brand?post=2497"},{"taxonomy":"product_cat","embeddable":true,"href":"https:\/\/cosmoflag.com\/sv\/wp-json\/wp\/v2\/product_cat?post=2497"},{"taxonomy":"product_tag","embeddable":true,"href":"https:\/\/cosmoflag.com\/sv\/wp-json\/wp\/v2\/product_tag?post=2497"}],"curies":[{"name":"wp","href":"https:\/\/api.w.org\/{rel}","templated":true}]}}