{"id":2496,"date":"2024-12-19T14:39:00","date_gmt":"2024-12-19T12:39:00","guid":{"rendered":"https:\/\/cosmoflag.com\/?post_type=product&#038;p=2496"},"modified":"2025-08-12T21:20:37","modified_gmt":"2025-08-12T19:20:37","slug":"zimbabwes-flagga","status":"publish","type":"product","link":"https:\/\/cosmoflag.com\/sv\/product\/zimbabwes-flagga\/","title":{"rendered":"Zimbabwes flagga"},"content":{"rendered":"<h3><strong>Zimbabwe Flagga Funktioner<\/strong><\/h3>\n<p>V\u00e5r Zimbabwe-flagga \u00e4r tillverkad av premiumpolyester, vilket garanterar h\u00e5llbarhet f\u00f6r l\u00e5ngvarig anv\u00e4ndning inomhus och utomhus. Den har metall\u00f6glor f\u00f6r enkel installation och ett s\u00e4kert grepp, \u00e4ven under ogynnsamma v\u00e4derf\u00f6rh\u00e5llanden. Med m\u00e5tten 90 x 150 cm\/35 x 59 tum s\u00e4kerst\u00e4ller denna flagga utm\u00e4rkt synlighet f\u00f6r stolpar, v\u00e4ggar eller under offentliga firande.<\/p>\n<h3><strong>En symbol f\u00f6r frihet och enighet<\/strong><\/h3>\n<p>Zimbabwes flagga, som officiellt antogs 1980, har sju horisontella r\u00e4nder i gr\u00f6nt, guld, r\u00f6tt och svart. Gr\u00f6nt representerar landets jordbruksrikedom, guld symboliserar mineralresurser, r\u00f6tt \u00e5terspeglar offren f\u00f6r dem som k\u00e4mpade f\u00f6r frihet och svart betyder arvet och folket i Zimbabwe. Den vita triangeln inneh\u00e5ller en r\u00f6d femuddig stj\u00e4rna med en Great Zimbabwe-f\u00e5gel, som representerar fred, frihet och landets rika kulturhistoria.<\/p>\n<h3><strong>M\u00e5ngsidiga anv\u00e4ndningsm\u00f6jligheter<\/strong><\/h3>\n<p>Zimbabwes flagga \u00e4r perfekt f\u00f6r nationella firanden, kulturella evenemang, utbildnings\u00e4ndam\u00e5l eller som en del av en personlig samling och \u00e4r en meningsfull representation av landets stolthet och identitet. Dess robusta design och blekningsbest\u00e4ndiga f\u00e4rger s\u00e4kerst\u00e4ller att den f\u00f6rblir livlig och effektfull \u00f6ver tiden.<\/p>","protected":false},"excerpt":{"rendered":"<p>150 x 90 cm flagga med 2 kraftiga metall\u00f6glor f\u00f6r s\u00e4ker upph\u00e4ngning.<\/p>","protected":false},"featured_media":1788,"comment_status":"open","ping_status":"closed","template":"","meta":{"_gspb_post_css":"","iawp_total_views":3},"product_brand":[],"product_cat":[60,58],"product_tag":[],"class_list":{"0":"post-2496","1":"product","2":"type-product","3":"status-publish","4":"has-post-thumbnail","6":"product_cat-africa-flags","7":"product_cat-country-flags","9":"first","10":"instock","11":"sale","12":"shipping-taxable","13":"purchasable","14":"product-type-simple"},"_links":{"self":[{"href":"https:\/\/cosmoflag.com\/sv\/wp-json\/wp\/v2\/product\/2496","targetHints":{"allow":["GET"]}}],"collection":[{"href":"https:\/\/cosmoflag.com\/sv\/wp-json\/wp\/v2\/product"}],"about":[{"href":"https:\/\/cosmoflag.com\/sv\/wp-json\/wp\/v2\/types\/product"}],"replies":[{"embeddable":true,"href":"https:\/\/cosmoflag.com\/sv\/wp-json\/wp\/v2\/comments?post=2496"}],"wp:featuredmedia":[{"embeddable":true,"href":"https:\/\/cosmoflag.com\/sv\/wp-json\/wp\/v2\/media\/1788"}],"wp:attachment":[{"href":"https:\/\/cosmoflag.com\/sv\/wp-json\/wp\/v2\/media?parent=2496"}],"wp:term":[{"taxonomy":"product_brand","embeddable":true,"href":"https:\/\/cosmoflag.com\/sv\/wp-json\/wp\/v2\/product_brand?post=2496"},{"taxonomy":"product_cat","embeddable":true,"href":"https:\/\/cosmoflag.com\/sv\/wp-json\/wp\/v2\/product_cat?post=2496"},{"taxonomy":"product_tag","embeddable":true,"href":"https:\/\/cosmoflag.com\/sv\/wp-json\/wp\/v2\/product_tag?post=2496"}],"curies":[{"name":"wp","href":"https:\/\/api.w.org\/{rel}","templated":true}]}}