{"id":2495,"date":"2024-12-19T14:34:00","date_gmt":"2024-12-19T12:34:00","guid":{"rendered":"https:\/\/cosmoflag.com\/?post_type=product&#038;p=2495"},"modified":"2025-08-12T21:20:37","modified_gmt":"2025-08-12T19:20:37","slug":"cookoarnas-flagga","status":"publish","type":"product","link":"https:\/\/cosmoflag.com\/sv\/product\/cookoarnas-flagga\/","title":{"rendered":"Cook\u00f6arnas flagga"},"content":{"rendered":"<h3><strong>Cook\u00f6arnas Flagga Funktioner<\/strong><\/h3>\n<p>V\u00e5r Cook Islands-flagga \u00e4r tillverkad av h\u00f6gkvalitativ polyester, vilket garanterar h\u00e5llbarhet f\u00f6r b\u00e5de inomhus- och utomhusbruk. Den har metallgenomf\u00f6ringar f\u00f6r enkel installation och s\u00e4kert grepp, \u00e4ven under ogynnsamma v\u00e4derf\u00f6rh\u00e5llanden. Med m\u00e5tten 90 x 150 cm\/35 x 59 tum erbjuder denna flagga utm\u00e4rkt synlighet f\u00f6r visning p\u00e5 stolpar, v\u00e4ggar eller under kulturella firanden.<\/p>\n<h3><strong>En symbol f\u00f6r arv och sammanh\u00e5llning<\/strong><\/h3>\n<p>Cook\u00f6arnas flagga, som officiellt antogs 1979, kombinerar element i nationens kulturella identitet och historiska band. Den har ett bl\u00e5tt f\u00e4lt som symboliserar havet, med 15 vita stj\u00e4rnor ordnade i en cirkel, som representerar de 15 \u00f6arna som utg\u00f6r Cook\u00f6arna. Union Jack i det \u00f6vre v\u00e4nstra h\u00f6rnet \u00e5terspeglar nationens historiska koppling till Storbritannien och symboliserar dess status som ett sj\u00e4lvstyrande territorium inom samv\u00e4ldet.<\/p>\n<h3><strong>M\u00e5ngsidiga anv\u00e4ndningsm\u00f6jligheter<\/strong><\/h3>\n<p>Cook Islands flagga \u00e4r perfekt f\u00f6r nationella firanden, kulturella evenemang, utbildnings\u00e4ndam\u00e5l eller personliga samlingar och \u00e4r en meningsfull representation av nationens historia och stolthet. Dess blekningsbest\u00e4ndiga f\u00e4rger och robusta design s\u00e4kerst\u00e4ller att den f\u00f6rblir livlig och effektfull \u00f6ver tiden.<\/p>","protected":false},"excerpt":{"rendered":"<p>150 x 90 cm flagga med 2 kraftiga metall\u00f6glor f\u00f6r s\u00e4ker upph\u00e4ngning.<\/p>","protected":false},"featured_media":1867,"comment_status":"open","ping_status":"closed","template":"","meta":{"_gspb_post_css":"","iawp_total_views":1},"product_brand":[],"product_cat":[67,58],"product_tag":[],"class_list":{"0":"post-2495","1":"product","2":"type-product","3":"status-publish","4":"has-post-thumbnail","6":"product_cat-oceania-flag","7":"product_cat-country-flags","9":"first","10":"instock","11":"sale","12":"shipping-taxable","13":"purchasable","14":"product-type-simple"},"_links":{"self":[{"href":"https:\/\/cosmoflag.com\/sv\/wp-json\/wp\/v2\/product\/2495","targetHints":{"allow":["GET"]}}],"collection":[{"href":"https:\/\/cosmoflag.com\/sv\/wp-json\/wp\/v2\/product"}],"about":[{"href":"https:\/\/cosmoflag.com\/sv\/wp-json\/wp\/v2\/types\/product"}],"replies":[{"embeddable":true,"href":"https:\/\/cosmoflag.com\/sv\/wp-json\/wp\/v2\/comments?post=2495"}],"wp:featuredmedia":[{"embeddable":true,"href":"https:\/\/cosmoflag.com\/sv\/wp-json\/wp\/v2\/media\/1867"}],"wp:attachment":[{"href":"https:\/\/cosmoflag.com\/sv\/wp-json\/wp\/v2\/media?parent=2495"}],"wp:term":[{"taxonomy":"product_brand","embeddable":true,"href":"https:\/\/cosmoflag.com\/sv\/wp-json\/wp\/v2\/product_brand?post=2495"},{"taxonomy":"product_cat","embeddable":true,"href":"https:\/\/cosmoflag.com\/sv\/wp-json\/wp\/v2\/product_cat?post=2495"},{"taxonomy":"product_tag","embeddable":true,"href":"https:\/\/cosmoflag.com\/sv\/wp-json\/wp\/v2\/product_tag?post=2495"}],"curies":[{"name":"wp","href":"https:\/\/api.w.org\/{rel}","templated":true}]}}