{"id":2494,"date":"2024-12-19T14:31:00","date_gmt":"2024-12-19T12:31:00","guid":{"rendered":"https:\/\/cosmoflag.com\/?post_type=product&#038;p=2494"},"modified":"2025-08-12T21:20:37","modified_gmt":"2025-08-12T19:20:37","slug":"dykflagga","status":"publish","type":"product","link":"https:\/\/cosmoflag.com\/sv\/product\/dykflagga\/","title":{"rendered":"Dykflagga"},"content":{"rendered":"<h3><strong>Dykning Flaggfunktioner<\/strong><\/h3>\n<p>V\u00e5r dykflagga \u00e4r tillverkad av premiumpolyester, vilket garanterar utm\u00e4rkt h\u00e5llbarhet f\u00f6r anv\u00e4ndning i b\u00e5de inomhus- och utomhusmilj\u00f6er. Den har metallgenomf\u00f6ringar f\u00f6r enkel installation och s\u00e4ker fasts\u00e4ttning p\u00e5 stolpar eller b\u00e5tar. Med m\u00e5tten 90 x 150 cm\/35 x 59 tum ger denna flagga enast\u00e5ende synlighet, \u00e4ven p\u00e5 avst\u00e5nd, vilket g\u00f6r den till ett viktigt s\u00e4kerhetsverktyg f\u00f6r dykaktiviteter.<\/p>\n<h3><strong>En universell symbol f\u00f6r s\u00e4kerhet<\/strong><\/h3>\n<p>Den r\u00f6da dykflaggan med en diagonal vit rand \u00e4r en globalt erk\u00e4nd symbol f\u00f6r dyk- och snorklingsaktiviteter. Den signalerar att det finns dykare under ytan och varnar n\u00e4rliggande b\u00e5tar och vattenfarkoster att h\u00e5lla ett s\u00e4kert avst\u00e5nd. Denna flagga \u00e4r ett viktigt s\u00e4kerhetskrav f\u00f6r dykare och garanterar en s\u00e4ker och respektfull interaktion med marina milj\u00f6er.<\/p>\n<h3><strong>M\u00e5ngsidiga anv\u00e4ndningsm\u00f6jligheter<\/strong><\/h3>\n<p>Dykflaggan \u00e4r perfekt f\u00f6r dykb\u00e5tar, privata fartyg eller dykutbildningsprogram och \u00e4r ett m\u00e5ste f\u00f6r alla som deltar i undervattensaktiviteter. Den robusta designen och de blekningsbest\u00e4ndiga f\u00e4rgerna s\u00e4kerst\u00e4ller tillf\u00f6rlitlig prestanda och varaktig synlighet under utmanande marina f\u00f6rh\u00e5llanden.<\/p>","protected":false},"excerpt":{"rendered":"<p>150 x 90 cm flagga med 2 kraftiga metall\u00f6glor f\u00f6r s\u00e4ker upph\u00e4ngning.<\/p>","protected":false},"featured_media":1869,"comment_status":"open","ping_status":"closed","template":"","meta":{"_gspb_post_css":"","iawp_total_views":14},"product_brand":[],"product_cat":[68],"product_tag":[],"class_list":{"0":"post-2494","1":"product","2":"type-product","3":"status-publish","4":"has-post-thumbnail","6":"product_cat-official-flags","8":"first","9":"instock","10":"sale","11":"shipping-taxable","12":"purchasable","13":"product-type-simple"},"_links":{"self":[{"href":"https:\/\/cosmoflag.com\/sv\/wp-json\/wp\/v2\/product\/2494","targetHints":{"allow":["GET"]}}],"collection":[{"href":"https:\/\/cosmoflag.com\/sv\/wp-json\/wp\/v2\/product"}],"about":[{"href":"https:\/\/cosmoflag.com\/sv\/wp-json\/wp\/v2\/types\/product"}],"replies":[{"embeddable":true,"href":"https:\/\/cosmoflag.com\/sv\/wp-json\/wp\/v2\/comments?post=2494"}],"wp:featuredmedia":[{"embeddable":true,"href":"https:\/\/cosmoflag.com\/sv\/wp-json\/wp\/v2\/media\/1869"}],"wp:attachment":[{"href":"https:\/\/cosmoflag.com\/sv\/wp-json\/wp\/v2\/media?parent=2494"}],"wp:term":[{"taxonomy":"product_brand","embeddable":true,"href":"https:\/\/cosmoflag.com\/sv\/wp-json\/wp\/v2\/product_brand?post=2494"},{"taxonomy":"product_cat","embeddable":true,"href":"https:\/\/cosmoflag.com\/sv\/wp-json\/wp\/v2\/product_cat?post=2494"},{"taxonomy":"product_tag","embeddable":true,"href":"https:\/\/cosmoflag.com\/sv\/wp-json\/wp\/v2\/product_tag?post=2494"}],"curies":[{"name":"wp","href":"https:\/\/api.w.org\/{rel}","templated":true}]}}