{"id":2493,"date":"2024-12-19T14:24:00","date_gmt":"2024-12-19T12:24:00","guid":{"rendered":"https:\/\/cosmoflag.com\/?post_type=product&#038;p=2493"},"modified":"2025-08-12T21:20:38","modified_gmt":"2025-08-12T19:20:38","slug":"floridas-statsflagga","status":"publish","type":"product","link":"https:\/\/cosmoflag.com\/sv\/product\/floridas-statsflagga\/","title":{"rendered":"Floridas statsflagga"},"content":{"rendered":"<h3><strong>Florida State Flag Features<\/strong><\/h3>\n<p>V\u00e5r Florida-flagga \u00e4r tillverkad av premiumpolyester som ger utm\u00e4rkt h\u00e5llbarhet f\u00f6r inomhus- och utomhusvisning. Den har metallgenomf\u00f6ringar f\u00f6r enkel installation och s\u00e4kert grepp, \u00e4ven i ogynnsamma v\u00e4derf\u00f6rh\u00e5llanden. Med m\u00e5tten 90 x 150 cm\/35 x 59 tum s\u00e4kerst\u00e4ller denna flagga enast\u00e5ende synlighet f\u00f6r stolpar, v\u00e4ggar eller offentliga firanden.<\/p>\n<h3><strong>En symbol f\u00f6r Floridas arv<\/strong><\/h3>\n<p>Floridas statsflagga har ett vitt f\u00e4lt med ett r\u00f6tt kors av St Andrew och statens sigill i mitten. T\u00e4tningen visar en Seminole-kvinna, en \u00e5ngb\u00e5t och ett frodigt naturlandskap som symboliserar Floridas rika historia, m\u00e5ngsidiga kultur och rikliga naturresurser. Denna flagga antogs officiellt 1900 och f\u00f6rkroppsligar Sunshine State's unika identitet och motst\u00e5ndskraft.<\/p>\n<h3><strong>M\u00e5ngsidiga anv\u00e4ndningsm\u00f6jligheter<\/strong><\/h3>\n<p>Floridas statsflagga \u00e4r perfekt f\u00f6r statsfester, kulturella evenemang, utbildnings\u00e4ndam\u00e5l eller personliga samlingar och \u00e4r ett meningsfullt tillskott till alla milj\u00f6er. Dess blekningsbest\u00e4ndiga f\u00e4rger och robusta design s\u00e4kerst\u00e4ller att den beh\u00e5ller sin symboliska betydelse och visuella p\u00e5verkan \u00f6ver tiden.<\/p>","protected":false},"excerpt":{"rendered":"<p>150 x 90 cm flagga med 2 kraftiga metall\u00f6glor f\u00f6r s\u00e4ker upph\u00e4ngning.<\/p>","protected":false},"featured_media":1918,"comment_status":"open","ping_status":"closed","template":"","meta":{"_gspb_post_css":"","iawp_total_views":0},"product_brand":[],"product_cat":[72,70],"product_tag":[],"class_list":{"0":"post-2493","1":"product","2":"type-product","3":"status-publish","4":"has-post-thumbnail","6":"product_cat-american-state-flags","7":"product_cat-regional-flags","9":"first","10":"instock","11":"sale","12":"shipping-taxable","13":"purchasable","14":"product-type-simple"},"_links":{"self":[{"href":"https:\/\/cosmoflag.com\/sv\/wp-json\/wp\/v2\/product\/2493","targetHints":{"allow":["GET"]}}],"collection":[{"href":"https:\/\/cosmoflag.com\/sv\/wp-json\/wp\/v2\/product"}],"about":[{"href":"https:\/\/cosmoflag.com\/sv\/wp-json\/wp\/v2\/types\/product"}],"replies":[{"embeddable":true,"href":"https:\/\/cosmoflag.com\/sv\/wp-json\/wp\/v2\/comments?post=2493"}],"wp:featuredmedia":[{"embeddable":true,"href":"https:\/\/cosmoflag.com\/sv\/wp-json\/wp\/v2\/media\/1918"}],"wp:attachment":[{"href":"https:\/\/cosmoflag.com\/sv\/wp-json\/wp\/v2\/media?parent=2493"}],"wp:term":[{"taxonomy":"product_brand","embeddable":true,"href":"https:\/\/cosmoflag.com\/sv\/wp-json\/wp\/v2\/product_brand?post=2493"},{"taxonomy":"product_cat","embeddable":true,"href":"https:\/\/cosmoflag.com\/sv\/wp-json\/wp\/v2\/product_cat?post=2493"},{"taxonomy":"product_tag","embeddable":true,"href":"https:\/\/cosmoflag.com\/sv\/wp-json\/wp\/v2\/product_tag?post=2493"}],"curies":[{"name":"wp","href":"https:\/\/api.w.org\/{rel}","templated":true}]}}