{"id":2491,"date":"2024-12-19T14:12:00","date_gmt":"2024-12-19T12:12:00","guid":{"rendered":"https:\/\/cosmoflag.com\/?post_type=product&#038;p=2491"},"modified":"2025-08-12T21:20:38","modified_gmt":"2025-08-12T19:20:38","slug":"franconia-flagga","status":"publish","type":"product","link":"https:\/\/cosmoflag.com\/sv\/product\/franconia-flagga\/","title":{"rendered":"Franconia Flagga"},"content":{"rendered":"<h3><strong>Franconia Flagga Funktioner<\/strong><\/h3>\n<p>V\u00e5r Franconia-flagga \u00e4r tillverkad av premium polyester, vilket garanterar h\u00e5llbarhet och motst\u00e5ndskraft f\u00f6r b\u00e5de inomhus- och utomhusbruk. Den \u00e4r utrustad med metall\u00f6glor f\u00f6r enkel installation och garanterar s\u00e4ker visning \u00e4ven under ogynnsamma v\u00e4derf\u00f6rh\u00e5llanden. Med m\u00e5tten 90 x 150 cm\/35 x 59 tum s\u00e4kerst\u00e4ller denna flagga utm\u00e4rkt synlighet, vilket g\u00f6r den l\u00e4mplig f\u00f6r stolpar, v\u00e4ggar eller offentliga evenemang.<\/p>\n<h3><strong>En symbol f\u00f6r det frankiska arvet<\/strong><\/h3>\n<p>Franconias flagga har tv\u00e5 horisontella r\u00e4nder - r\u00f6d och vit - med den ikoniska Franconian Rake (tre vita spikar p\u00e5 en r\u00f6d bakgrund) framtr\u00e4dande. Franconian Rake \u00e4r ett historiskt emblem f\u00f6r regionen, som symboliserar dess identitet, enhet och djupa kulturarv. Denna flagga \u00e4r en stolt representation av Franken, en region i s\u00f6dra Tyskland som \u00e4r rik p\u00e5 tradition och historia.<\/p>\n<h3><strong>M\u00e5ngsidiga anv\u00e4ndningsm\u00f6jligheter<\/strong><\/h3>\n<p>Franconias flagga \u00e4r perfekt f\u00f6r regionala firanden, kulturella evenemang, utbildningsutst\u00e4llningar eller som en del av en personlig samling och fungerar som en meningsfull representation av frankisk identitet och stolthet. Dess blekningsbest\u00e4ndiga f\u00e4rger och robusta design s\u00e4kerst\u00e4ller att den f\u00f6rblir livlig och effektfull \u00f6ver tiden.<\/p>","protected":false},"excerpt":{"rendered":"<p>150 x 90 cm flagga med 2 kraftiga metall\u00f6glor f\u00f6r s\u00e4ker upph\u00e4ngning.<\/p>","protected":false},"featured_media":1932,"comment_status":"open","ping_status":"closed","template":"","meta":{"_gspb_post_css":"","iawp_total_views":3},"product_brand":[],"product_cat":[77,70],"product_tag":[],"class_list":{"0":"post-2491","1":"product","2":"type-product","3":"status-publish","4":"has-post-thumbnail","6":"product_cat-german-state-flags","7":"product_cat-regional-flags","9":"first","10":"instock","11":"sale","12":"shipping-taxable","13":"purchasable","14":"product-type-simple"},"_links":{"self":[{"href":"https:\/\/cosmoflag.com\/sv\/wp-json\/wp\/v2\/product\/2491","targetHints":{"allow":["GET"]}}],"collection":[{"href":"https:\/\/cosmoflag.com\/sv\/wp-json\/wp\/v2\/product"}],"about":[{"href":"https:\/\/cosmoflag.com\/sv\/wp-json\/wp\/v2\/types\/product"}],"replies":[{"embeddable":true,"href":"https:\/\/cosmoflag.com\/sv\/wp-json\/wp\/v2\/comments?post=2491"}],"wp:featuredmedia":[{"embeddable":true,"href":"https:\/\/cosmoflag.com\/sv\/wp-json\/wp\/v2\/media\/1932"}],"wp:attachment":[{"href":"https:\/\/cosmoflag.com\/sv\/wp-json\/wp\/v2\/media?parent=2491"}],"wp:term":[{"taxonomy":"product_brand","embeddable":true,"href":"https:\/\/cosmoflag.com\/sv\/wp-json\/wp\/v2\/product_brand?post=2491"},{"taxonomy":"product_cat","embeddable":true,"href":"https:\/\/cosmoflag.com\/sv\/wp-json\/wp\/v2\/product_cat?post=2491"},{"taxonomy":"product_tag","embeddable":true,"href":"https:\/\/cosmoflag.com\/sv\/wp-json\/wp\/v2\/product_tag?post=2491"}],"curies":[{"name":"wp","href":"https:\/\/api.w.org\/{rel}","templated":true}]}}