{"id":2486,"date":"2024-12-19T14:01:00","date_gmt":"2024-12-19T12:01:00","guid":{"rendered":"https:\/\/cosmoflag.com\/?post_type=product&#038;p=2486"},"modified":"2025-08-12T21:20:39","modified_gmt":"2025-08-12T19:20:39","slug":"hawaiis-flagga","status":"publish","type":"product","link":"https:\/\/cosmoflag.com\/sv\/product\/hawaiis-flagga\/","title":{"rendered":"Hawaii flagga"},"content":{"rendered":"<h3><strong>Hawaii Flagga Funktioner<\/strong><\/h3>\n<p>V\u00e5r Hawaii-flagga \u00e4r tillverkad av premiumpolyester, vilket garanterar h\u00e5llbarhet f\u00f6r inomhus- och utomhusbruk. Den har metallgenomf\u00f6ringar f\u00f6r enkel installation och tillf\u00f6rlitlig h\u00e5llning, \u00e4ven under ogynnsamma v\u00e4derf\u00f6rh\u00e5llanden. Med m\u00e5tten 90 x 150 cm\/35 x 59 tum erbjuder denna flagga utm\u00e4rkt synlighet oavsett om den visas p\u00e5 stolpar, v\u00e4ggar eller under kulturella firanden.<\/p>\n<h3><strong>En unik symbol f\u00f6r det hawaiianska arvet<\/strong><\/h3>\n<p>Hawaiis flagga, \u00e4ven k\u00e4nd som \u201cKa Hae Hawai'i\u201d, kombinerar p\u00e5 ett unikt s\u00e4tt element fr\u00e5n Hawaiis historia och dess band till Storbritannien. Flaggan har \u00e5tta horisontella r\u00e4nder i vitt, r\u00f6tt och bl\u00e5tt, som representerar de \u00e5tta huvud\u00f6arna i Hawaii. Union Jack i det \u00f6vre v\u00e4nstra h\u00f6rnet \u00e5terspeglar det historiska f\u00f6rh\u00e5llandet till Storbritannien. Flaggan antogs 1845 och fungerar som en symbol f\u00f6r Hawaiis kulturella identitet och suver\u00e4nitet.<\/p>\n<h3><strong>M\u00e5ngsidiga anv\u00e4ndningsm\u00f6jligheter<\/strong><\/h3>\n<p>Hawaii-flaggan \u00e4r perfekt f\u00f6r kulturella evenemang, statsfester, utbildnings\u00e4ndam\u00e5l eller som en symbol f\u00f6r stolthet och \u00e4r ett m\u00e5ngsidigt tillskott till alla milj\u00f6er. Dess robusta design och blekningsbest\u00e4ndiga f\u00e4rger s\u00e4kerst\u00e4ller att den f\u00f6rblir livlig och effektfull under m\u00e5nga \u00e5r fram\u00f6ver.<\/p>","protected":false},"excerpt":{"rendered":"<p>150 x 90 cm flagga med 2 kraftiga metall\u00f6glor f\u00f6r s\u00e4ker upph\u00e4ngning.<\/p>","protected":false},"featured_media":1970,"comment_status":"open","ping_status":"closed","template":"","meta":{"_gspb_post_css":"","iawp_total_views":1},"product_brand":[],"product_cat":[72,70],"product_tag":[],"class_list":{"0":"post-2486","1":"product","2":"type-product","3":"status-publish","4":"has-post-thumbnail","6":"product_cat-american-state-flags","7":"product_cat-regional-flags","9":"first","10":"instock","11":"sale","12":"shipping-taxable","13":"purchasable","14":"product-type-simple"},"_links":{"self":[{"href":"https:\/\/cosmoflag.com\/sv\/wp-json\/wp\/v2\/product\/2486","targetHints":{"allow":["GET"]}}],"collection":[{"href":"https:\/\/cosmoflag.com\/sv\/wp-json\/wp\/v2\/product"}],"about":[{"href":"https:\/\/cosmoflag.com\/sv\/wp-json\/wp\/v2\/types\/product"}],"replies":[{"embeddable":true,"href":"https:\/\/cosmoflag.com\/sv\/wp-json\/wp\/v2\/comments?post=2486"}],"wp:featuredmedia":[{"embeddable":true,"href":"https:\/\/cosmoflag.com\/sv\/wp-json\/wp\/v2\/media\/1970"}],"wp:attachment":[{"href":"https:\/\/cosmoflag.com\/sv\/wp-json\/wp\/v2\/media?parent=2486"}],"wp:term":[{"taxonomy":"product_brand","embeddable":true,"href":"https:\/\/cosmoflag.com\/sv\/wp-json\/wp\/v2\/product_brand?post=2486"},{"taxonomy":"product_cat","embeddable":true,"href":"https:\/\/cosmoflag.com\/sv\/wp-json\/wp\/v2\/product_cat?post=2486"},{"taxonomy":"product_tag","embeddable":true,"href":"https:\/\/cosmoflag.com\/sv\/wp-json\/wp\/v2\/product_tag?post=2486"}],"curies":[{"name":"wp","href":"https:\/\/api.w.org\/{rel}","templated":true}]}}