{"id":2485,"date":"2024-12-19T13:56:00","date_gmt":"2024-12-19T11:56:00","guid":{"rendered":"https:\/\/cosmoflag.com\/?post_type=product&#038;p=2485"},"modified":"2025-08-12T21:20:40","modified_gmt":"2025-08-12T19:20:40","slug":"vitrysslands-historiska-flagga","status":"publish","type":"product","link":"https:\/\/cosmoflag.com\/sv\/product\/vitrysslands-historiska-flagga\/","title":{"rendered":"Vitrysslands historiska flagga"},"content":{"rendered":"<h3><strong>Vitrysslands historiska flagga Funktioner<\/strong><\/h3>\n<p>V\u00e5r historiska vitryska flagga \u00e4r tillverkad av premium polyester, vilket garanterar h\u00e5llbarhet f\u00f6r b\u00e5de inomhus- och utomhusvisning. Den har metallgenomf\u00f6ringar f\u00f6r enkel installation och s\u00e4kert grepp, \u00e4ven under utmanande v\u00e4derf\u00f6rh\u00e5llanden. Med m\u00e5tten 90 x 150 cm\/35 x 59 tum s\u00e4kerst\u00e4ller denna flagga utm\u00e4rkt synlighet, oavsett om det \u00e4r p\u00e5 en stolpe, v\u00e4gg eller under kulturevenemang.<\/p>\n<h3><strong>En symbol f\u00f6r arv och sj\u00e4lvst\u00e4ndighet<\/strong><\/h3>\n<p>Vitrysslands historiska flagga, med en r\u00f6d horisontell rand kantad av vitt och ett monterat riddaremblem, \u00e4r en viktig symbol f\u00f6r nationens kamp f\u00f6r sj\u00e4lvst\u00e4ndighet och dess historiska identitet. Emblemet, som kallas \"Pahonia\", representerar mod och skydd, medan flaggans r\u00f6da och vita design symboliserar Vitrysslands kulturella och historiska traditioner.<\/p>\n<h3><strong>M\u00e5ngsidiga anv\u00e4ndningsm\u00f6jligheter<\/strong><\/h3>\n<p>Vitrysslands historiska flagga \u00e4r perfekt f\u00f6r kulturella fester, historiska rekonstruktioner, utbildningsutst\u00e4llningar eller personliga samlingar och \u00e4r ett meningsfullt tillskott till alla milj\u00f6er. Dess blekningsbest\u00e4ndiga f\u00e4rger och robusta design s\u00e4kerst\u00e4ller varaktig visuell och symbolisk p\u00e5verkan.<\/p>","protected":false},"excerpt":{"rendered":"<p>150 x 90 cm flagga med 2 kraftiga metall\u00f6glor f\u00f6r s\u00e4ker upph\u00e4ngning.<\/p>","protected":false},"featured_media":1978,"comment_status":"open","ping_status":"closed","template":"","meta":{"_gspb_post_css":"","iawp_total_views":14},"product_brand":[],"product_cat":[65,58],"product_tag":[],"class_list":{"0":"post-2485","1":"product","2":"type-product","3":"status-publish","4":"has-post-thumbnail","6":"product_cat-europe-flags","7":"product_cat-country-flags","9":"first","10":"instock","11":"sale","12":"shipping-taxable","13":"purchasable","14":"product-type-simple"},"_links":{"self":[{"href":"https:\/\/cosmoflag.com\/sv\/wp-json\/wp\/v2\/product\/2485","targetHints":{"allow":["GET"]}}],"collection":[{"href":"https:\/\/cosmoflag.com\/sv\/wp-json\/wp\/v2\/product"}],"about":[{"href":"https:\/\/cosmoflag.com\/sv\/wp-json\/wp\/v2\/types\/product"}],"replies":[{"embeddable":true,"href":"https:\/\/cosmoflag.com\/sv\/wp-json\/wp\/v2\/comments?post=2485"}],"wp:featuredmedia":[{"embeddable":true,"href":"https:\/\/cosmoflag.com\/sv\/wp-json\/wp\/v2\/media\/1978"}],"wp:attachment":[{"href":"https:\/\/cosmoflag.com\/sv\/wp-json\/wp\/v2\/media?parent=2485"}],"wp:term":[{"taxonomy":"product_brand","embeddable":true,"href":"https:\/\/cosmoflag.com\/sv\/wp-json\/wp\/v2\/product_brand?post=2485"},{"taxonomy":"product_cat","embeddable":true,"href":"https:\/\/cosmoflag.com\/sv\/wp-json\/wp\/v2\/product_cat?post=2485"},{"taxonomy":"product_tag","embeddable":true,"href":"https:\/\/cosmoflag.com\/sv\/wp-json\/wp\/v2\/product_tag?post=2485"}],"curies":[{"name":"wp","href":"https:\/\/api.w.org\/{rel}","templated":true}]}}