{"id":2484,"date":"2024-12-19T13:53:00","date_gmt":"2024-12-19T11:53:00","guid":{"rendered":"https:\/\/cosmoflag.com\/?post_type=product&#038;p=2484"},"modified":"2025-08-12T21:20:40","modified_gmt":"2025-08-12T19:20:40","slug":"kosovos-flagga","status":"publish","type":"product","link":"https:\/\/cosmoflag.com\/sv\/product\/kosovos-flagga\/","title":{"rendered":"Kosovos flagga"},"content":{"rendered":"<h3><strong>Kosovo Flagga Funktioner<\/strong><\/h3>\n<p>V\u00e5r Kosovo-flagga \u00e4r tillverkad av premium polyester, vilket garanterar h\u00e5llbarhet f\u00f6r l\u00e5ngvarig anv\u00e4ndning b\u00e5de inomhus och utomhus. Den har metallgenomf\u00f6ringar f\u00f6r enkel installation och s\u00e4kert grepp, \u00e4ven under utmanande v\u00e4derf\u00f6rh\u00e5llanden. Med m\u00e5tten 90 x 150 cm\/35 x 59 tum erbjuder denna flagga utm\u00e4rkt synlighet f\u00f6r visning p\u00e5 stolpar, v\u00e4ggar eller under nationella firanden.<\/p>\n<h3><strong>En symbol f\u00f6r sj\u00e4lvst\u00e4ndighet och enighet<\/strong><\/h3>\n<p>Kosovos flagga, som officiellt antogs 2008, \u00e4r en representation av nationens sj\u00e4lvst\u00e4ndighet och m\u00e5ngkulturella identitet. Flaggan har en bl\u00e5 bakgrund med den gyllene konturen av Kosovo i mitten, omgiven av sex vita stj\u00e4rnor. Varje stj\u00e4rna symboliserar en av Kosovos st\u00f6rsta etniska grupper, vilket \u00e5terspeglar folkets enhet och m\u00e5ngfald. Denna design f\u00f6rkroppsligar Kosovos str\u00e4van efter fred och erk\u00e4nnande.<\/p>\n<h3><strong>M\u00e5ngsidiga anv\u00e4ndningsm\u00f6jligheter<\/strong><\/h3>\n<p>Kosovos flagga \u00e4r perfekt f\u00f6r nationella evenemang, kulturella firanden, utbildnings\u00e4ndam\u00e5l eller personliga samlingar och \u00e4r ett m\u00e5ngsidigt och meningsfullt till\u00e4gg till alla milj\u00f6er. Dess robusta design och blekningsbest\u00e4ndiga f\u00e4rger s\u00e4kerst\u00e4ller att den beh\u00e5ller sin symboliska betydelse och visuella p\u00e5verkan \u00f6ver tiden.<\/p>","protected":false},"excerpt":{"rendered":"<p>150 x 90 cm flagga med 2 kraftiga metall\u00f6glor f\u00f6r s\u00e4ker upph\u00e4ngning.<\/p>","protected":false},"featured_media":2027,"comment_status":"open","ping_status":"closed","template":"","meta":{"_gspb_post_css":"","iawp_total_views":6},"product_brand":[],"product_cat":[65,58],"product_tag":[],"class_list":{"0":"post-2484","1":"product","2":"type-product","3":"status-publish","4":"has-post-thumbnail","6":"product_cat-europe-flags","7":"product_cat-country-flags","9":"first","10":"instock","11":"sale","12":"shipping-taxable","13":"purchasable","14":"product-type-simple"},"_links":{"self":[{"href":"https:\/\/cosmoflag.com\/sv\/wp-json\/wp\/v2\/product\/2484","targetHints":{"allow":["GET"]}}],"collection":[{"href":"https:\/\/cosmoflag.com\/sv\/wp-json\/wp\/v2\/product"}],"about":[{"href":"https:\/\/cosmoflag.com\/sv\/wp-json\/wp\/v2\/types\/product"}],"replies":[{"embeddable":true,"href":"https:\/\/cosmoflag.com\/sv\/wp-json\/wp\/v2\/comments?post=2484"}],"wp:featuredmedia":[{"embeddable":true,"href":"https:\/\/cosmoflag.com\/sv\/wp-json\/wp\/v2\/media\/2027"}],"wp:attachment":[{"href":"https:\/\/cosmoflag.com\/sv\/wp-json\/wp\/v2\/media?parent=2484"}],"wp:term":[{"taxonomy":"product_brand","embeddable":true,"href":"https:\/\/cosmoflag.com\/sv\/wp-json\/wp\/v2\/product_brand?post=2484"},{"taxonomy":"product_cat","embeddable":true,"href":"https:\/\/cosmoflag.com\/sv\/wp-json\/wp\/v2\/product_cat?post=2484"},{"taxonomy":"product_tag","embeddable":true,"href":"https:\/\/cosmoflag.com\/sv\/wp-json\/wp\/v2\/product_tag?post=2484"}],"curies":[{"name":"wp","href":"https:\/\/api.w.org\/{rel}","templated":true}]}}