{"id":2481,"date":"2024-12-19T13:41:00","date_gmt":"2024-12-19T11:41:00","guid":{"rendered":"https:\/\/cosmoflag.com\/?post_type=product&#038;p=2481"},"modified":"2025-08-12T21:20:41","modified_gmt":"2025-08-12T19:20:41","slug":"nepals-flagga","status":"publish","type":"product","link":"https:\/\/cosmoflag.com\/sv\/product\/nepals-flagga\/","title":{"rendered":"Nepal Flagga"},"content":{"rendered":"<h3><strong>Nepal Flagga Funktioner<\/strong><\/h3>\n<p>V\u00e5r Nepal-flagga \u00e4r tillverkad av premium polyester, vilket garanterar h\u00e5llbarhet och motst\u00e5ndskraft f\u00f6r inomhus- och utomhusbruk. Utrustad med metallgenomf\u00f6ringar \u00e4r den l\u00e4tt att installera och h\u00e5lls s\u00e4kert, \u00e4ven i utmanande v\u00e4der. Med m\u00e5tten 90 x 150 cm\/35 x 59 tum ger denna flagga utm\u00e4rkt synlighet, vilket g\u00f6r den perfekt f\u00f6r stolpar, v\u00e4ggar eller offentliga evenemang.<\/p>\n<h3><strong>En verkligt unik nationalsymbol<\/strong><\/h3>\n<p>Nepals flagga, som antogs 1962, \u00e4r den enda icke-rektangul\u00e4ra nationalflaggan i v\u00e4rlden och best\u00e5r av tv\u00e5 staplade trianglar. Den \u00f6vre triangeln har en vit m\u00e5ne, medan den nedre visar en vit sol, som representerar fred och harmoni. Den r\u00f6da f\u00e4rgen symboliserar mod och den bl\u00e5 kanten st\u00e5r f\u00f6r fred. Denna distinkta design \u00e5terspeglar Nepals rika kulturarv och dess koppling till Himalaya.<\/p>\n<h3><strong>M\u00e5ngsidiga anv\u00e4ndningsm\u00f6jligheter<\/strong><\/h3>\n<p>Nepal-flaggan \u00e4r idealisk f\u00f6r kulturella evenemang, nationella firanden, utbildningsutst\u00e4llningar eller personliga samlingar och \u00e4r en kraftfull symbol f\u00f6r identitet och stolthet. Dess blekningsbest\u00e4ndiga f\u00e4rger och robusta design s\u00e4kerst\u00e4ller varaktig visuell p\u00e5verkan och betydelse.<\/p>","protected":false},"excerpt":{"rendered":"<p>150 x 90 cm flagga med 2 kraftiga metall\u00f6glor f\u00f6r s\u00e4ker upph\u00e4ngning.<\/p>","protected":false},"featured_media":2076,"comment_status":"open","ping_status":"closed","template":"","meta":{"_gspb_post_css":"","iawp_total_views":22},"product_brand":[],"product_cat":[64,58],"product_tag":[],"class_list":{"0":"post-2481","1":"product","2":"type-product","3":"status-publish","4":"has-post-thumbnail","6":"product_cat-asia-flags","7":"product_cat-country-flags","9":"first","10":"instock","11":"sale","12":"shipping-taxable","13":"purchasable","14":"product-type-simple"},"_links":{"self":[{"href":"https:\/\/cosmoflag.com\/sv\/wp-json\/wp\/v2\/product\/2481","targetHints":{"allow":["GET"]}}],"collection":[{"href":"https:\/\/cosmoflag.com\/sv\/wp-json\/wp\/v2\/product"}],"about":[{"href":"https:\/\/cosmoflag.com\/sv\/wp-json\/wp\/v2\/types\/product"}],"replies":[{"embeddable":true,"href":"https:\/\/cosmoflag.com\/sv\/wp-json\/wp\/v2\/comments?post=2481"}],"wp:featuredmedia":[{"embeddable":true,"href":"https:\/\/cosmoflag.com\/sv\/wp-json\/wp\/v2\/media\/2076"}],"wp:attachment":[{"href":"https:\/\/cosmoflag.com\/sv\/wp-json\/wp\/v2\/media?parent=2481"}],"wp:term":[{"taxonomy":"product_brand","embeddable":true,"href":"https:\/\/cosmoflag.com\/sv\/wp-json\/wp\/v2\/product_brand?post=2481"},{"taxonomy":"product_cat","embeddable":true,"href":"https:\/\/cosmoflag.com\/sv\/wp-json\/wp\/v2\/product_cat?post=2481"},{"taxonomy":"product_tag","embeddable":true,"href":"https:\/\/cosmoflag.com\/sv\/wp-json\/wp\/v2\/product_tag?post=2481"}],"curies":[{"name":"wp","href":"https:\/\/api.w.org\/{rel}","templated":true}]}}