{"id":2476,"date":"2024-12-17T14:45:00","date_gmt":"2024-12-17T12:45:00","guid":{"rendered":"https:\/\/cosmoflag.com\/?post_type=product&#038;p=2476"},"modified":"2025-08-12T21:20:42","modified_gmt":"2025-08-12T19:20:42","slug":"omans-flagga","status":"publish","type":"product","link":"https:\/\/cosmoflag.com\/sv\/product\/omans-flagga\/","title":{"rendered":"Oman Flagga"},"content":{"rendered":"<h3><strong>Oman Flagga Funktioner<\/strong><\/h3>\n<p>V\u00e5r Oman-flagga \u00e4r tillverkad av h\u00f6gkvalitativ polyester, vilket garanterar h\u00e5llbarhet och motst\u00e5ndskraft f\u00f6r b\u00e5de inomhus- och utomhusbruk. Den har metallgenomf\u00f6ringar f\u00f6r enkel installation och s\u00e4kert f\u00e4ste, \u00e4ven under ogynnsamma v\u00e4derf\u00f6rh\u00e5llanden. Med m\u00e5tten 90 x 150 cm\/35 x 59 tum erbjuder denna flagga utm\u00e4rkt synlighet oavsett om den visas p\u00e5 en flaggst\u00e5ng, v\u00e4gg eller under nationella firanden.<\/p>\n<h3><strong>En symbol f\u00f6r tradition och arv<\/strong><\/h3>\n<p>Omans flagga, som officiellt antogs 1970, representerar landets rika arv och identitet. Den har tre horisontella r\u00e4nder: vit symboliserar fred och v\u00e4lst\u00e5nd, r\u00f6d f\u00f6r strider som utk\u00e4mpats och gr\u00f6n f\u00f6r det b\u00f6rdiga landet. Det nationella emblemet - en vit khanjar-dolk \u00f6ver tv\u00e5 korsade sv\u00e4rd - p\u00e5 hissidan symboliserar styrka, mod och monarkins roll i den omanska kulturen.<\/p>\n<h3><strong>M\u00e5ngsidiga anv\u00e4ndningsm\u00f6jligheter<\/strong><\/h3>\n<p>Oman-flaggan \u00e4r idealisk f\u00f6r nationella evenemang, kulturella firanden, utbildningsutst\u00e4llningar eller personliga samlingar och \u00e4r en kraftfull symbol f\u00f6r stolthet och enighet. Dess blekningsbest\u00e4ndiga f\u00e4rger och robusta design s\u00e4kerst\u00e4ller att den beh\u00e5ller sitt livfulla utseende och betydelse i m\u00e5nga \u00e5r fram\u00f6ver.<\/p>","protected":false},"excerpt":{"rendered":"<p>150 x 90 cm flagga med 2 kraftiga metall\u00f6glor f\u00f6r s\u00e4ker upph\u00e4ngning.<\/p>","protected":false},"featured_media":2097,"comment_status":"open","ping_status":"closed","template":"","meta":{"_gspb_post_css":"","iawp_total_views":8},"product_brand":[],"product_cat":[66,58],"product_tag":[],"class_list":{"0":"post-2476","1":"product","2":"type-product","3":"status-publish","4":"has-post-thumbnail","6":"product_cat-middle-east-flags","7":"product_cat-country-flags","9":"first","10":"instock","11":"sale","12":"shipping-taxable","13":"purchasable","14":"product-type-simple"},"_links":{"self":[{"href":"https:\/\/cosmoflag.com\/sv\/wp-json\/wp\/v2\/product\/2476","targetHints":{"allow":["GET"]}}],"collection":[{"href":"https:\/\/cosmoflag.com\/sv\/wp-json\/wp\/v2\/product"}],"about":[{"href":"https:\/\/cosmoflag.com\/sv\/wp-json\/wp\/v2\/types\/product"}],"replies":[{"embeddable":true,"href":"https:\/\/cosmoflag.com\/sv\/wp-json\/wp\/v2\/comments?post=2476"}],"wp:featuredmedia":[{"embeddable":true,"href":"https:\/\/cosmoflag.com\/sv\/wp-json\/wp\/v2\/media\/2097"}],"wp:attachment":[{"href":"https:\/\/cosmoflag.com\/sv\/wp-json\/wp\/v2\/media?parent=2476"}],"wp:term":[{"taxonomy":"product_brand","embeddable":true,"href":"https:\/\/cosmoflag.com\/sv\/wp-json\/wp\/v2\/product_brand?post=2476"},{"taxonomy":"product_cat","embeddable":true,"href":"https:\/\/cosmoflag.com\/sv\/wp-json\/wp\/v2\/product_cat?post=2476"},{"taxonomy":"product_tag","embeddable":true,"href":"https:\/\/cosmoflag.com\/sv\/wp-json\/wp\/v2\/product_tag?post=2476"}],"curies":[{"name":"wp","href":"https:\/\/api.w.org\/{rel}","templated":true}]}}