{"id":2475,"date":"2024-12-17T14:39:00","date_gmt":"2024-12-17T12:39:00","guid":{"rendered":"https:\/\/cosmoflag.com\/?post_type=product&#038;p=2475"},"modified":"2025-08-12T21:20:42","modified_gmt":"2025-08-12T19:20:42","slug":"new-york-state-flagga","status":"publish","type":"product","link":"https:\/\/cosmoflag.com\/sv\/product\/new-york-state-flagga\/","title":{"rendered":"New York State Flagga"},"content":{"rendered":"<h3><strong>New York State Flagga Funktioner<\/strong><\/h3>\n<p>V\u00e5r New York State-flagga \u00e4r tillverkad av h\u00f6gkvalitativ polyester, vilket garanterar h\u00e5llbarhet f\u00f6r b\u00e5de inomhus- och utomhusbruk. Den \u00e4r utrustad med metallgenomf\u00f6ringar f\u00f6r enkel installation och s\u00e4kert f\u00e4ste, \u00e4ven under ogynnsamma v\u00e4derf\u00f6rh\u00e5llanden. Med m\u00e5tten 90 x 150 cm\/35 x 59 tum ger den maximal synlighet oavsett om den visas p\u00e5 en flaggst\u00e5ng, v\u00e4gg eller under evenemang.<\/p>\n<h3><strong>En symbol f\u00f6r arv och r\u00e4ttvisa<\/strong><\/h3>\n<p>New York State-flaggan har en djupbl\u00e5 bakgrund med statens vapensk\u00f6ld stolt visad i mitten. Vapensk\u00f6lden visar Lady Liberty och Lady Justice, symboler f\u00f6r frihet och r\u00e4ttvisa. Mellan dem skildrar sk\u00f6lden ett lugnt landskap med Hudson River, berg och den stigande solen, som representerar New Yorks naturliga sk\u00f6nhet och v\u00e4lst\u00e5nd. Ovanf\u00f6r den sitter den skalliga \u00f6rnen p\u00e5 en jordglob som symboliserar New Yorks plats i v\u00e4rlden. Flaggan antogs 1901 och f\u00f6rkroppsligar delstatens anda, historia och v\u00e4rderingar.<\/p>\n<h3><strong>M\u00e5ngsidiga anv\u00e4ndningsm\u00f6jligheter<\/strong><\/h3>\n<p>Oavsett om det g\u00e4ller regeringsceremonier, utbildnings\u00e4ndam\u00e5l, patriotiska evenemang eller personliga sk\u00e4rmar, \u00e4r New York State-flaggan ett m\u00e5ngsidigt och meningsfullt till\u00e4gg. Dess robusta design och blekningsbest\u00e4ndiga f\u00e4rger s\u00e4kerst\u00e4ller att den f\u00f6rblir livlig och effektfull under m\u00e5nga \u00e5r fram\u00f6ver.<\/p>","protected":false},"excerpt":{"rendered":"<p>150 x 90 cm flagga med 2 kraftiga metall\u00f6glor f\u00f6r s\u00e4ker upph\u00e4ngning.<\/p>","protected":false},"featured_media":2083,"comment_status":"open","ping_status":"closed","template":"","meta":{"_gspb_post_css":"","iawp_total_views":2},"product_brand":[],"product_cat":[72,70],"product_tag":[],"class_list":{"0":"post-2475","1":"product","2":"type-product","3":"status-publish","4":"has-post-thumbnail","6":"product_cat-american-state-flags","7":"product_cat-regional-flags","9":"first","10":"instock","11":"sale","12":"shipping-taxable","13":"purchasable","14":"product-type-simple"},"_links":{"self":[{"href":"https:\/\/cosmoflag.com\/sv\/wp-json\/wp\/v2\/product\/2475","targetHints":{"allow":["GET"]}}],"collection":[{"href":"https:\/\/cosmoflag.com\/sv\/wp-json\/wp\/v2\/product"}],"about":[{"href":"https:\/\/cosmoflag.com\/sv\/wp-json\/wp\/v2\/types\/product"}],"replies":[{"embeddable":true,"href":"https:\/\/cosmoflag.com\/sv\/wp-json\/wp\/v2\/comments?post=2475"}],"wp:featuredmedia":[{"embeddable":true,"href":"https:\/\/cosmoflag.com\/sv\/wp-json\/wp\/v2\/media\/2083"}],"wp:attachment":[{"href":"https:\/\/cosmoflag.com\/sv\/wp-json\/wp\/v2\/media?parent=2475"}],"wp:term":[{"taxonomy":"product_brand","embeddable":true,"href":"https:\/\/cosmoflag.com\/sv\/wp-json\/wp\/v2\/product_brand?post=2475"},{"taxonomy":"product_cat","embeddable":true,"href":"https:\/\/cosmoflag.com\/sv\/wp-json\/wp\/v2\/product_cat?post=2475"},{"taxonomy":"product_tag","embeddable":true,"href":"https:\/\/cosmoflag.com\/sv\/wp-json\/wp\/v2\/product_tag?post=2475"}],"curies":[{"name":"wp","href":"https:\/\/api.w.org\/{rel}","templated":true}]}}