{"id":2474,"date":"2024-12-17T14:36:00","date_gmt":"2024-12-17T12:36:00","guid":{"rendered":"https:\/\/cosmoflag.com\/?post_type=product&#038;p=2474"},"modified":"2025-08-12T21:20:45","modified_gmt":"2025-08-12T19:20:45","slug":"zigenarflagga","status":"publish","type":"product","link":"https:\/\/cosmoflag.com\/sv\/product\/zigenarflagga\/","title":{"rendered":"Gypsy Flag"},"content":{"rendered":"<h3><strong>Gypsy Flag Funktioner<\/strong><\/h3>\n<p>V\u00e5r Gypsy-flagga \u00e4r tillverkad av premiumpolyester och \u00e4r h\u00e5llbar och t\u00e5lig f\u00f6r b\u00e5de inomhus- och utomhusbruk. Den har metallgenomf\u00f6ringar f\u00f6r enkel installation och tillf\u00f6rlitlig h\u00e5llfasthet, \u00e4ven under utmanande v\u00e4derf\u00f6rh\u00e5llanden. Med en storlek p\u00e5 90 x 150 cm\/35 x 59 tum s\u00e4kerst\u00e4ller denna flagga maximal synlighet, oavsett om den visas p\u00e5 en stolpe, v\u00e4gg eller under kulturevenemang.<\/p>\n<h3><strong>En symbol f\u00f6r romsk stolthet<\/strong><\/h3>\n<p>Den zigenska flaggan, som officiellt antogs 1971, har en sl\u00e5ende bl\u00e5 och gr\u00f6n bakgrund som \u00e4r uppdelad horisontellt och symboliserar himlen och jorden. I mitten ligger den r\u00f6da chakran (hjulet), som representerar den nomadiska andan och den historiska resan f\u00f6r det romska folket. Den \u00e4r mer \u00e4n bara en flagga, den \u00e4r en symbol f\u00f6r enighet, motst\u00e5ndskraft och kulturell stolthet.<\/p>\n<h3><strong>M\u00e5ngsidiga anv\u00e4ndningsm\u00f6jligheter<\/strong><\/h3>\n<p>Gypsy-flaggan \u00e4r perfekt f\u00f6r kulturella firanden, festivaler, utbildnings\u00e4ndam\u00e5l eller som en uppvisning av arv och ger historia och mening till alla milj\u00f6er. Dess blekningsbest\u00e4ndiga f\u00e4rger och robusta design s\u00e4kerst\u00e4ller att den beh\u00e5ller sitt livfulla utseende och symboliska betydelse \u00f6ver tiden.<\/p>","protected":false},"excerpt":{"rendered":"<p>150 x 90 cm flagga med 2 kraftiga metall\u00f6glor f\u00f6r s\u00e4ker upph\u00e4ngning.<\/p>","protected":false},"featured_media":1956,"comment_status":"open","ping_status":"closed","template":"","meta":{"_gspb_post_css":"","iawp_total_views":33},"product_brand":[],"product_cat":[69],"product_tag":[],"class_list":{"0":"post-2474","1":"product","2":"type-product","3":"status-publish","4":"has-post-thumbnail","6":"product_cat-historical-flags","8":"first","9":"instock","10":"sale","11":"shipping-taxable","12":"purchasable","13":"product-type-simple"},"_links":{"self":[{"href":"https:\/\/cosmoflag.com\/sv\/wp-json\/wp\/v2\/product\/2474","targetHints":{"allow":["GET"]}}],"collection":[{"href":"https:\/\/cosmoflag.com\/sv\/wp-json\/wp\/v2\/product"}],"about":[{"href":"https:\/\/cosmoflag.com\/sv\/wp-json\/wp\/v2\/types\/product"}],"replies":[{"embeddable":true,"href":"https:\/\/cosmoflag.com\/sv\/wp-json\/wp\/v2\/comments?post=2474"}],"wp:featuredmedia":[{"embeddable":true,"href":"https:\/\/cosmoflag.com\/sv\/wp-json\/wp\/v2\/media\/1956"}],"wp:attachment":[{"href":"https:\/\/cosmoflag.com\/sv\/wp-json\/wp\/v2\/media?parent=2474"}],"wp:term":[{"taxonomy":"product_brand","embeddable":true,"href":"https:\/\/cosmoflag.com\/sv\/wp-json\/wp\/v2\/product_brand?post=2474"},{"taxonomy":"product_cat","embeddable":true,"href":"https:\/\/cosmoflag.com\/sv\/wp-json\/wp\/v2\/product_cat?post=2474"},{"taxonomy":"product_tag","embeddable":true,"href":"https:\/\/cosmoflag.com\/sv\/wp-json\/wp\/v2\/product_tag?post=2474"}],"curies":[{"name":"wp","href":"https:\/\/api.w.org\/{rel}","templated":true}]}}