{"id":2465,"date":"2024-12-17T13:47:00","date_gmt":"2024-12-17T11:47:00","guid":{"rendered":"https:\/\/cosmoflag.com\/?post_type=product&#038;p=2465"},"modified":"2025-08-12T21:20:47","modified_gmt":"2025-08-12T19:20:47","slug":"kaliforniens-flagga","status":"publish","type":"product","link":"https:\/\/cosmoflag.com\/sv\/product\/kaliforniens-flagga\/","title":{"rendered":"Kaliforniens flagga"},"content":{"rendered":"<h3>Kaliforniens flagga<\/h3>\n<p>V\u00e5r Kalifornien-flagga \u00e4r tillverkad av h\u00f6gkvalitativ polyester, vilket g\u00f6r den idealisk f\u00f6r l\u00e5ngvarig anv\u00e4ndning, oavsett om det \u00e4r inomhus eller utomhus. Den har metallgenomf\u00f6ringar f\u00f6r enkel installation och garanterad h\u00e5llfasthet, \u00e4ven i ogynnsamma v\u00e4derf\u00f6rh\u00e5llanden. V\u00e5r flagga finns i 90 x 150 cm\/35 x 59 tum f\u00f6r maximal synlighet och uppfyller en m\u00e4ngd olika behov, oavsett om du vill visa den p\u00e5 en stolpe eller en v\u00e4gg.<\/p>\n<h3>En nationell symbol som genomsyras av historia<\/h3>\n<p>Kaliforniens flagga, som \u00e4r k\u00e4nd f\u00f6r sitt grizzlybj\u00f6rnsemblem och orden \u201cCalifornia Republic\u201d, \u00e4r mycket mer \u00e4n bara en regional flagga. Den antogs 1911 och symboliserar 1846 \u00e5rs uppror mot Mexiko och delstatens sj\u00e4lvst\u00e4ndiga anda. Bj\u00f6rnens n\u00e4rvaro framkallar styrka och sj\u00e4lvbest\u00e4mmande, medan f\u00e4rgen r\u00f6d p\u00e5minner om mod. Denna flagga \u00e4r inte bara ett dekorativt element; den f\u00f6rkroppsligar Kaliforniens historia och v\u00e4rderingar.<\/p>\n<h3>M\u00e5ngsidiga anv\u00e4ndningsm\u00f6jligheter<\/h3>\n<p>Oavsett om det g\u00e4ller statsfirande, sportevenemang eller utbildnings\u00e4ndam\u00e5l \u00e4r Kaliforniens flagga l\u00e4mplig f\u00f6r alla tillf\u00e4llen. Den robusta designen och de blekningsbest\u00e4ndiga f\u00e4rgerna s\u00e4kerst\u00e4ller att flaggan beh\u00e5ller sin betydelse och visuella p\u00e5verkan \u00f6ver tiden.<\/p>","protected":false},"excerpt":{"rendered":"<p>150 x 90 cm flagga med 2 kraftiga metall\u00f6glor f\u00f6r s\u00e4ker upph\u00e4ngning.<\/p>","protected":false},"featured_media":1518,"comment_status":"open","ping_status":"closed","template":"","meta":{"_gspb_post_css":"","iawp_total_views":21},"product_brand":[],"product_cat":[15,72,70],"product_tag":[],"class_list":{"0":"post-2465","1":"product","2":"type-product","3":"status-publish","4":"has-post-thumbnail","6":"product_cat-other","7":"product_cat-american-state-flags","8":"product_cat-regional-flags","10":"first","11":"instock","12":"sale","13":"shipping-taxable","14":"purchasable","15":"product-type-simple"},"_links":{"self":[{"href":"https:\/\/cosmoflag.com\/sv\/wp-json\/wp\/v2\/product\/2465","targetHints":{"allow":["GET"]}}],"collection":[{"href":"https:\/\/cosmoflag.com\/sv\/wp-json\/wp\/v2\/product"}],"about":[{"href":"https:\/\/cosmoflag.com\/sv\/wp-json\/wp\/v2\/types\/product"}],"replies":[{"embeddable":true,"href":"https:\/\/cosmoflag.com\/sv\/wp-json\/wp\/v2\/comments?post=2465"}],"wp:featuredmedia":[{"embeddable":true,"href":"https:\/\/cosmoflag.com\/sv\/wp-json\/wp\/v2\/media\/1518"}],"wp:attachment":[{"href":"https:\/\/cosmoflag.com\/sv\/wp-json\/wp\/v2\/media?parent=2465"}],"wp:term":[{"taxonomy":"product_brand","embeddable":true,"href":"https:\/\/cosmoflag.com\/sv\/wp-json\/wp\/v2\/product_brand?post=2465"},{"taxonomy":"product_cat","embeddable":true,"href":"https:\/\/cosmoflag.com\/sv\/wp-json\/wp\/v2\/product_cat?post=2465"},{"taxonomy":"product_tag","embeddable":true,"href":"https:\/\/cosmoflag.com\/sv\/wp-json\/wp\/v2\/product_tag?post=2465"}],"curies":[{"name":"wp","href":"https:\/\/api.w.org\/{rel}","templated":true}]}}