{"id":2459,"date":"2024-12-16T14:49:00","date_gmt":"2024-12-16T12:49:00","guid":{"rendered":"https:\/\/cosmoflag.com\/?post_type=product&#038;p=2459"},"modified":"2025-08-12T21:20:48","modified_gmt":"2025-08-12T19:20:48","slug":"ussr-flagga","status":"publish","type":"product","link":"https:\/\/cosmoflag.com\/sv\/product\/ussr-flagga\/","title":{"rendered":"Sovjetunionens flagga"},"content":{"rendered":"<h3><strong>Sovjetunionens flagga Funktioner<\/strong><\/h3>\n<p>V\u00e5r flagga Union of Soviet Socialist Republics \u00e4r tillverkad av h\u00f6gkvalitativ polyester, vilket g\u00f6r den idealisk f\u00f6r l\u00e5ngvarig anv\u00e4ndning, b\u00e5de inomhus och utomhus. Den har metall\u00f6glor f\u00f6r enkel installation och garanterad h\u00e5llfasthet, \u00e4ven under ogynnsamma v\u00e4derf\u00f6rh\u00e5llanden. V\u00e5r flagga finns i en storlek p\u00e5 90 x 150 cm\/35 x 59 tum f\u00f6r maximal synlighet och uppfyller en m\u00e4ngd olika behov, oavsett om du vill visa den p\u00e5 en stolpe eller en v\u00e4gg.<\/p>\n<h3><strong>En symbol f\u00f6r det historiska arvet<\/strong><\/h3>\n<p>Socialistrepublikernas unions flagga, med sin ikoniska r\u00f6da bakgrund och gyllene hammaren och sk\u00e4ran toppad av en stj\u00e4rna, representerar en kraftfull symbol f\u00f6r Sovjetunionen. Officiellt antagen 1923, inkapslar den arbetarnas och b\u00f6ndernas enhet, som f\u00f6rkroppsligar socialismens ideal. Den r\u00f6da f\u00e4rgen symboliserar revolutionen, medan hammaren och sk\u00e4ran symboliserar industri och jordbruk, som utg\u00f6r grunden f\u00f6r det sovjetiska samh\u00e4llet.<\/p>\n<h3><strong>M\u00e5ngsidiga anv\u00e4ndningsm\u00f6jligheter<\/strong><\/h3>\n<p>Oavsett om det g\u00e4ller historiska reenactments, temah\u00e4ndelser, utbildningsdisplayer eller personliga samlingar, fungerar USSR-flaggan som en meningsfull del av historien. Dess robusta design och blekningsbest\u00e4ndiga f\u00e4rger s\u00e4kerst\u00e4ller att flaggan beh\u00e5ller sin symboliska betydelse och visuella p\u00e5verkan \u00f6ver tiden.<\/p>","protected":false},"excerpt":{"rendered":"<p>150 x 90 cm flagga med 2 kraftiga metall\u00f6glor f\u00f6r s\u00e4ker upph\u00e4ngning.<\/p>","protected":false},"featured_media":2460,"comment_status":"open","ping_status":"closed","template":"","meta":{"_gspb_post_css":"","iawp_total_views":61},"product_brand":[],"product_cat":[69],"product_tag":[],"class_list":{"0":"post-2459","1":"product","2":"type-product","3":"status-publish","4":"has-post-thumbnail","6":"product_cat-historical-flags","8":"first","9":"instock","10":"sale","11":"shipping-taxable","12":"purchasable","13":"product-type-simple"},"_links":{"self":[{"href":"https:\/\/cosmoflag.com\/sv\/wp-json\/wp\/v2\/product\/2459","targetHints":{"allow":["GET"]}}],"collection":[{"href":"https:\/\/cosmoflag.com\/sv\/wp-json\/wp\/v2\/product"}],"about":[{"href":"https:\/\/cosmoflag.com\/sv\/wp-json\/wp\/v2\/types\/product"}],"replies":[{"embeddable":true,"href":"https:\/\/cosmoflag.com\/sv\/wp-json\/wp\/v2\/comments?post=2459"}],"wp:featuredmedia":[{"embeddable":true,"href":"https:\/\/cosmoflag.com\/sv\/wp-json\/wp\/v2\/media\/2460"}],"wp:attachment":[{"href":"https:\/\/cosmoflag.com\/sv\/wp-json\/wp\/v2\/media?parent=2459"}],"wp:term":[{"taxonomy":"product_brand","embeddable":true,"href":"https:\/\/cosmoflag.com\/sv\/wp-json\/wp\/v2\/product_brand?post=2459"},{"taxonomy":"product_cat","embeddable":true,"href":"https:\/\/cosmoflag.com\/sv\/wp-json\/wp\/v2\/product_cat?post=2459"},{"taxonomy":"product_tag","embeddable":true,"href":"https:\/\/cosmoflag.com\/sv\/wp-json\/wp\/v2\/product_tag?post=2459"}],"curies":[{"name":"wp","href":"https:\/\/api.w.org\/{rel}","templated":true}]}}