{"id":2457,"date":"2024-12-16T14:46:00","date_gmt":"2024-12-16T12:46:00","guid":{"rendered":"https:\/\/cosmoflag.com\/?post_type=product&#038;p=2457"},"modified":"2025-08-12T21:20:49","modified_gmt":"2025-08-12T19:20:49","slug":"kommunistisk-flagga","status":"publish","type":"product","link":"https:\/\/cosmoflag.com\/sv\/product\/kommunistisk-flagga\/","title":{"rendered":"Kommunistisk flagga"},"content":{"rendered":"<h3><strong>Kommunistisk Flagga Funktioner<\/strong><\/h3>\n<p>V\u00e5r kommunistflagga \u00e4r tillverkad av h\u00f6gkvalitativ polyester, vilket garanterar h\u00e5llbarhet och motst\u00e5ndskraft f\u00f6r b\u00e5de inomhus- och utomhusbruk. Den har metallgenomf\u00f6ringar f\u00f6r enkel installation och tillf\u00f6rlitlig h\u00e5llfasthet, \u00e4ven under utmanande v\u00e4derf\u00f6rh\u00e5llanden. Med en storlek p\u00e5 90 x 150 cm\/35 x 59 tum erbjuder denna flagga utm\u00e4rkt synlighet, oavsett om den visas p\u00e5 en stolpe, v\u00e4gg eller under offentliga sammankomster.<\/p>\n<h3><strong>En symbol f\u00f6r revolution och enighet<\/strong><\/h3>\n<p>Den kommunistiska flaggan, med sin dj\u00e4rva r\u00f6da bakgrund och den gyllene hammaren och sk\u00e4ran, representerar arbetarnas och b\u00f6ndernas enhet. Med r\u00f6tter i den revolution\u00e4ra historien symboliserar den r\u00f6da f\u00e4rgen de uppoffringar som gjorts f\u00f6r frihet och j\u00e4mlikhet, medan hammaren och sk\u00e4ran symboliserar samarbetet mellan industri och jordbruk. Denna flagga har st\u00e5tt som ett kraftfullt emblem f\u00f6r sociala och politiska r\u00f6relser \u00f6ver hela v\u00e4rlden.<\/p>\n<h3><strong>M\u00e5ngsidiga anv\u00e4ndningsm\u00f6jligheter<\/strong><\/h3>\n<p>Den kommunistiska flaggan \u00e4r perfekt f\u00f6r demonstrationer, historiska evenemang, utbildnings\u00e4ndam\u00e5l eller som en del av en personlig samling och fungerar som en meningsfull representation av kollektiva ideal. Dess robusta design och blekningsbest\u00e4ndiga f\u00e4rger s\u00e4kerst\u00e4ller att den f\u00f6rblir visuellt effektfull och symboliskt relevant \u00f6ver tiden.<\/p>","protected":false},"excerpt":{"rendered":"<p>150 x 90 cm flagga med 2 kraftiga metall\u00f6glor f\u00f6r s\u00e4ker upph\u00e4ngning.<\/p>","protected":false},"featured_media":2458,"comment_status":"open","ping_status":"closed","template":"","meta":{"_gspb_post_css":"","iawp_total_views":150},"product_brand":[],"product_cat":[69],"product_tag":[],"class_list":{"0":"post-2457","1":"product","2":"type-product","3":"status-publish","4":"has-post-thumbnail","6":"product_cat-historical-flags","8":"first","9":"instock","10":"sale","11":"shipping-taxable","12":"purchasable","13":"product-type-simple"},"_links":{"self":[{"href":"https:\/\/cosmoflag.com\/sv\/wp-json\/wp\/v2\/product\/2457","targetHints":{"allow":["GET"]}}],"collection":[{"href":"https:\/\/cosmoflag.com\/sv\/wp-json\/wp\/v2\/product"}],"about":[{"href":"https:\/\/cosmoflag.com\/sv\/wp-json\/wp\/v2\/types\/product"}],"replies":[{"embeddable":true,"href":"https:\/\/cosmoflag.com\/sv\/wp-json\/wp\/v2\/comments?post=2457"}],"wp:featuredmedia":[{"embeddable":true,"href":"https:\/\/cosmoflag.com\/sv\/wp-json\/wp\/v2\/media\/2458"}],"wp:attachment":[{"href":"https:\/\/cosmoflag.com\/sv\/wp-json\/wp\/v2\/media?parent=2457"}],"wp:term":[{"taxonomy":"product_brand","embeddable":true,"href":"https:\/\/cosmoflag.com\/sv\/wp-json\/wp\/v2\/product_brand?post=2457"},{"taxonomy":"product_cat","embeddable":true,"href":"https:\/\/cosmoflag.com\/sv\/wp-json\/wp\/v2\/product_cat?post=2457"},{"taxonomy":"product_tag","embeddable":true,"href":"https:\/\/cosmoflag.com\/sv\/wp-json\/wp\/v2\/product_tag?post=2457"}],"curies":[{"name":"wp","href":"https:\/\/api.w.org\/{rel}","templated":true}]}}