{"id":2456,"date":"2024-12-16T14:35:00","date_gmt":"2024-12-16T12:35:00","guid":{"rendered":"https:\/\/cosmoflag.com\/?post_type=product&#038;p=2456"},"modified":"2025-10-31T17:34:46","modified_gmt":"2025-10-31T15:34:46","slug":"sovjetunionens-flagga","status":"publish","type":"product","link":"https:\/\/cosmoflag.com\/sv\/product\/sovjetunionens-flagga\/","title":{"rendered":"Sovjetunionens flagga"},"content":{"rendered":"<h3><strong>Sovjetunionens flagga Funktioner<\/strong><\/h3>\n<p>V\u00e5r Sovjetunionens flagga \u00e4r tillverkad av premium polyester, vilket garanterar h\u00e5llbarhet f\u00f6r l\u00e5ngvarig anv\u00e4ndning b\u00e5de inomhus och utomhus. Den \u00e4r utrustad med metall\u00f6glor som g\u00f6r den enkel att installera och garanterar ett s\u00e4kert grepp, \u00e4ven under ogynnsamma v\u00e4derf\u00f6rh\u00e5llanden. Med m\u00e5tten 90 x 150 cm\/35 x 59 tum erbjuder denna flagga enast\u00e5ende synlighet, oavsett om den visas p\u00e5 en stolpe, v\u00e4gg eller som en del av en samling.<\/p>\n<h3><strong>En kraftfull symbol f\u00f6r historien<\/strong><\/h3>\n<p>Sovjetunionens flagga, med sin sl\u00e5ende r\u00f6da bakgrund och ikoniska gyllene hammare, sk\u00e4ra och stj\u00e4rna, \u00e4r en symbol f\u00f6r enhet, revolution och socialism. Den antogs officiellt 1923 och representerar samarbetet mellan arbetare (hammaren) och b\u00f6nder (sk\u00e4ran), medan stj\u00e4rnan symboliserar kommunistpartiets v\u00e4gledande roll. Denna flagga f\u00f6rkroppsligar ett viktigt kapitel i 1900-talets historia och st\u00e5r som en symbol f\u00f6r ideologiska r\u00f6relser \u00f6ver hela v\u00e4rlden.<\/p>\n<h3><strong>M\u00e5ngsidiga anv\u00e4ndningsm\u00f6jligheter<\/strong><\/h3>\n<p>Sovjetunionens flagga \u00e4r idealisk f\u00f6r historiska rekonstruktioner, temaevenemang, utbildningsdisplayer eller som en del av samlarobjekt och erbjuder en robust design och livfulla, blekningsbest\u00e4ndiga f\u00e4rger. Den beh\u00e5ller sin visuella och symboliska inverkan under m\u00e5nga \u00e5r fram\u00f6ver, vilket g\u00f6r den l\u00e4mplig f\u00f6r alla tillf\u00e4llen.<\/p>","protected":false},"excerpt":{"rendered":"<p>150 x 90 cm flagga med 2 kraftiga metall\u00f6glor f\u00f6r s\u00e4ker upph\u00e4ngning.<\/p>","protected":false},"featured_media":2189,"comment_status":"open","ping_status":"closed","template":"","meta":{"_gspb_post_css":"","iawp_total_views":34},"product_brand":[],"product_cat":[69],"product_tag":[],"class_list":{"0":"post-2456","1":"product","2":"type-product","3":"status-publish","4":"has-post-thumbnail","6":"product_cat-historical-flags","8":"first","9":"instock","10":"sale","11":"shipping-taxable","12":"purchasable","13":"product-type-simple"},"_links":{"self":[{"href":"https:\/\/cosmoflag.com\/sv\/wp-json\/wp\/v2\/product\/2456","targetHints":{"allow":["GET"]}}],"collection":[{"href":"https:\/\/cosmoflag.com\/sv\/wp-json\/wp\/v2\/product"}],"about":[{"href":"https:\/\/cosmoflag.com\/sv\/wp-json\/wp\/v2\/types\/product"}],"replies":[{"embeddable":true,"href":"https:\/\/cosmoflag.com\/sv\/wp-json\/wp\/v2\/comments?post=2456"}],"wp:featuredmedia":[{"embeddable":true,"href":"https:\/\/cosmoflag.com\/sv\/wp-json\/wp\/v2\/media\/2189"}],"wp:attachment":[{"href":"https:\/\/cosmoflag.com\/sv\/wp-json\/wp\/v2\/media?parent=2456"}],"wp:term":[{"taxonomy":"product_brand","embeddable":true,"href":"https:\/\/cosmoflag.com\/sv\/wp-json\/wp\/v2\/product_brand?post=2456"},{"taxonomy":"product_cat","embeddable":true,"href":"https:\/\/cosmoflag.com\/sv\/wp-json\/wp\/v2\/product_cat?post=2456"},{"taxonomy":"product_tag","embeddable":true,"href":"https:\/\/cosmoflag.com\/sv\/wp-json\/wp\/v2\/product_tag?post=2456"}],"curies":[{"name":"wp","href":"https:\/\/api.w.org\/{rel}","templated":true}]}}