{"id":2452,"date":"2024-12-16T14:21:00","date_gmt":"2024-12-16T12:21:00","guid":{"rendered":"https:\/\/cosmoflag.com\/?post_type=product&#038;p=2452"},"modified":"2025-08-12T21:20:50","modified_gmt":"2025-08-12T19:20:50","slug":"slovakiens-flagga","status":"publish","type":"product","link":"https:\/\/cosmoflag.com\/sv\/product\/slovakiens-flagga\/","title":{"rendered":"Slovakiens flagga"},"content":{"rendered":"<h3>Slovakiska Flaggan Funktioner<\/h3>\n<p>V\u00e5r Slovakien-flagga \u00e4r tillverkad av h\u00f6gkvalitativ polyester, vilket g\u00f6r den idealisk f\u00f6r h\u00e5llbar inomhus- och utomhusanv\u00e4ndning. Den har metallgenomf\u00f6ringar f\u00f6r enkel installation och garanterad h\u00e5llfasthet, \u00e4ven under ogynnsamma v\u00e4derf\u00f6rh\u00e5llanden. V\u00e5r flagga finns i 90 x 150 cm\/35 x 59 tum f\u00f6r maximal synlighet och uppfyller en m\u00e4ngd olika behov, oavsett om du vill visa den p\u00e5 en stolpe eller en v\u00e4gg.<\/p>\n<h3>En nationell symbol som genomsyras av historia<\/h3>\n<p>Slovakiens flagga, med sina horisontella r\u00e4nder av vitt, bl\u00e5tt och r\u00f6tt och det nationella vapnet p\u00e5 den vita randen, \u00e4r mycket mer \u00e4n bara en nationell banner. Flaggan antogs 1993 efter Tjeckoslovakiens uppl\u00f6sning och baseras p\u00e5 de traditionella panslaviska f\u00e4rgerna. Vapensk\u00f6lden, med ett dubbelkors p\u00e5 ett berg med tre kullar, symboliserar b\u00e5de den kristna tron och Slovakiens bergiga landskap. Denna flagga \u00e4r inte bara ett dekorativt element; den f\u00f6rkroppsligar det slovakiska folkets historia, suver\u00e4nitet och kulturella v\u00e4rden.<\/p>\n<h3>M\u00e5ngsidiga anv\u00e4ndningsm\u00f6jligheter<\/h3>\n<p>Oavsett om det g\u00e4ller nationella firanden, sportevenemang eller utbildnings\u00e4ndam\u00e5l \u00e4r den slovakiska flaggan l\u00e4mplig f\u00f6r alla tillf\u00e4llen. Dess robusta design och blekningsbest\u00e4ndiga f\u00e4rger s\u00e4kerst\u00e4ller att flaggan beh\u00e5ller sin betydelse och visuella p\u00e5verkan \u00f6ver tiden.<\/p>","protected":false},"excerpt":{"rendered":"<p>150 x 90 cm flagga med 2 kraftiga metall\u00f6glor f\u00f6r s\u00e4ker upph\u00e4ngning.<\/p>","protected":false},"featured_media":2170,"comment_status":"open","ping_status":"closed","template":"","meta":{"_gspb_post_css":"","iawp_total_views":7},"product_brand":[],"product_cat":[65,58],"product_tag":[],"class_list":{"0":"post-2452","1":"product","2":"type-product","3":"status-publish","4":"has-post-thumbnail","6":"product_cat-europe-flags","7":"product_cat-country-flags","9":"first","10":"instock","11":"sale","12":"shipping-taxable","13":"purchasable","14":"product-type-simple"},"_links":{"self":[{"href":"https:\/\/cosmoflag.com\/sv\/wp-json\/wp\/v2\/product\/2452","targetHints":{"allow":["GET"]}}],"collection":[{"href":"https:\/\/cosmoflag.com\/sv\/wp-json\/wp\/v2\/product"}],"about":[{"href":"https:\/\/cosmoflag.com\/sv\/wp-json\/wp\/v2\/types\/product"}],"replies":[{"embeddable":true,"href":"https:\/\/cosmoflag.com\/sv\/wp-json\/wp\/v2\/comments?post=2452"}],"wp:featuredmedia":[{"embeddable":true,"href":"https:\/\/cosmoflag.com\/sv\/wp-json\/wp\/v2\/media\/2170"}],"wp:attachment":[{"href":"https:\/\/cosmoflag.com\/sv\/wp-json\/wp\/v2\/media?parent=2452"}],"wp:term":[{"taxonomy":"product_brand","embeddable":true,"href":"https:\/\/cosmoflag.com\/sv\/wp-json\/wp\/v2\/product_brand?post=2452"},{"taxonomy":"product_cat","embeddable":true,"href":"https:\/\/cosmoflag.com\/sv\/wp-json\/wp\/v2\/product_cat?post=2452"},{"taxonomy":"product_tag","embeddable":true,"href":"https:\/\/cosmoflag.com\/sv\/wp-json\/wp\/v2\/product_tag?post=2452"}],"curies":[{"name":"wp","href":"https:\/\/api.w.org\/{rel}","templated":true}]}}