{"id":2439,"date":"2024-12-16T13:34:00","date_gmt":"2024-12-16T11:34:00","guid":{"rendered":"https:\/\/cosmoflag.com\/?post_type=product&#038;p=2439"},"modified":"2026-02-21T20:35:55","modified_gmt":"2026-02-21T18:35:55","slug":"vietnams-flagga","status":"publish","type":"product","link":"https:\/\/cosmoflag.com\/sv\/product\/vietnams-flagga\/","title":{"rendered":"Vietnams flagga"},"content":{"rendered":"<h3>Vietnam flagga funktioner<\/h3>\n<p>V\u00e5r Vietnam-flagga \u00e4r tillverkad av h\u00f6gkvalitativ polyester, vilket g\u00f6r den idealisk f\u00f6r l\u00e5ngvarig anv\u00e4ndning, b\u00e5de inomhus och utomhus. Den har metall\u00f6glor f\u00f6r enkel installation och garanterad h\u00e5llfasthet, \u00e4ven i ogynnsamma v\u00e4derf\u00f6rh\u00e5llanden. V\u00e5r flagga finns i 90 x 150 cm\/35 x 59 tum f\u00f6r maximal synlighet och uppfyller en m\u00e4ngd olika behov, oavsett om du vill visa den p\u00e5 en stolpe eller en v\u00e4gg.<\/p>\n<h3>En nationell symbol som genomsyras av historia<\/h3>\n<p>Den vietnamesiska flaggan, med sin klarr\u00f6da bakgrund och den femuddiga gula stj\u00e4rnan i mitten, \u00e4r mycket mer \u00e4n bara en nationalflagga. Den r\u00f6da f\u00e4rgen, som antogs 1955 av nordsidan och officiellt f\u00f6r hela landet efter \u00e5terf\u00f6reningen 1976, symboliserar det blod som spillts f\u00f6r sj\u00e4lvst\u00e4ndighet, medan den gula stj\u00e4rnan representerar revolutionens ljus som leder folket till enighet, frihet och socialism. Denna flagga \u00e4r inte bara ett dekorativt element; den f\u00f6rkroppsligar den vietnamesiska nationens str\u00e4vanden, mod och stolthet.<\/p>\n<h3>M\u00e5ngsidiga anv\u00e4ndningsm\u00f6jligheter<\/h3>\n<p>Oavsett om det g\u00e4ller nationella firanden, sportevenemang eller utbildnings\u00e4ndam\u00e5l kan den vietnamesiska flaggan anpassas till alla tillf\u00e4llen. Dess robusta design och blekningsbest\u00e4ndiga f\u00e4rger s\u00e4kerst\u00e4ller att flaggan beh\u00e5ller sin betydelse och visuella p\u00e5verkan \u00f6ver tiden.<\/p>","protected":false},"excerpt":{"rendered":"<p>150 x 90 cm flagga med 2 kraftiga metall\u00f6glor f\u00f6r s\u00e4ker upph\u00e4ngning.<\/p>","protected":false},"featured_media":1761,"comment_status":"open","ping_status":"closed","template":"","meta":{"_gspb_post_css":"","iawp_total_views":4},"product_brand":[],"product_cat":[64,58],"product_tag":[],"class_list":{"0":"post-2439","1":"product","2":"type-product","3":"status-publish","4":"has-post-thumbnail","6":"product_cat-asia-flags","7":"product_cat-country-flags","9":"first","10":"instock","11":"sale","12":"shipping-taxable","13":"purchasable","14":"product-type-simple"},"_links":{"self":[{"href":"https:\/\/cosmoflag.com\/sv\/wp-json\/wp\/v2\/product\/2439","targetHints":{"allow":["GET"]}}],"collection":[{"href":"https:\/\/cosmoflag.com\/sv\/wp-json\/wp\/v2\/product"}],"about":[{"href":"https:\/\/cosmoflag.com\/sv\/wp-json\/wp\/v2\/types\/product"}],"replies":[{"embeddable":true,"href":"https:\/\/cosmoflag.com\/sv\/wp-json\/wp\/v2\/comments?post=2439"}],"wp:featuredmedia":[{"embeddable":true,"href":"https:\/\/cosmoflag.com\/sv\/wp-json\/wp\/v2\/media\/1761"}],"wp:attachment":[{"href":"https:\/\/cosmoflag.com\/sv\/wp-json\/wp\/v2\/media?parent=2439"}],"wp:term":[{"taxonomy":"product_brand","embeddable":true,"href":"https:\/\/cosmoflag.com\/sv\/wp-json\/wp\/v2\/product_brand?post=2439"},{"taxonomy":"product_cat","embeddable":true,"href":"https:\/\/cosmoflag.com\/sv\/wp-json\/wp\/v2\/product_cat?post=2439"},{"taxonomy":"product_tag","embeddable":true,"href":"https:\/\/cosmoflag.com\/sv\/wp-json\/wp\/v2\/product_tag?post=2439"}],"curies":[{"name":"wp","href":"https:\/\/api.w.org\/{rel}","templated":true}]}}