{"id":2433,"date":"2024-12-15T22:25:00","date_gmt":"2024-12-15T20:25:00","guid":{"rendered":"https:\/\/cosmoflag.com\/?post_type=product&#038;p=2433"},"modified":"2025-08-12T21:20:58","modified_gmt":"2025-08-12T19:20:58","slug":"kina-flagga","status":"publish","type":"product","link":"https:\/\/cosmoflag.com\/sv\/product\/kina-flagga\/","title":{"rendered":"Kinas flagga"},"content":{"rendered":"<h3>Kina flagga funktioner<\/h3>\n<p>V\u00e5r Kina-flagga \u00e4r tillverkad av h\u00f6gkvalitativ polyester, vilket g\u00f6r den idealisk f\u00f6r h\u00e5llbar inomhus- och utomhusanv\u00e4ndning. Den har metallgenomf\u00f6ringar f\u00f6r enkel installation och garanterad h\u00e5llfasthet, \u00e4ven under ogynnsamma v\u00e4derf\u00f6rh\u00e5llanden. V\u00e5r flagga finns i storleken 90 x 150 cm\/35 x 59 tum och uppfyller en m\u00e4ngd olika behov, oavsett om du vill visa den p\u00e5 en stolpe eller en v\u00e4gg.<\/p>\n<h3>En nationell symbol som genomsyras av historia<\/h3>\n<p>Kinas flagga, \u00e4ven k\u00e4nd som \u201cFemstj\u00e4rniga fanan\u201d, har ett klarr\u00f6tt f\u00e4lt med fem gula stj\u00e4rnor i det \u00f6vre v\u00e4nstra h\u00f6rnet. Den stora stj\u00e4rnan representerar det kinesiska kommunistpartiet och de fyra mindre stj\u00e4rnorna symboliserar de fyra samh\u00e4llsklasser som Mao Zedong beskrev: arbetare, b\u00f6nder, sm\u00e5bourgeoisie och patriotiska kapitalister. Den r\u00f6da f\u00e4rgen, som antogs 1949, symboliserar den kommunistiska revolutionen och stj\u00e4rnorna det kinesiska folkets enhet under partiets ledning.<\/p>\n<h3>M\u00e5ngsidiga anv\u00e4ndningsm\u00f6jligheter<\/h3>\n<p>Oavsett om det g\u00e4ller nationella firanden, politiska evenemang, sportevenemang eller utbildnings\u00e4ndam\u00e5l \u00e4r den kinesiska flaggan l\u00e4mplig f\u00f6r alla tillf\u00e4llen. Dess robusta design och blekningsbest\u00e4ndiga f\u00e4rger s\u00e4kerst\u00e4ller att flaggan beh\u00e5ller sin betydelse och visuella p\u00e5verkan \u00f6ver tiden.<\/p>","protected":false},"excerpt":{"rendered":"<p>150 x 90 cm flagga med 2 kraftiga metall\u00f6glor f\u00f6r s\u00e4ker upph\u00e4ngning.<\/p>","protected":false},"featured_media":1863,"comment_status":"open","ping_status":"closed","template":"","meta":{"_gspb_post_css":"","iawp_total_views":19},"product_brand":[],"product_cat":[64,58],"product_tag":[],"class_list":{"0":"post-2433","1":"product","2":"type-product","3":"status-publish","4":"has-post-thumbnail","6":"product_cat-asia-flags","7":"product_cat-country-flags","9":"first","10":"instock","11":"sale","12":"shipping-taxable","13":"purchasable","14":"product-type-simple"},"_links":{"self":[{"href":"https:\/\/cosmoflag.com\/sv\/wp-json\/wp\/v2\/product\/2433","targetHints":{"allow":["GET"]}}],"collection":[{"href":"https:\/\/cosmoflag.com\/sv\/wp-json\/wp\/v2\/product"}],"about":[{"href":"https:\/\/cosmoflag.com\/sv\/wp-json\/wp\/v2\/types\/product"}],"replies":[{"embeddable":true,"href":"https:\/\/cosmoflag.com\/sv\/wp-json\/wp\/v2\/comments?post=2433"}],"wp:featuredmedia":[{"embeddable":true,"href":"https:\/\/cosmoflag.com\/sv\/wp-json\/wp\/v2\/media\/1863"}],"wp:attachment":[{"href":"https:\/\/cosmoflag.com\/sv\/wp-json\/wp\/v2\/media?parent=2433"}],"wp:term":[{"taxonomy":"product_brand","embeddable":true,"href":"https:\/\/cosmoflag.com\/sv\/wp-json\/wp\/v2\/product_brand?post=2433"},{"taxonomy":"product_cat","embeddable":true,"href":"https:\/\/cosmoflag.com\/sv\/wp-json\/wp\/v2\/product_cat?post=2433"},{"taxonomy":"product_tag","embeddable":true,"href":"https:\/\/cosmoflag.com\/sv\/wp-json\/wp\/v2\/product_tag?post=2433"}],"curies":[{"name":"wp","href":"https:\/\/api.w.org\/{rel}","templated":true}]}}