{"id":2431,"date":"2024-12-15T22:18:00","date_gmt":"2024-12-15T20:18:00","guid":{"rendered":"https:\/\/cosmoflag.com\/?post_type=product&#038;p=2431"},"modified":"2025-08-12T21:20:59","modified_gmt":"2025-08-12T19:20:59","slug":"kanadas-flagga","status":"publish","type":"product","link":"https:\/\/cosmoflag.com\/sv\/product\/kanadas-flagga\/","title":{"rendered":"Kanadas flagga"},"content":{"rendered":"<h3>Kanada Flagga funktioner<\/h3>\n<p>V\u00e5r Kanada-flagga \u00e4r tillverkad av h\u00f6gkvalitativ polyester, vilket g\u00f6r den idealisk f\u00f6r h\u00e5llbar inomhus- och utomhusanv\u00e4ndning. Den har metallgenomf\u00f6ringar f\u00f6r enkel installation och garanterad h\u00e5llfasthet, \u00e4ven under ogynnsamma v\u00e4derf\u00f6rh\u00e5llanden. V\u00e5r flagga finns i en storlek p\u00e5 90 x 150 cm\/35 x 59 tum f\u00f6r maximal synlighet och uppfyller en m\u00e4ngd olika behov, oavsett om du vill visa den p\u00e5 en stolpe eller en v\u00e4gg.<\/p>\n<h3>En nationell symbol som genomsyras av historia<\/h3>\n<p>Den kanadensiska flaggan, \u00e4ven k\u00e4nd som Unifoli\u00e9, k\u00e4nnetecknas av sina tv\u00e5 vertikala r\u00f6da r\u00e4nder och en central vit rand i vilken ett elva-spetsigt r\u00f6tt l\u00f6nnl\u00f6v \u00e4r infogat. Denna flagga antogs den 15 februari 1965 och representerar Kanadas identitet och v\u00e4rderingar. Det r\u00f6da symboliserar mod och uppoffring, h\u00e4mtat fr\u00e5n f\u00f6rsta v\u00e4rldskrigets f\u00e4rger, medan det vita representerar fred och \u00e4rlighet. L\u00f6nnl\u00f6vet har l\u00e4nge varit en symbol f\u00f6r Kanada och representerar enighet, tolerans och fred.<\/p>\n<h3>M\u00e5ngsidiga anv\u00e4ndningsm\u00f6jligheter<\/h3>\n<p>Oavsett om det g\u00e4ller nationella firanden, sportevenemang, officiella ceremonier eller utbildnings\u00e4ndam\u00e5l kan den kanadensiska flaggan anpassas till alla tillf\u00e4llen. Dess robusta design och blekningsbest\u00e4ndiga f\u00e4rger s\u00e4kerst\u00e4ller att flaggan beh\u00e5ller sin betydelse och visuella p\u00e5verkan \u00f6ver tiden.<\/p>","protected":false},"excerpt":{"rendered":"<p>150 x 90 cm flagga med 2 kraftiga metall\u00f6glor f\u00f6r s\u00e4ker upph\u00e4ngning.<\/p>","protected":false},"featured_media":1856,"comment_status":"open","ping_status":"closed","template":"","meta":{"_gspb_post_css":"","iawp_total_views":27},"product_brand":[],"product_cat":[62,58],"product_tag":[],"class_list":{"0":"post-2431","1":"product","2":"type-product","3":"status-publish","4":"has-post-thumbnail","6":"product_cat-north-america-flags","7":"product_cat-country-flags","9":"first","10":"instock","11":"sale","12":"shipping-taxable","13":"purchasable","14":"product-type-simple"},"_links":{"self":[{"href":"https:\/\/cosmoflag.com\/sv\/wp-json\/wp\/v2\/product\/2431","targetHints":{"allow":["GET"]}}],"collection":[{"href":"https:\/\/cosmoflag.com\/sv\/wp-json\/wp\/v2\/product"}],"about":[{"href":"https:\/\/cosmoflag.com\/sv\/wp-json\/wp\/v2\/types\/product"}],"replies":[{"embeddable":true,"href":"https:\/\/cosmoflag.com\/sv\/wp-json\/wp\/v2\/comments?post=2431"}],"wp:featuredmedia":[{"embeddable":true,"href":"https:\/\/cosmoflag.com\/sv\/wp-json\/wp\/v2\/media\/1856"}],"wp:attachment":[{"href":"https:\/\/cosmoflag.com\/sv\/wp-json\/wp\/v2\/media?parent=2431"}],"wp:term":[{"taxonomy":"product_brand","embeddable":true,"href":"https:\/\/cosmoflag.com\/sv\/wp-json\/wp\/v2\/product_brand?post=2431"},{"taxonomy":"product_cat","embeddable":true,"href":"https:\/\/cosmoflag.com\/sv\/wp-json\/wp\/v2\/product_cat?post=2431"},{"taxonomy":"product_tag","embeddable":true,"href":"https:\/\/cosmoflag.com\/sv\/wp-json\/wp\/v2\/product_tag?post=2431"}],"curies":[{"name":"wp","href":"https:\/\/api.w.org\/{rel}","templated":true}]}}