{"id":2405,"date":"2024-12-15T20:52:00","date_gmt":"2024-12-15T18:52:00","guid":{"rendered":"https:\/\/cosmoflag.com\/?post_type=product&#038;p=2405"},"modified":"2025-08-12T21:23:07","modified_gmt":"2025-08-12T19:23:07","slug":"bulgariens-flagga","status":"publish","type":"product","link":"https:\/\/cosmoflag.com\/sv\/product\/bulgariens-flagga\/","title":{"rendered":"Bulgarien Flagga"},"content":{"rendered":"<h3>Bulgarien flagga funktioner<\/h3>\n<p>V\u00e5r Bulgarien-flagga \u00e4r tillverkad av h\u00f6gkvalitativ polyester, vilket g\u00f6r den idealisk f\u00f6r l\u00e5ngvarig anv\u00e4ndning, b\u00e5de inomhus och utomhus. Den har metall\u00f6glor f\u00f6r enkel installation och garanterad h\u00e5llfasthet, \u00e4ven i ogynnsamma v\u00e4derf\u00f6rh\u00e5llanden. V\u00e5r flagga finns i 90 x 150 cm\/35 x 59 tum f\u00f6r maximal synlighet och uppfyller en m\u00e4ngd olika behov, oavsett om du vill visa den p\u00e5 en stolpe eller en v\u00e4gg.<\/p>\n<h3>En nationell symbol som genomsyras av historia<\/h3>\n<p>Bulgariens flagga, som antogs efter att landet \u00e5terfick sin sj\u00e4lvst\u00e4ndighet 1879, best\u00e5r av tre horisontella r\u00e4nder av samma storlek. Den \u00f6vre randen \u00e4r vit och symboliserar fred; den mellersta randen \u00e4r gr\u00f6n och representerar fruktbarheten i bulgariska l\u00e4nder; och den nedre randen \u00e4r r\u00f6d och symboliserar modet och uppoffringen av f\u00f6rf\u00e4der i kampen f\u00f6r frihet.<\/p>\n<h3>M\u00e5ngsidig anv\u00e4ndning<\/h3>\n<p>Oavsett om det g\u00e4ller nationella firanden, sportevenemang, kulturella evenemang eller utbildnings\u00e4ndam\u00e5l \u00e4r den bulgariska flaggan l\u00e4mplig f\u00f6r alla tillf\u00e4llen. Dess robusta design och blekningsbest\u00e4ndiga f\u00e4rger s\u00e4kerst\u00e4ller att flaggan beh\u00e5ller sin betydelse och visuella p\u00e5verkan \u00f6ver tiden.<\/p>","protected":false},"excerpt":{"rendered":"<p>150 x 90 cm flagga med 2 kraftiga metall\u00f6glor f\u00f6r s\u00e4ker upph\u00e4ngning.<\/p>","protected":false},"featured_media":1029,"comment_status":"open","ping_status":"closed","template":"","meta":{"_gspb_post_css":"","iawp_total_views":3},"product_brand":[],"product_cat":[65,58],"product_tag":[],"class_list":{"0":"post-2405","1":"product","2":"type-product","3":"status-publish","4":"has-post-thumbnail","6":"product_cat-europe-flags","7":"product_cat-country-flags","9":"first","10":"instock","11":"sale","12":"shipping-taxable","13":"purchasable","14":"product-type-simple"},"_links":{"self":[{"href":"https:\/\/cosmoflag.com\/sv\/wp-json\/wp\/v2\/product\/2405","targetHints":{"allow":["GET"]}}],"collection":[{"href":"https:\/\/cosmoflag.com\/sv\/wp-json\/wp\/v2\/product"}],"about":[{"href":"https:\/\/cosmoflag.com\/sv\/wp-json\/wp\/v2\/types\/product"}],"replies":[{"embeddable":true,"href":"https:\/\/cosmoflag.com\/sv\/wp-json\/wp\/v2\/comments?post=2405"}],"wp:featuredmedia":[{"embeddable":true,"href":"https:\/\/cosmoflag.com\/sv\/wp-json\/wp\/v2\/media\/1029"}],"wp:attachment":[{"href":"https:\/\/cosmoflag.com\/sv\/wp-json\/wp\/v2\/media?parent=2405"}],"wp:term":[{"taxonomy":"product_brand","embeddable":true,"href":"https:\/\/cosmoflag.com\/sv\/wp-json\/wp\/v2\/product_brand?post=2405"},{"taxonomy":"product_cat","embeddable":true,"href":"https:\/\/cosmoflag.com\/sv\/wp-json\/wp\/v2\/product_cat?post=2405"},{"taxonomy":"product_tag","embeddable":true,"href":"https:\/\/cosmoflag.com\/sv\/wp-json\/wp\/v2\/product_tag?post=2405"}],"curies":[{"name":"wp","href":"https:\/\/api.w.org\/{rel}","templated":true}]}}