{"id":2393,"date":"2024-12-15T19:58:00","date_gmt":"2024-12-15T17:58:00","guid":{"rendered":"https:\/\/cosmoflag.com\/?post_type=product&#038;p=2393"},"modified":"2025-11-30T23:47:06","modified_gmt":"2025-11-30T21:47:06","slug":"maldivernas-flagga","status":"publish","type":"product","link":"https:\/\/cosmoflag.com\/sv\/product\/maldivernas-flagga\/","title":{"rendered":"Maldivernas flagga"},"content":{"rendered":"<h3>Utformning av Maldivernas flagga<\/h3>\n<p>V\u00e5r Maldiverna-flagga \u00e4r tillverkad av h\u00f6gkvalitativ polyester, vilket g\u00f6r den idealisk f\u00f6r h\u00e5llbar inomhus- och utomhusanv\u00e4ndning. Den har metallgenomf\u00f6ringar f\u00f6r enkel installation och ett s\u00e4kert grepp, \u00e4ven under ogynnsamma v\u00e4derf\u00f6rh\u00e5llanden. V\u00e5r flagga finns i 90 x 150 cm\/35 x 59 tum f\u00f6r maximal synlighet och uppfyller en m\u00e4ngd olika behov, oavsett om du vill visa den p\u00e5 en stolpe eller en v\u00e4gg.<\/p>\n<h3>En nationell symbol som genomsyras av historia<\/h3>\n<p>Maldivernas flagga, som antogs 1965, har en r\u00f6d bakgrund med en gr\u00f6n rektangel i mitten och en vit halvm\u00e5ne. Den r\u00f6da f\u00e4rgen symboliserar blodet som spilldes f\u00f6r sj\u00e4lvst\u00e4ndigheten, den gr\u00f6na f\u00e4rgen representerar fred och v\u00e4lst\u00e5nd och m\u00e5nsk\u00e4ran symboliserar islam, som \u00e4r Maldivernas statsreligion. Flaggan symboliserar landets nationella identitet och religi\u00f6sa v\u00e4rderingar.<\/p>\n<h3>M\u00e5ngsidiga anv\u00e4ndningsm\u00f6jligheter<\/h3>\n<p>Oavsett om det g\u00e4ller nationella firanden, sportevenemang, kulturella evenemang eller utbildnings\u00e4ndam\u00e5l \u00e4r den maldiviska flaggan l\u00e4mplig f\u00f6r alla tillf\u00e4llen. Dess robusta design och blekningsbest\u00e4ndiga f\u00e4rger s\u00e4kerst\u00e4ller att flaggan beh\u00e5ller sin betydelse och visuella p\u00e5verkan \u00f6ver tiden.<\/p>","protected":false},"excerpt":{"rendered":"<p>150 x 90 cm flagga med 2 kraftiga metall\u00f6glor f\u00f6r s\u00e4ker upph\u00e4ngning.<\/p>","protected":false},"featured_media":1243,"comment_status":"open","ping_status":"closed","template":"","meta":{"_gspb_post_css":"","iawp_total_views":6},"product_brand":[],"product_cat":[64,58],"product_tag":[],"class_list":{"0":"post-2393","1":"product","2":"type-product","3":"status-publish","4":"has-post-thumbnail","6":"product_cat-asia-flags","7":"product_cat-country-flags","9":"first","10":"instock","11":"sale","12":"shipping-taxable","13":"purchasable","14":"product-type-simple"},"_links":{"self":[{"href":"https:\/\/cosmoflag.com\/sv\/wp-json\/wp\/v2\/product\/2393","targetHints":{"allow":["GET"]}}],"collection":[{"href":"https:\/\/cosmoflag.com\/sv\/wp-json\/wp\/v2\/product"}],"about":[{"href":"https:\/\/cosmoflag.com\/sv\/wp-json\/wp\/v2\/types\/product"}],"replies":[{"embeddable":true,"href":"https:\/\/cosmoflag.com\/sv\/wp-json\/wp\/v2\/comments?post=2393"}],"wp:featuredmedia":[{"embeddable":true,"href":"https:\/\/cosmoflag.com\/sv\/wp-json\/wp\/v2\/media\/1243"}],"wp:attachment":[{"href":"https:\/\/cosmoflag.com\/sv\/wp-json\/wp\/v2\/media?parent=2393"}],"wp:term":[{"taxonomy":"product_brand","embeddable":true,"href":"https:\/\/cosmoflag.com\/sv\/wp-json\/wp\/v2\/product_brand?post=2393"},{"taxonomy":"product_cat","embeddable":true,"href":"https:\/\/cosmoflag.com\/sv\/wp-json\/wp\/v2\/product_cat?post=2393"},{"taxonomy":"product_tag","embeddable":true,"href":"https:\/\/cosmoflag.com\/sv\/wp-json\/wp\/v2\/product_tag?post=2393"}],"curies":[{"name":"wp","href":"https:\/\/api.w.org\/{rel}","templated":true}]}}