{"id":2391,"date":"2024-12-15T19:54:00","date_gmt":"2024-12-15T17:54:00","guid":{"rendered":"https:\/\/cosmoflag.com\/?post_type=product&#038;p=2391"},"modified":"2026-01-04T18:22:50","modified_gmt":"2026-01-04T16:22:50","slug":"venezuela-flagga","status":"publish","type":"product","link":"https:\/\/cosmoflag.com\/sv\/product\/venezuela-flagga\/","title":{"rendered":"Venezuela Flagga"},"content":{"rendered":"<h3>Utformning av den venezuelanska flaggan<\/h3>\n<p>V\u00e5r Venezuela-flagga \u00e4r tillverkad av h\u00f6gkvalitativ polyester, vilket g\u00f6r den idealisk f\u00f6r l\u00e5ngvarig anv\u00e4ndning, b\u00e5de inomhus och utomhus. Den har metall\u00f6glor f\u00f6r enkel installation och ett s\u00e4kert grepp, \u00e4ven i ogynnsamma v\u00e4derf\u00f6rh\u00e5llanden. V\u00e5r flagga finns i 90 x 150 cm\/35 x 59 tum f\u00f6r maximal synlighet och uppfyller en m\u00e4ngd olika behov, oavsett om du vill visa den p\u00e5 en stolpe eller en v\u00e4gg.<\/p>\n<h3>En nationell symbol som genomsyras av historia<\/h3>\n<p>Venezuelas flagga antogs 2006 och har tre horisontella r\u00e4nder av gult, bl\u00e5tt och r\u00f6tt. Den gula randen symboliserar landets rikedom, den bl\u00e5 randen representerar havet som skiljer Venezuela fr\u00e5n Spanien, och den r\u00f6da randen framkallar blodet som kastas f\u00f6r sj\u00e4lvst\u00e4ndighet. \u00c5tta vita stj\u00e4rnor l\u00f6per i b\u00e5gar \u00f6ver den bl\u00e5 randen och representerar de \u00e5tta provinser som st\u00f6dde sj\u00e4lvst\u00e4ndigheten. En b\u00e5ge av sm\u00e5 vita stj\u00e4rnor representerar ocks\u00e5 str\u00e4van efter nationell enhet och \u00e4ra.<\/p>\n<h3>M\u00e5ngsidig anv\u00e4ndning<\/h3>\n<p>Oavsett om det g\u00e4ller nationella firanden, sportevenemang, kulturella evenemang eller utbildnings\u00e4ndam\u00e5l \u00e4r den venezuelanska flaggan l\u00e4mplig f\u00f6r alla tillf\u00e4llen. Dess robusta design och blekningsbest\u00e4ndiga f\u00e4rger s\u00e4kerst\u00e4ller att flaggan beh\u00e5ller sin betydelse och visuella p\u00e5verkan \u00f6ver tiden.<\/p>","protected":false},"excerpt":{"rendered":"<p>150 x 90 cm flagga med 2 kraftiga metall\u00f6glor f\u00f6r s\u00e4ker upph\u00e4ngning.<\/p>","protected":false},"featured_media":1755,"comment_status":"open","ping_status":"closed","template":"","meta":{"_gspb_post_css":"","iawp_total_views":10},"product_brand":[],"product_cat":[63,58],"product_tag":[],"class_list":{"0":"post-2391","1":"product","2":"type-product","3":"status-publish","4":"has-post-thumbnail","6":"product_cat-south-america-flag","7":"product_cat-country-flags","9":"first","10":"instock","11":"sale","12":"shipping-taxable","13":"purchasable","14":"product-type-simple"},"_links":{"self":[{"href":"https:\/\/cosmoflag.com\/sv\/wp-json\/wp\/v2\/product\/2391","targetHints":{"allow":["GET"]}}],"collection":[{"href":"https:\/\/cosmoflag.com\/sv\/wp-json\/wp\/v2\/product"}],"about":[{"href":"https:\/\/cosmoflag.com\/sv\/wp-json\/wp\/v2\/types\/product"}],"replies":[{"embeddable":true,"href":"https:\/\/cosmoflag.com\/sv\/wp-json\/wp\/v2\/comments?post=2391"}],"wp:featuredmedia":[{"embeddable":true,"href":"https:\/\/cosmoflag.com\/sv\/wp-json\/wp\/v2\/media\/1755"}],"wp:attachment":[{"href":"https:\/\/cosmoflag.com\/sv\/wp-json\/wp\/v2\/media?parent=2391"}],"wp:term":[{"taxonomy":"product_brand","embeddable":true,"href":"https:\/\/cosmoflag.com\/sv\/wp-json\/wp\/v2\/product_brand?post=2391"},{"taxonomy":"product_cat","embeddable":true,"href":"https:\/\/cosmoflag.com\/sv\/wp-json\/wp\/v2\/product_cat?post=2391"},{"taxonomy":"product_tag","embeddable":true,"href":"https:\/\/cosmoflag.com\/sv\/wp-json\/wp\/v2\/product_tag?post=2391"}],"curies":[{"name":"wp","href":"https:\/\/api.w.org\/{rel}","templated":true}]}}