{"id":2387,"date":"2024-12-15T19:37:00","date_gmt":"2024-12-15T17:37:00","guid":{"rendered":"https:\/\/cosmoflag.com\/?post_type=product&#038;p=2387"},"modified":"2025-08-12T21:23:16","modified_gmt":"2025-08-12T19:23:16","slug":"mexikos-flagga","status":"publish","type":"product","link":"https:\/\/cosmoflag.com\/sv\/product\/mexikos-flagga\/","title":{"rendered":"Mexikos flagga"},"content":{"rendered":"<h3>Utformning av den mexikanska flaggan<\/h3>\n<p>V\u00e5r Mexiko-flagga \u00e4r tillverkad av h\u00f6gkvalitativ polyester, vilket g\u00f6r den idealisk f\u00f6r h\u00e5llbar inomhus- och utomhusanv\u00e4ndning. Den har metallgenomf\u00f6ringar f\u00f6r enkel installation och garanterad h\u00e5llfasthet, \u00e4ven under ogynnsamma v\u00e4derf\u00f6rh\u00e5llanden. V\u00e5r flagga finns i en storlek p\u00e5 90 x 150 cm\/35 x 59 tum f\u00f6r maximal synlighet och uppfyller en m\u00e4ngd olika behov, oavsett om du vill visa den p\u00e5 en stolpe eller en v\u00e4gg.<\/p>\n<h3>En nationell symbol som genomsyras av historia<\/h3>\n<p>Den mexikanska flaggan, som antogs 1968 men som bygger p\u00e5 tidigare design, best\u00e5r av tre vertikala r\u00e4nder i gr\u00f6nt, vitt och r\u00f6tt. I mitten av den vita randen finns det nationella emblemet, som f\u00f6rest\u00e4ller en mexikansk \u00f6rn som sitter p\u00e5 en nopal (kaktus) och h\u00e5ller en orm i n\u00e4bben. Denna bild \u00e4r mycket symbolisk f\u00f6r Mexiko, eftersom den \u00e4r baserad p\u00e5 en aztekisk legend som indikerade var man skulle hitta huvudstaden Tenochtitlan. Flaggans f\u00e4rger har rika betydelser: gr\u00f6nt representerar hopp och v\u00e4lst\u00e5nd, vitt symboliserar fred och enighet och r\u00f6tt p\u00e5minner om blodet som utgjuts av nationella hj\u00e4ltar.<\/p>\n<h3>M\u00e5ngsidiga anv\u00e4ndningsm\u00f6jligheter<\/h3>\n<p>Oavsett om det g\u00e4ller nationella firanden, sportevenemang, politiska demonstrationer eller utbildnings\u00e4ndam\u00e5l \u00e4r den mexikanska flaggan l\u00e4mplig f\u00f6r alla tillf\u00e4llen. Dess robusta design och blekningsbest\u00e4ndiga f\u00e4rger s\u00e4kerst\u00e4ller att flaggan beh\u00e5ller sin betydelse och visuella p\u00e5verkan \u00f6ver tiden.<\/p>","protected":false},"excerpt":{"rendered":"<p>150 x 90 cm flagga med 2 kraftiga metall\u00f6glor f\u00f6r s\u00e4ker upph\u00e4ngning.<\/p>","protected":false},"featured_media":2388,"comment_status":"open","ping_status":"closed","template":"","meta":{"_gspb_post_css":"","iawp_total_views":76},"product_brand":[],"product_cat":[62,58],"product_tag":[],"class_list":{"0":"post-2387","1":"product","2":"type-product","3":"status-publish","4":"has-post-thumbnail","6":"product_cat-north-america-flags","7":"product_cat-country-flags","9":"first","10":"instock","11":"sale","12":"shipping-taxable","13":"purchasable","14":"product-type-simple"},"_links":{"self":[{"href":"https:\/\/cosmoflag.com\/sv\/wp-json\/wp\/v2\/product\/2387","targetHints":{"allow":["GET"]}}],"collection":[{"href":"https:\/\/cosmoflag.com\/sv\/wp-json\/wp\/v2\/product"}],"about":[{"href":"https:\/\/cosmoflag.com\/sv\/wp-json\/wp\/v2\/types\/product"}],"replies":[{"embeddable":true,"href":"https:\/\/cosmoflag.com\/sv\/wp-json\/wp\/v2\/comments?post=2387"}],"wp:featuredmedia":[{"embeddable":true,"href":"https:\/\/cosmoflag.com\/sv\/wp-json\/wp\/v2\/media\/2388"}],"wp:attachment":[{"href":"https:\/\/cosmoflag.com\/sv\/wp-json\/wp\/v2\/media?parent=2387"}],"wp:term":[{"taxonomy":"product_brand","embeddable":true,"href":"https:\/\/cosmoflag.com\/sv\/wp-json\/wp\/v2\/product_brand?post=2387"},{"taxonomy":"product_cat","embeddable":true,"href":"https:\/\/cosmoflag.com\/sv\/wp-json\/wp\/v2\/product_cat?post=2387"},{"taxonomy":"product_tag","embeddable":true,"href":"https:\/\/cosmoflag.com\/sv\/wp-json\/wp\/v2\/product_tag?post=2387"}],"curies":[{"name":"wp","href":"https:\/\/api.w.org\/{rel}","templated":true}]}}