{"id":2376,"date":"2024-12-15T14:59:00","date_gmt":"2024-12-15T12:59:00","guid":{"rendered":"https:\/\/cosmoflag.com\/?post_type=product&#038;p=2376"},"modified":"2025-08-12T21:23:23","modified_gmt":"2025-08-12T19:23:23","slug":"etiopien-judas-lejon-flagga","status":"publish","type":"product","link":"https:\/\/cosmoflag.com\/sv\/product\/etiopien-judas-lejon-flagga\/","title":{"rendered":"Etiopien Juda Lejon Flagga"},"content":{"rendered":"<h3>Egenskaper hos den etiopiska flaggan med lejon<\/h3>\n<p>V\u00e5r Etiopien-flagga med Juda lejon \u00e4r tillverkad av h\u00f6gkvalitativ polyester, vilket g\u00f6r den idealisk f\u00f6r l\u00e5ngvarig anv\u00e4ndning, oavsett om det \u00e4r inomhus eller utomhus. Den har metall\u00f6glor f\u00f6r enkel installation och ett s\u00e4kert grepp, \u00e4ven i ogynnsamma v\u00e4derf\u00f6rh\u00e5llanden. V\u00e5r flagga finns i 90 x 150 cm\/35 x 59 tum f\u00f6r maximal synlighet och uppfyller en m\u00e4ngd olika behov, oavsett om du vill visa den p\u00e5 en stolpe eller en v\u00e4gg.<\/p>\n<h3>En nationell symbol som genomsyras av historia<\/h3>\n<p>Denna historiska flagga i Etiopien har Judas lejon i mitten, en kraftfull symbol som representerar kung Haile Selassie I och \u00e4r avsedd att understryka den salomoniska dynastins l\u00e4nkar till kung Davids sl\u00e4kt. Flaggans f\u00e4rger, gr\u00f6n, gul och r\u00f6d, \u00e4r ordnade i horisontella band och har en rik betydelse: gr\u00f6n symboliserar jorden och hoppet, gul fred och harmoni och r\u00f6d uppoffring f\u00f6r sj\u00e4lvst\u00e4ndighet. Lejonet av Juda avbildas ofta med en fana och ett kors, som symboliserar seger och den ortodoxa kristna tron.<\/p>\n<h3>M\u00e5ngsidiga anv\u00e4ndningsm\u00f6jligheter<\/h3>\n<p>Denna flagga anv\u00e4nds ofta vid kulturella fester, historiska evenemang och av Rastafari-samh\u00e4llet, som v\u00f6rdar den som en symbol f\u00f6r motst\u00e5nd mot f\u00f6rtryck. Dess robusta design och blekningsbest\u00e4ndiga f\u00e4rger s\u00e4kerst\u00e4ller att flaggan beh\u00e5ller sin betydelse och visuella p\u00e5verkan \u00f6ver tid.<\/p>","protected":false},"excerpt":{"rendered":"<p>150 x 90 cm flagga med 2 kraftiga metall\u00f6glor f\u00f6r s\u00e4ker upph\u00e4ngning.<\/p>","protected":false},"featured_media":1103,"comment_status":"open","ping_status":"closed","template":"","meta":{"_gspb_post_css":"","iawp_total_views":28},"product_brand":[],"product_cat":[60,58],"product_tag":[],"class_list":{"0":"post-2376","1":"product","2":"type-product","3":"status-publish","4":"has-post-thumbnail","6":"product_cat-africa-flags","7":"product_cat-country-flags","9":"first","10":"instock","11":"sale","12":"shipping-taxable","13":"purchasable","14":"product-type-simple"},"_links":{"self":[{"href":"https:\/\/cosmoflag.com\/sv\/wp-json\/wp\/v2\/product\/2376","targetHints":{"allow":["GET"]}}],"collection":[{"href":"https:\/\/cosmoflag.com\/sv\/wp-json\/wp\/v2\/product"}],"about":[{"href":"https:\/\/cosmoflag.com\/sv\/wp-json\/wp\/v2\/types\/product"}],"replies":[{"embeddable":true,"href":"https:\/\/cosmoflag.com\/sv\/wp-json\/wp\/v2\/comments?post=2376"}],"wp:featuredmedia":[{"embeddable":true,"href":"https:\/\/cosmoflag.com\/sv\/wp-json\/wp\/v2\/media\/1103"}],"wp:attachment":[{"href":"https:\/\/cosmoflag.com\/sv\/wp-json\/wp\/v2\/media?parent=2376"}],"wp:term":[{"taxonomy":"product_brand","embeddable":true,"href":"https:\/\/cosmoflag.com\/sv\/wp-json\/wp\/v2\/product_brand?post=2376"},{"taxonomy":"product_cat","embeddable":true,"href":"https:\/\/cosmoflag.com\/sv\/wp-json\/wp\/v2\/product_cat?post=2376"},{"taxonomy":"product_tag","embeddable":true,"href":"https:\/\/cosmoflag.com\/sv\/wp-json\/wp\/v2\/product_tag?post=2376"}],"curies":[{"name":"wp","href":"https:\/\/api.w.org\/{rel}","templated":true}]}}