{"id":2368,"date":"2024-12-15T14:18:00","date_gmt":"2024-12-15T12:18:00","guid":{"rendered":"https:\/\/cosmoflag.com\/?post_type=product&#038;p=2368"},"modified":"2025-08-12T21:23:25","modified_gmt":"2025-08-12T19:23:25","slug":"texas-flagga","status":"publish","type":"product","link":"https:\/\/cosmoflag.com\/sv\/product\/texas-flagga\/","title":{"rendered":"Texas Flagga"},"content":{"rendered":"<h3>Texan Flagga Funktioner<\/h3>\n<p>V\u00e5r Texas-flagga, \u00e4ven k\u00e4nd som \u201cLone Star Flag\u201d, \u00e4r tillverkad av h\u00f6gkvalitativ polyester, vilket g\u00f6r den idealisk f\u00f6r l\u00e5ngvarig anv\u00e4ndning b\u00e5de inomhus och utomhus. Den har metall\u00f6glor f\u00f6r enkel installation och ett s\u00e4kert grepp, \u00e4ven under ogynnsamma v\u00e4derf\u00f6rh\u00e5llanden. V\u00e5r flagga finns i 90 x 150 cm\/35 x 59 tum f\u00f6r maximal synlighet och uppfyller en m\u00e4ngd olika behov, oavsett om du vill visa den p\u00e5 en stolpe eller en v\u00e4gg.<\/p>\n<h3>En nationell symbol som genomsyras av historia<\/h3>\n<p>Texas flagga antogs 1839 och har en vertikal bl\u00e5 rand vid polen som inneh\u00e5ller en enda vit stj\u00e4rna, med tv\u00e5 horisontella r\u00e4nder, en vit och en r\u00f6d. Den bl\u00e5 f\u00e4rgen symboliserar lojalitet, den vita stj\u00e4rnan representerar Guds, statens och alla Texans enhet, medan den vita och r\u00f6da representerar renhet och mod respektive. Denna flagga \u00e4r en kraftfull symbol f\u00f6r Texans identitet och historia som en oberoende nation innan den blev en stat i USA.<\/p>\n<h3>M\u00e5ngsidiga anv\u00e4ndningsm\u00f6jligheter<\/h3>\n<p>Oavsett om det g\u00e4ller statsfester, sportevenemang, samh\u00e4llssammankomster eller som ett pedagogiskt l\u00e4romedel, \u00e4r Texas-flaggan l\u00e4mplig f\u00f6r alla tillf\u00e4llen. Dess robusta design och blekningsbest\u00e4ndiga f\u00e4rger s\u00e4kerst\u00e4ller att flaggan beh\u00e5ller sin betydelse och visuella p\u00e5verkan \u00f6ver tiden.<\/p>","protected":false},"excerpt":{"rendered":"<p>150 x 90 cm flagga med 2 kraftiga metall\u00f6glor f\u00f6r s\u00e4ker upph\u00e4ngning.<\/p>","protected":false},"featured_media":1714,"comment_status":"open","ping_status":"closed","template":"","meta":{"_gspb_post_css":"","iawp_total_views":6},"product_brand":[],"product_cat":[72,70],"product_tag":[],"class_list":{"0":"post-2368","1":"product","2":"type-product","3":"status-publish","4":"has-post-thumbnail","6":"product_cat-american-state-flags","7":"product_cat-regional-flags","9":"first","10":"instock","11":"sale","12":"shipping-taxable","13":"purchasable","14":"product-type-simple"},"_links":{"self":[{"href":"https:\/\/cosmoflag.com\/sv\/wp-json\/wp\/v2\/product\/2368","targetHints":{"allow":["GET"]}}],"collection":[{"href":"https:\/\/cosmoflag.com\/sv\/wp-json\/wp\/v2\/product"}],"about":[{"href":"https:\/\/cosmoflag.com\/sv\/wp-json\/wp\/v2\/types\/product"}],"replies":[{"embeddable":true,"href":"https:\/\/cosmoflag.com\/sv\/wp-json\/wp\/v2\/comments?post=2368"}],"wp:featuredmedia":[{"embeddable":true,"href":"https:\/\/cosmoflag.com\/sv\/wp-json\/wp\/v2\/media\/1714"}],"wp:attachment":[{"href":"https:\/\/cosmoflag.com\/sv\/wp-json\/wp\/v2\/media?parent=2368"}],"wp:term":[{"taxonomy":"product_brand","embeddable":true,"href":"https:\/\/cosmoflag.com\/sv\/wp-json\/wp\/v2\/product_brand?post=2368"},{"taxonomy":"product_cat","embeddable":true,"href":"https:\/\/cosmoflag.com\/sv\/wp-json\/wp\/v2\/product_cat?post=2368"},{"taxonomy":"product_tag","embeddable":true,"href":"https:\/\/cosmoflag.com\/sv\/wp-json\/wp\/v2\/product_tag?post=2368"}],"curies":[{"name":"wp","href":"https:\/\/api.w.org\/{rel}","templated":true}]}}