{"id":2361,"date":"2024-12-14T23:31:00","date_gmt":"2024-12-14T21:31:00","guid":{"rendered":"https:\/\/cosmoflag.com\/?post_type=product&#038;p=2361"},"modified":"2025-08-12T21:23:27","modified_gmt":"2025-08-12T19:23:27","slug":"englands-flagga","status":"publish","type":"product","link":"https:\/\/cosmoflag.com\/sv\/product\/englands-flagga\/","title":{"rendered":"England Flagga"},"content":{"rendered":"<h3>Engelska flaggans egenskaper<\/h3>\n<p>V\u00e5r England-flagga, k\u00e4nd som St George's Cross, \u00e4r tillverkad av h\u00f6gkvalitativ polyester, vilket g\u00f6r den idealisk f\u00f6r l\u00e5ngvarig anv\u00e4ndning, b\u00e5de inomhus och utomhus. Den har metall\u00f6glor f\u00f6r enkel installation och ett s\u00e4kert grepp, \u00e4ven under ogynnsamma v\u00e4derf\u00f6rh\u00e5llanden. V\u00e5r flagga finns i 90 x 150 cm\/35 x 59 tum f\u00f6r maximal synlighet och uppfyller en m\u00e4ngd olika behov, oavsett om du vill visa den p\u00e5 en stolpe eller en v\u00e4gg.<\/p>\n<h3>En nationell symbol som genomsyras av historia<\/h3>\n<p>Englands flagga har ett enkelt r\u00f6tt kors p\u00e5 en vit bakgrund. Korset \u00e4r St George, Englands skyddshelgon, som s\u00e4gs ha besegrat en drake och en symbol f\u00f6r skydd och mod. Denna flagga, som antogs p\u00e5 1200-talet, anv\u00e4ndes ursprungligen av korsfarare och har blivit outpl\u00e5nligt f\u00f6rknippad med England och mod i strid.<\/p>\n<h3>M\u00e5ngsidiga anv\u00e4ndningsm\u00f6jligheter<\/h3>\n<p>Oavsett om det g\u00e4ller nationella firanden, fotbollsmatcher, sportevenemang eller utbildnings\u00e4ndam\u00e5l \u00e4r den engelska flaggan l\u00e4mplig f\u00f6r alla tillf\u00e4llen. Dess robusta design och blekningsbest\u00e4ndiga f\u00e4rger s\u00e4kerst\u00e4ller att flaggan beh\u00e5ller sin betydelse och visuella p\u00e5verkan \u00f6ver tiden.<\/p>","protected":false},"excerpt":{"rendered":"<p>150 x 90 cm flagga med 2 kraftiga metall\u00f6glor f\u00f6r s\u00e4ker upph\u00e4ngning.<\/p>","protected":false},"featured_media":1898,"comment_status":"open","ping_status":"closed","template":"","meta":{"_gspb_post_css":"","iawp_total_views":54},"product_brand":[],"product_cat":[71,70],"product_tag":[],"class_list":{"0":"post-2361","1":"product","2":"type-product","3":"status-publish","4":"has-post-thumbnail","6":"product_cat-united-kingdom-regions-flags","7":"product_cat-regional-flags","9":"first","10":"instock","11":"sale","12":"shipping-taxable","13":"purchasable","14":"product-type-simple"},"_links":{"self":[{"href":"https:\/\/cosmoflag.com\/sv\/wp-json\/wp\/v2\/product\/2361","targetHints":{"allow":["GET"]}}],"collection":[{"href":"https:\/\/cosmoflag.com\/sv\/wp-json\/wp\/v2\/product"}],"about":[{"href":"https:\/\/cosmoflag.com\/sv\/wp-json\/wp\/v2\/types\/product"}],"replies":[{"embeddable":true,"href":"https:\/\/cosmoflag.com\/sv\/wp-json\/wp\/v2\/comments?post=2361"}],"wp:featuredmedia":[{"embeddable":true,"href":"https:\/\/cosmoflag.com\/sv\/wp-json\/wp\/v2\/media\/1898"}],"wp:attachment":[{"href":"https:\/\/cosmoflag.com\/sv\/wp-json\/wp\/v2\/media?parent=2361"}],"wp:term":[{"taxonomy":"product_brand","embeddable":true,"href":"https:\/\/cosmoflag.com\/sv\/wp-json\/wp\/v2\/product_brand?post=2361"},{"taxonomy":"product_cat","embeddable":true,"href":"https:\/\/cosmoflag.com\/sv\/wp-json\/wp\/v2\/product_cat?post=2361"},{"taxonomy":"product_tag","embeddable":true,"href":"https:\/\/cosmoflag.com\/sv\/wp-json\/wp\/v2\/product_tag?post=2361"}],"curies":[{"name":"wp","href":"https:\/\/api.w.org\/{rel}","templated":true}]}}