{"id":2338,"date":"2024-12-13T13:35:00","date_gmt":"2024-12-13T11:35:00","guid":{"rendered":"https:\/\/cosmoflag.com\/?post_type=product&#038;p=2338"},"modified":"2025-08-12T21:23:37","modified_gmt":"2025-08-12T19:23:37","slug":"lettlands-flagga","status":"publish","type":"product","link":"https:\/\/cosmoflag.com\/sv\/product\/lettlands-flagga\/","title":{"rendered":"Lettlands flagga"},"content":{"rendered":"<h3>Lettland flagga funktioner<\/h3>\n<p>V\u00e5r lettiska flagga \u00e4r tillverkad av h\u00f6gkvalitativ polyester, vilket g\u00f6r den idealisk f\u00f6r l\u00e5ngvarig anv\u00e4ndning, b\u00e5de inomhus och utomhus. Den har metallgenomf\u00f6ringar f\u00f6r enkel installation och garanterad h\u00e5llfasthet, \u00e4ven i ogynnsamma v\u00e4derf\u00f6rh\u00e5llanden. V\u00e5r flagga finns i 90 x 150 cm\/35 x 59 tum f\u00f6r maximal synlighet och uppfyller en m\u00e4ngd olika behov, oavsett om du vill visa den p\u00e5 en stolpe eller en v\u00e4gg.<\/p>\n<h3>En nationell symbol som genomsyras av historia<\/h3>\n<p>Lettlands flagga k\u00e4nnetecknas av sina tv\u00e5 horisontella karmosinr\u00f6da r\u00e4nder \u00e5tskilda av ett vitt band. Denna enkla men kraftfulla design antogs f\u00f6rst 1918, vid tidpunkten f\u00f6r Lettlands sj\u00e4lvst\u00e4ndighet, och antogs p\u00e5 nytt 1990 efter slutet av den sovjetiska ockupationen. R\u00f6tt representerar modet och uppoffringen av k\u00e4mparna f\u00f6r sj\u00e4lvst\u00e4ndighet, medan vitt symboliserar r\u00e4ttvisa, sanning och \u00e4ra. Denna flagga \u00e4r inte bara ett dekorativt element; den f\u00f6rkroppsligar det lettiska folkets str\u00e4van efter frihet och suver\u00e4nitet.<\/p>\n<h3>M\u00e5ngsidiga anv\u00e4ndningsm\u00f6jligheter<\/h3>\n<p>Oavsett om det g\u00e4ller nationella firanden, sportevenemang, kulturevenemang eller utbildnings\u00e4ndam\u00e5l \u00e4r den lettiska flaggan l\u00e4mplig f\u00f6r alla tillf\u00e4llen. Dess robusta design och blekningsbest\u00e4ndiga f\u00e4rger s\u00e4kerst\u00e4ller att flaggan beh\u00e5ller sin betydelse och visuella p\u00e5verkan \u00f6ver tiden.<\/p>","protected":false},"excerpt":{"rendered":"<p>150 x 90 cm flagga med 2 kraftiga metall\u00f6glor f\u00f6r s\u00e4ker upph\u00e4ngning.<\/p>","protected":false},"featured_media":2040,"comment_status":"open","ping_status":"closed","template":"","meta":{"_gspb_post_css":"","iawp_total_views":12},"product_brand":[],"product_cat":[65,58],"product_tag":[],"class_list":{"0":"post-2338","1":"product","2":"type-product","3":"status-publish","4":"has-post-thumbnail","6":"product_cat-europe-flags","7":"product_cat-country-flags","9":"first","10":"instock","11":"sale","12":"shipping-taxable","13":"purchasable","14":"product-type-simple"},"_links":{"self":[{"href":"https:\/\/cosmoflag.com\/sv\/wp-json\/wp\/v2\/product\/2338","targetHints":{"allow":["GET"]}}],"collection":[{"href":"https:\/\/cosmoflag.com\/sv\/wp-json\/wp\/v2\/product"}],"about":[{"href":"https:\/\/cosmoflag.com\/sv\/wp-json\/wp\/v2\/types\/product"}],"replies":[{"embeddable":true,"href":"https:\/\/cosmoflag.com\/sv\/wp-json\/wp\/v2\/comments?post=2338"}],"wp:featuredmedia":[{"embeddable":true,"href":"https:\/\/cosmoflag.com\/sv\/wp-json\/wp\/v2\/media\/2040"}],"wp:attachment":[{"href":"https:\/\/cosmoflag.com\/sv\/wp-json\/wp\/v2\/media?parent=2338"}],"wp:term":[{"taxonomy":"product_brand","embeddable":true,"href":"https:\/\/cosmoflag.com\/sv\/wp-json\/wp\/v2\/product_brand?post=2338"},{"taxonomy":"product_cat","embeddable":true,"href":"https:\/\/cosmoflag.com\/sv\/wp-json\/wp\/v2\/product_cat?post=2338"},{"taxonomy":"product_tag","embeddable":true,"href":"https:\/\/cosmoflag.com\/sv\/wp-json\/wp\/v2\/product_tag?post=2338"}],"curies":[{"name":"wp","href":"https:\/\/api.w.org\/{rel}","templated":true}]}}